{"id":651,"date":"2018-03-12T05:20:24","date_gmt":"2018-03-12T05:20:24","guid":{"rendered":"https:\/\/bucknergt.org\/?post_type=product&#038;p=651"},"modified":"2021-11-08T16:03:09","modified_gmt":"2021-11-08T16:03:09","slug":"un-filtro-purificador","status":"publish","type":"product","link":"https:\/\/bucknergt.org\/index.php\/producto\/un-filtro-purificador\/","title":{"rendered":"Sistema de filtraci\u00f3n de agua por gravedad"},"content":{"rendered":"","protected":false},"excerpt":{"rendered":"<p>La importancia de que las familias puedan contar con un filtro es porque reduce el riesgo de enfermedades gastrointestinales, ya que cuentan con una mejor calidad de agua para la limpieza de frutas y vegetales, como en la preparaci\u00f3n de estos y otros alimentos. Adem\u00e1s, mejora el sabor, haci\u00e9ndola m\u00e1s agradable para el consumo de los ni\u00f1os.<\/p>\n","protected":false},"featured_media":2684,"template":"","meta":[],"product_brand":[],"product_cat":[18],"product_tag":[],"class_list":{"0":"post-651","1":"product","2":"type-product","3":"status-publish","4":"has-post-thumbnail","6":"product_cat-regalos","8":"first","9":"instock","10":"virtual","11":"purchasable","12":"product-type-simple"},"_links":{"self":[{"href":"https:\/\/bucknergt.org\/index.php\/wp-json\/wp\/v2\/product\/651","targetHints":{"allow":["GET"]}}],"collection":[{"href":"https:\/\/bucknergt.org\/index.php\/wp-json\/wp\/v2\/product"}],"about":[{"href":"https:\/\/bucknergt.org\/index.php\/wp-json\/wp\/v2\/types\/product"}],"wp:featuredmedia":[{"embeddable":true,"href":"https:\/\/bucknergt.org\/index.php\/wp-json\/wp\/v2\/media\/2684"}],"wp:attachment":[{"href":"https:\/\/bucknergt.org\/index.php\/wp-json\/wp\/v2\/media?parent=651"}],"wp:term":[{"taxonomy":"product_brand","embeddable":true,"href":"https:\/\/bucknergt.org\/index.php\/wp-json\/wp\/v2\/product_brand?post=651"},{"taxonomy":"product_cat","embeddable":true,"href":"https:\/\/bucknergt.org\/index.php\/wp-json\/wp\/v2\/product_cat?post=651"},{"taxonomy":"product_tag","embeddable":true,"href":"https:\/\/bucknergt.org\/index.php\/wp-json\/wp\/v2\/product_tag?post=651"}],"curies":[{"name":"wp","href":"https:\/\/api.w.org\/{rel}","templated":true}]}}