{"id":507,"date":"2018-03-06T23:05:40","date_gmt":"2018-03-06T23:05:40","guid":{"rendered":"https:\/\/bucknergt.org\/?post_type=product&#038;p=507"},"modified":"2021-11-15T16:18:11","modified_gmt":"2021-11-15T16:18:11","slug":"un-par-de-zapatos-nuevos-con-calcetin-o-calceta","status":"publish","type":"product","link":"https:\/\/bucknergt.org\/index.php\/producto\/un-par-de-zapatos-nuevos-con-calcetin-o-calceta\/","title":{"rendered":"Un par de zapatos nuevos (con un par de calcetines o calcetas)."},"content":{"rendered":"","protected":false},"excerpt":{"rendered":"<p>Los zapatos son b\u00e1sicos para la salud, muchos par\u00e1sitos y enfermedades entran en el cuerpo por los pies, un par de zapatos nuevos puede evitar enfermedades y proteger a un ni\u00f1o.<\/p>\n<p>Estos son de beneficio a ni\u00f1os y ni\u00f1as en las comunidades, como para las familias en asesor\u00eda a trav\u00e9s de nuestros Centros de Esperanza Familiar.<\/p>\n","protected":false},"featured_media":2688,"template":"","meta":[],"product_brand":[],"product_cat":[18],"product_tag":[],"class_list":{"0":"post-507","1":"product","2":"type-product","3":"status-publish","4":"has-post-thumbnail","6":"product_cat-regalos","8":"first","9":"instock","10":"virtual","11":"purchasable","12":"product-type-simple"},"_links":{"self":[{"href":"https:\/\/bucknergt.org\/index.php\/wp-json\/wp\/v2\/product\/507","targetHints":{"allow":["GET"]}}],"collection":[{"href":"https:\/\/bucknergt.org\/index.php\/wp-json\/wp\/v2\/product"}],"about":[{"href":"https:\/\/bucknergt.org\/index.php\/wp-json\/wp\/v2\/types\/product"}],"wp:featuredmedia":[{"embeddable":true,"href":"https:\/\/bucknergt.org\/index.php\/wp-json\/wp\/v2\/media\/2688"}],"wp:attachment":[{"href":"https:\/\/bucknergt.org\/index.php\/wp-json\/wp\/v2\/media?parent=507"}],"wp:term":[{"taxonomy":"product_brand","embeddable":true,"href":"https:\/\/bucknergt.org\/index.php\/wp-json\/wp\/v2\/product_brand?post=507"},{"taxonomy":"product_cat","embeddable":true,"href":"https:\/\/bucknergt.org\/index.php\/wp-json\/wp\/v2\/product_cat?post=507"},{"taxonomy":"product_tag","embeddable":true,"href":"https:\/\/bucknergt.org\/index.php\/wp-json\/wp\/v2\/product_tag?post=507"}],"curies":[{"name":"wp","href":"https:\/\/api.w.org\/{rel}","templated":true}]}}