{"id":2681,"date":"2021-08-02T23:57:47","date_gmt":"2021-08-02T23:57:47","guid":{"rendered":"https:\/\/bucknergt.org\/?post_type=product&#038;p=2681"},"modified":"2021-11-15T16:40:24","modified_gmt":"2021-11-15T16:40:24","slug":"viveres","status":"publish","type":"product","link":"https:\/\/bucknergt.org\/index.php\/producto\/viveres\/","title":{"rendered":"V\u00edveres"},"content":{"rendered":"","protected":false},"excerpt":{"rendered":"<div class=\"page\" title=\"Page 42\">\n<div class=\"layoutArea\">\n<div class=\"column\">\n<p>Donaci\u00f3n de v\u00edveres: arroz, frijol, pasta, atol, caf\u00e9, pasta de dientes, jab\u00f3n, mascarillas entre otros.<\/p>\n<p>Nuestras familias, a ra\u00edz del COVID-19, est\u00e1n atravesando por una crisis, por lo que tu aporte para entregarles v\u00edveres es de gran ayuda, mientras vencen est\u00e1 adversidad.<\/p>\n<\/div>\n<\/div>\n<\/div>\n","protected":false},"featured_media":3589,"template":"","meta":[],"product_brand":[],"product_cat":[18],"product_tag":[],"class_list":{"0":"post-2681","1":"product","2":"type-product","3":"status-publish","4":"has-post-thumbnail","6":"product_cat-regalos","8":"first","9":"instock","10":"virtual","11":"purchasable","12":"product-type-simple"},"_links":{"self":[{"href":"https:\/\/bucknergt.org\/index.php\/wp-json\/wp\/v2\/product\/2681","targetHints":{"allow":["GET"]}}],"collection":[{"href":"https:\/\/bucknergt.org\/index.php\/wp-json\/wp\/v2\/product"}],"about":[{"href":"https:\/\/bucknergt.org\/index.php\/wp-json\/wp\/v2\/types\/product"}],"wp:featuredmedia":[{"embeddable":true,"href":"https:\/\/bucknergt.org\/index.php\/wp-json\/wp\/v2\/media\/3589"}],"wp:attachment":[{"href":"https:\/\/bucknergt.org\/index.php\/wp-json\/wp\/v2\/media?parent=2681"}],"wp:term":[{"taxonomy":"product_brand","embeddable":true,"href":"https:\/\/bucknergt.org\/index.php\/wp-json\/wp\/v2\/product_brand?post=2681"},{"taxonomy":"product_cat","embeddable":true,"href":"https:\/\/bucknergt.org\/index.php\/wp-json\/wp\/v2\/product_cat?post=2681"},{"taxonomy":"product_tag","embeddable":true,"href":"https:\/\/bucknergt.org\/index.php\/wp-json\/wp\/v2\/product_tag?post=2681"}],"curies":[{"name":"wp","href":"https:\/\/api.w.org\/{rel}","templated":true}]}}