{"id":845,"date":"2018-03-15T17:53:47","date_gmt":"2018-03-15T17:53:47","guid":{"rendered":"https:\/\/bucknergt.org\/?page_id=845"},"modified":"2024-10-10T21:53:17","modified_gmt":"2024-10-10T21:53:17","slug":"alianzas-estrategicas","status":"publish","type":"page","link":"https:\/\/bucknergt.org\/index.php\/nosotros\/alianzas-estrategicas\/","title":{"rendered":"Alianzas Estrat\u00e9gicas"},"content":{"rendered":"<div class=\"wpb-content-wrapper\"><p>[vc_row full_width=&#8221;stretch_row&#8221; css=&#8221;.vc_custom_1691699444105{padding-top: 5% !important;padding-bottom: 5% !important;background-color: #eef3fa !important;}&#8221;][vc_column][vc_custom_heading text=&#8221;Alianzas&#8221; font_container=&#8221;tag:h2|text_align:center&#8221; use_theme_fonts=&#8221;yes&#8221;][\/vc_column][\/vc_row][vc_row][vc_column width=&#8221;1\/3&#8243;][vc_single_image image=&#8221;4689&#8243; img_size=&#8221;full&#8221;][\/vc_column][vc_column width=&#8221;2\/3&#8243;][vc_column_text]<\/p>\n<p style=\"text-align: justify;\">Es una instituci\u00f3n especializada en la atenci\u00f3n a la ni\u00f1ez y adolescencia vulnerada y amenazada en sus derechos, mediante programas y servicios de prevenci\u00f3n, protecci\u00f3n integral, reinserci\u00f3n y resocializaci\u00f3n a nivel nacional con equidad e igualdad.<\/p>\n<p>[\/vc_column_text][\/vc_column][\/vc_row][vc_row][vc_column][vc_separator color=&#8221;custom&#8221; accent_color=&#8221;#edb910&#8243;][\/vc_column][\/vc_row][vc_row][vc_column width=&#8221;1\/3&#8243;][vc_single_image image=&#8221;4691&#8243; img_size=&#8221;full&#8221;][\/vc_column][vc_column width=&#8221;2\/3&#8243;][vc_column_text]<\/p>\n<p style=\"text-align: justify;\">Est\u00e1 orientada a la asesor\u00eda jur\u00eddica y consultor\u00eda de la administraci\u00f3n p\u00fablica, ejerciendo la personer\u00eda del Estado de Guatemala, a trav\u00e9s de la Procuradora General de la Naci\u00f3n. La instituci\u00f3n representa y defiende a los ni\u00f1os, ni\u00f1as y adolescentes, a las mujeres, adultos mayores y a las personas declaradas ausentes y en estado de interdicci\u00f3n, de conformidad con las leyes.<\/p>\n<p>[\/vc_column_text][\/vc_column][\/vc_row][vc_row][vc_column][vc_separator color=&#8221;custom&#8221; accent_color=&#8221;#edb910&#8243;][\/vc_column][\/vc_row][vc_row][vc_column width=&#8221;1\/3&#8243;][vc_single_image image=&#8221;4692&#8243; img_size=&#8221;full&#8221;][\/vc_column][vc_column width=&#8221;2\/3&#8243;][vc_column_text]<\/p>\n<p style=\"text-align: justify;\">Ejercer la rector\u00eda del Sector Salud con la participaci\u00f3n social, para proveer servicios de atenci\u00f3n integral a la poblaci\u00f3n, con equidad y calidad mediante el funcionamiento de redes integradas de salud en sus tres niveles, con el uso eficiente y transparente de los recursos.<\/p>\n<p>[\/vc_column_text][\/vc_column][\/vc_row][vc_row][vc_column][vc_separator color=&#8221;custom&#8221; accent_color=&#8221;#edb910&#8243;][\/vc_column][\/vc_row][vc_row][vc_column width=&#8221;1\/3&#8243;][vc_single_image image=&#8221;4693&#8243; img_size=&#8221;full&#8221;][\/vc_column][vc_column width=&#8221;2\/3&#8243;][vc_column_text]<\/p>\n<p style=\"text-align: justify;\">Es una instituci\u00f3n evolutiva, organizada, eficiente y eficaz, generadora de oportunidades de ense\u00f1anza-aprendizaje, orientada a resultados, que aprovecha diligentemente las oportunidades que el siglo XXI le brinda y comprometida con una Guatemala mejor.<\/p>\n<p>[\/vc_column_text][\/vc_column][\/vc_row][vc_row][vc_column][vc_separator color=&#8221;custom&#8221; accent_color=&#8221;#edb910&#8243;][\/vc_column][\/vc_row][vc_row][vc_column width=&#8221;1\/3&#8243;][vc_single_image image=&#8221;4682&#8243; img_size=&#8221;200&#8243; alignment=&#8221;center&#8221;][\/vc_column][vc_column width=&#8221;2\/3&#8243;][vc_empty_space][vc_column_text]<\/p>\n<p style=\"text-align: justify;\">Por mandato constitucional, la entidad rectora del programa de alfabetizaci\u00f3n a nivel nacional, encargada de coordinar, promover, organizar y normar la ejecuci\u00f3n del mismo, mediante procesos innovadores e integrales, con pertinencia \u00e9tnica, cultural y ling\u00fc\u00edstica, en cumplimiento con los mandatos y compromisos internacionales.<\/p>\n<p>[\/vc_column_text][\/vc_column][\/vc_row][vc_row][vc_column][vc_separator color=&#8221;custom&#8221; accent_color=&#8221;#edb910&#8243;][\/vc_column][\/vc_row][vc_row][vc_column width=&#8221;1\/3&#8243;][vc_single_image image=&#8221;4695&#8243; img_size=&#8221;full&#8221;][vc_empty_space][\/vc_column][vc_column width=&#8221;2\/3&#8243;][vc_column_text]<\/p>\n<p style=\"text-align: justify;\">Es la entidad oficial que mediante la prestaci\u00f3n de servicios de calidad y utilizando tecnolog\u00eda innovadora, contribuimos con la protecci\u00f3n y desarrollo del patrimonio agropecuario a trav\u00e9s de la aplicaci\u00f3n de normas claras y estables que facilite el intercambio comercial.<\/p>\n<p>[\/vc_column_text][\/vc_column][\/vc_row][vc_row][vc_column][vc_separator color=&#8221;custom&#8221; accent_color=&#8221;#edb910&#8243;][\/vc_column][\/vc_row][vc_row][vc_column width=&#8221;1\/3&#8243;][vc_single_image image=&#8221;4684&#8243; img_size=&#8221;full&#8221;][vc_empty_space][\/vc_column][vc_column width=&#8221;2\/3&#8243;][vc_column_text]<\/p>\n<p style=\"text-align: justify;\">Es una instituci\u00f3n evolutiva, organizada, eficiente y eficaz, generadora de oportunidades de ense\u00f1anza- aprendizaje, orientada a resultados, que aprovecha diligentemente las oportunidades que el siglo XXI le brinda y comprometida con una Guatemala mejor.<\/p>\n<p>[\/vc_column_text][\/vc_column][\/vc_row][vc_row][vc_column][vc_separator color=&#8221;custom&#8221; accent_color=&#8221;#edb910&#8243;][\/vc_column][\/vc_row][vc_row][vc_column width=&#8221;1\/3&#8243;][vc_single_image image=&#8221;4685&#8243; img_size=&#8221;full&#8221;][\/vc_column][vc_column width=&#8221;2\/3&#8243;][vc_empty_space][vc_column_text]<\/p>\n<p style=\"text-align: justify;\">Servir a cada familia pinulteca, con transparencia y equidad de g\u00e9nero para establecer un municipio seguro, pr\u00f3spero y en desarrollo integral y as\u00ed alcanzar una mejor calidad de vida para todos sus habitantes.<\/p>\n<p>[\/vc_column_text][\/vc_column][\/vc_row][vc_row][vc_column][vc_separator color=&#8221;custom&#8221; accent_color=&#8221;#edb910&#8243;][\/vc_column][\/vc_row][vc_row][vc_column width=&#8221;1\/3&#8243;][vc_empty_space height=&#8221;52px&#8221;][vc_single_image image=&#8221;2960&#8243; img_size=&#8221;full&#8221;][\/vc_column][vc_column width=&#8221;2\/3&#8243;][vc_column_text]<\/p>\n<p style=\"text-align: justify;\">Es la encargada de coordinar, planificar, verificar, evaluar y apoyar la ejecuci\u00f3n de las pol\u00edticas, estrategias, programas y proyectos en el \u00e1mbito educativo, en funci\u00f3n de la identificaci\u00f3n de las necesidades locales, gestionando los recursos financieros, materiales y humanos necesarios para el cumplimiento de los planes y programas educativos, buscando la ampliaci\u00f3n de la cobertura educativa, el mejoramiento de la calidad de la educaci\u00f3n y la eficiencia administrativa.<\/p>\n<p>[\/vc_column_text][\/vc_column][\/vc_row][vc_row][vc_column][vc_separator color=&#8221;custom&#8221; accent_color=&#8221;#edb910&#8243;][\/vc_column][\/vc_row][vc_row][vc_column width=&#8221;1\/3&#8243;][vc_empty_space height=&#8221;42px&#8221;][vc_single_image image=&#8221;2988&#8243; img_size=&#8221;full&#8221;][\/vc_column][vc_column width=&#8221;2\/3&#8243;][vc_column_text]<\/p>\n<p style=\"text-align: justify;\">Como parte del Ministerio de Educaci\u00f3n, la Direccione Departamental de Educaci\u00f3n Guatemala Oriente comparte la misi\u00f3n de ser una instituci\u00f3n evolutiva, organizada, eficiente y eficaz, generadora de oportunidades de ense\u00f1anza-aprendizaje, orientada a resultados, que aprovecha diligentemente las oportunidades que el siglo XXI le brinda y comprometida con una Guatemala mejor.<\/p>\n<p>[\/vc_column_text][\/vc_column][\/vc_row][vc_row][vc_column][vc_separator color=&#8221;custom&#8221; accent_color=&#8221;#edb910&#8243;][\/vc_column][\/vc_row][vc_row][vc_column width=&#8221;1\/3&#8243;][vc_single_image image=&#8221;4703&#8243; img_size=&#8221;full&#8221;][\/vc_column][vc_column width=&#8221;2\/3&#8243;][vc_empty_space][vc_column_text]<\/p>\n<p style=\"text-align: justify;\">InterContinental\u00ae y todas las marcas de hoteles y complejos tur\u00edsticos IHG buscan nuevas formas de atender a nuestras comunidades y brindar confort y True Hospitality a todo el mundo.<\/p>\n<p>[\/vc_column_text][\/vc_column][\/vc_row][vc_row][vc_column][vc_separator color=&#8221;custom&#8221; accent_color=&#8221;#edb910&#8243;][\/vc_column][\/vc_row][vc_row][vc_column width=&#8221;1\/3&#8243;][vc_single_image image=&#8221;4688&#8243; img_size=&#8221;full&#8221;][\/vc_column][vc_column width=&#8221;2\/3&#8243;][vc_column_text]<\/p>\n<p style=\"text-align: justify;\">En TELUS International, sabemos que ofrecer la mejor experiencia digital y al cliente es crucial para las marcas de mejor desempe\u00f1o. Para que seamos su verdadero embajador de marca, debe confiar en nuestras capacidades, experiencia y conocimientos. Conozca a nuestro equipo de liderazgo y aprenda c\u00f3mo podemos ayudar a hacer avanzar su negocio, juntos.<\/p>\n<p>[\/vc_column_text][\/vc_column][\/vc_row][vc_row][vc_column][vc_separator color=&#8221;custom&#8221; accent_color=&#8221;#edb910&#8243;][\/vc_column][\/vc_row][vc_row][vc_column width=&#8221;1\/3&#8243;][vc_single_image image=&#8221;2967&#8243; img_size=&#8221;180&#215;180&#8243; alignment=&#8221;center&#8221;][\/vc_column][vc_column width=&#8221;2\/3&#8243;][vc_empty_space][vc_column_text]<\/p>\n<p style=\"text-align: justify;\">CEMACO es la cadena de tiendas especializada en productos de mejoras para el hogar, l\u00edder en las \u00e1reas de ferreter\u00eda, hogar y decoraci\u00f3n en Guatemala, que por m\u00e1s de 35 a\u00f1os ha formado parte de los hogares guatemaltecos ofreci\u00e9ndoles productos de calidad.<\/p>\n<p>[\/vc_column_text][\/vc_column][\/vc_row][vc_row][vc_column][vc_separator color=&#8221;custom&#8221; accent_color=&#8221;#edb910&#8243;][\/vc_column][\/vc_row][vc_row][vc_column width=&#8221;1\/3&#8243;][vc_single_image image=&#8221;4711&#8243; img_size=&#8221;full&#8221; alignment=&#8221;center&#8221;][\/vc_column][vc_column width=&#8221;2\/3&#8243;][vc_empty_space][vc_column_text]<\/p>\n<p style=\"text-align: justify;\">Corporaci\u00f3n Fox es la m\u00e1s grande selecci\u00f3n Online de Tecnolog\u00eda de Entretenimiento, Juguetes, Libros y Art\u00edculos de Belleza en Guatemala.<\/p>\n<p>[\/vc_column_text][\/vc_column][\/vc_row][vc_row][vc_column][vc_separator color=&#8221;custom&#8221; accent_color=&#8221;#edb910&#8243;][\/vc_column][\/vc_row][vc_row][vc_column width=&#8221;1\/3&#8243;][vc_single_image image=&#8221;4718&#8243; img_size=&#8221;full&#8221; alignment=&#8221;center&#8221;][\/vc_column][vc_column width=&#8221;2\/3&#8243;][vc_empty_space][vc_column_text]<\/p>\n<p style=\"text-align: justify;\">Viaventure se especializa en experiencias fuera de lo com\u00fan a medida, servicio al cliente excepcional y toques inesperados, hemos estado operando tours de gran \u00e9xito y programas de viajes experienciales en Am\u00e9rica Central desde 2001.<\/p>\n<p>[\/vc_column_text][\/vc_column][\/vc_row][vc_row][vc_column][vc_separator color=&#8221;custom&#8221; accent_color=&#8221;#edb910&#8243;][\/vc_column][\/vc_row][vc_row][vc_column width=&#8221;1\/3&#8243;][vc_single_image image=&#8221;4712&#8243; img_size=&#8221;full&#8221;][\/vc_column][vc_column width=&#8221;2\/3&#8243;][vc_empty_space][vc_column_text]Domenicci Pizza es una Pizzer\u00eda artesanal de producto local.[\/vc_column_text][\/vc_column][\/vc_row][vc_row][vc_column][vc_separator color=&#8221;custom&#8221; accent_color=&#8221;#edb910&#8243;][\/vc_column][\/vc_row][vc_row][vc_column width=&#8221;1\/3&#8243;][vc_single_image image=&#8221;4721&#8243; img_size=&#8221;full&#8221; alignment=&#8221;center&#8221;][\/vc_column][vc_column width=&#8221;2\/3&#8243;][vc_column_text]<\/p>\n<p style=\"text-align: justify;\">ARECA empresa Agroindustrial, elaboramos alimentos para animales en \u00fanica la planta tecnificada en Centroam\u00e9rica, contamos con variedad de alimentos balanceados para pollo, cerdo, ganado, camar\u00f3n, tilapia y mascotas.<\/p>\n<p>[\/vc_column_text][\/vc_column][\/vc_row][vc_row][vc_column][vc_separator color=&#8221;custom&#8221; accent_color=&#8221;#edb910&#8243;][\/vc_column][\/vc_row][vc_row][vc_column width=&#8221;1\/3&#8243;][vc_single_image image=&#8221;4732&#8243; img_size=&#8221;full&#8221; alignment=&#8221;center&#8221;][\/vc_column][vc_column width=&#8221;2\/3&#8243;][vc_column_text]<\/p>\n<p style=\"text-align: justify;\">CONSTRUMART ofrecer las mejores soluciones en productos, servicios y asesor\u00eda de materiales de construcci\u00f3n y ferreter\u00eda, bas\u00e1ndonos en una ubicaci\u00f3n, precio y servicio de primera calidad que colabore en la realizaci\u00f3n de los proyectos de nuestros clientes.<\/p>\n<p>[\/vc_column_text][\/vc_column][\/vc_row][vc_row][vc_column][vc_separator color=&#8221;custom&#8221; accent_color=&#8221;#edb910&#8243;][\/vc_column][\/vc_row][vc_row][vc_column width=&#8221;1\/3&#8243;][vc_empty_space height=&#8221;12px&#8221;][vc_single_image image=&#8221;4722&#8243; img_size=&#8221;full&#8221; alignment=&#8221;center&#8221;][\/vc_column][vc_column width=&#8221;2\/3&#8243;][vc_column_text]<\/p>\n<p style=\"text-align: justify;\">Fundaci\u00f3n Azteca Guatemala es la organizaci\u00f3n que impulsa, tanto responsabilidad social empresarial, como conciencia social. Es la organizaci\u00f3n m\u00e1s independiente, transparente y con experiencia que genera conciencia y acciones concretas para lograr la mayor transformaci\u00f3n social y ecol\u00f3gica de Guatemala.<\/p>\n<p>[\/vc_column_text][\/vc_column][\/vc_row][vc_row][vc_column][vc_separator color=&#8221;custom&#8221; accent_color=&#8221;#edb910&#8243;][\/vc_column][\/vc_row][vc_row][vc_column width=&#8221;1\/3&#8243;][vc_single_image image=&#8221;4715&#8243; img_size=&#8221;full&#8221;][\/vc_column][vc_column width=&#8221;2\/3&#8243;][vc_empty_space height=&#8221;62px&#8221;][vc_column_text]<\/p>\n<p style=\"text-align: justify;\">Es un movimiento cristiano referente en la protecci\u00f3n de la ni\u00f1ez, provee estrategias coherentes y fortalece las competencias de la iglesia para provocar cambios sociales enfocados en mitigar cualquier tipo de violencia.<\/p>\n<p>[\/vc_column_text][\/vc_column][\/vc_row][vc_row][vc_column][vc_separator color=&#8221;custom&#8221; accent_color=&#8221;#edb910&#8243;][\/vc_column][\/vc_row][vc_row][vc_column width=&#8221;1\/3&#8243;][vc_single_image image=&#8221;4727&#8243; img_size=&#8221;full&#8221; alignment=&#8221;center&#8221;][\/vc_column][vc_column width=&#8221;2\/3&#8243;][vc_column_text]<\/p>\n<p style=\"text-align: justify;\">International Justice Mission es una organizaci\u00f3n global que protege a las personas en situaci\u00f3n de pobreza de la violencia. La misi\u00f3n de IJM es proteger a las personas en la pobreza de la violencia rescatando a las v\u00edctimas, llevando a los criminales ante la justicia, restaurando a los sobrevivientes a la seguridad y la fuerza, y ayudando a las fuerzas del orden locales a construir un futuro seguro que dure.<\/p>\n<p>[\/vc_column_text][\/vc_column][\/vc_row][vc_row][vc_column][vc_separator color=&#8221;custom&#8221; accent_color=&#8221;#edb910&#8243;][\/vc_column][\/vc_row][vc_row][vc_column width=&#8221;1\/3&#8243;][vc_single_image image=&#8221;4738&#8243; img_size=&#8221;full&#8221; alignment=&#8221;center&#8221;][\/vc_column][vc_column width=&#8221;2\/3&#8243;][vc_empty_space][vc_column_text]<\/p>\n<p style=\"text-align: justify;\">Es un grupo de j\u00f3venes jocotecos que trabajan con excelencia para servir a las personas que lo necesitan en su comunidad, desarrollando y fomentando el liderazgo de los vecinos y dem\u00e1s personas de su comunidad.<\/p>\n<p>[\/vc_column_text][\/vc_column][\/vc_row][vc_row][vc_column][vc_separator color=&#8221;custom&#8221; accent_color=&#8221;#edb910&#8243;][\/vc_column][\/vc_row][vc_row][vc_column width=&#8221;1\/3&#8243;][vc_single_image image=&#8221;4739&#8243; img_size=&#8221;full&#8221; alignment=&#8221;center&#8221;][vc_empty_space][\/vc_column][vc_column width=&#8221;2\/3&#8243;][vc_column_text]<\/p>\n<p style=\"text-align: justify;\">Es una plataforma que fortalece y defiende los valores que sustentan una sociedad guatemalteca s\u00f3lida, a trav\u00e9s de la protecci\u00f3n de la vida, familia y libertad con acciones de incidencia pol\u00edtica, formaci\u00f3n y comunicaci\u00f3n en distintas esferas. Promueven la estabilidad y las condiciones \u00f3ptimas para el desarrollo integral de la familia.<\/p>\n<p>[\/vc_column_text][\/vc_column][\/vc_row][vc_row][vc_column][vc_separator color=&#8221;custom&#8221; accent_color=&#8221;#edb910&#8243;][\/vc_column][\/vc_row][vc_row][vc_column width=&#8221;1\/3&#8243;][vc_single_image image=&#8221;2969&#8243; img_size=&#8221;full&#8221;][\/vc_column][vc_column width=&#8221;2\/3&#8243;][vc_empty_space][vc_column_text]<\/p>\n<p style=\"text-align: justify;\">Es un ministerio de defensa de los ni\u00f1os que empareja a personas compasivas con ni\u00f1os que viven en la pobreza extrema para liberar a los ni\u00f1os de la pobreza espiritual, econ\u00f3mica, social y f\u00edsica.<\/p>\n<p>[\/vc_column_text][\/vc_column][\/vc_row][vc_row][vc_column][vc_separator color=&#8221;custom&#8221; accent_color=&#8221;#edb910&#8243;][\/vc_column][\/vc_row][vc_row][vc_column width=&#8221;1\/3&#8243;][vc_single_image image=&#8221;4743&#8243; img_size=&#8221;full&#8221; alignment=&#8221;center&#8221;][\/vc_column][vc_column width=&#8221;2\/3&#8243;][vc_column_text]<\/p>\n<p style=\"text-align: justify;\">Iniciativa i58 es un movimiento que nos invita a todos a unirnos e involucrarnos en acciones concretas para \u201cAcelerar el Fin de la Pobreza\u201d. Guatemala no puede esperar m\u00e1s. El cambio no viene de afuera. El cambio somos nosotros mismos. Dios nos invita a convertir nuestra espiritualidad en acciones (Isa\u00edas 58).<\/p>\n<p>[\/vc_column_text][\/vc_column][\/vc_row][vc_row][vc_column][vc_separator color=&#8221;custom&#8221; accent_color=&#8221;#edb910&#8243;][\/vc_column][\/vc_row][vc_row][vc_column width=&#8221;1\/3&#8243;][vc_single_image image=&#8221;4744&#8243; img_size=&#8221;full&#8221; alignment=&#8221;center&#8221;][\/vc_column][vc_column width=&#8221;2\/3&#8243;][vc_column_text]<\/p>\n<p style=\"text-align: justify;\">Promover, coordinar y articular el movimiento de voluntariado nacional por medio de actividades de promoci\u00f3n, divulgaci\u00f3n, investigaci\u00f3n, vinculaci\u00f3n y fortalecimiento de las organizaciones que involucran voluntarios.<\/p>\n<p>[\/vc_column_text][\/vc_column][\/vc_row][vc_row][vc_column][vc_separator color=&#8221;custom&#8221; accent_color=&#8221;#edb910&#8243;][\/vc_column][\/vc_row][vc_row][vc_column width=&#8221;1\/3&#8243;][vc_single_image image=&#8221;2984&#8243; img_size=&#8221;full&#8221;][\/vc_column][vc_column width=&#8221;2\/3&#8243;][vc_column_text]<\/p>\n<p style=\"text-align: justify;\">Sociedad B\u00edblica de Guatemala ha laborado en nuestro pa\u00eds desde hace 40 a\u00f1os; y desde sus inicios su prop\u00f3sito ha sido y, es lograr la distribuci\u00f3n m\u00e1s amplia, eficiente de las Sagradas Escrituras en idiomas y medios de comunicaci\u00f3n que respondan a las necesidades de los guatemaltecos.<\/p>\n<p>[\/vc_column_text][\/vc_column][\/vc_row][vc_row][vc_column][vc_separator color=&#8221;custom&#8221; accent_color=&#8221;#edb910&#8243;][\/vc_column][\/vc_row][vc_row][vc_column width=&#8221;1\/3&#8243;][vc_single_image image=&#8221;2978&#8243; img_size=&#8221;full&#8221;][\/vc_column][vc_column width=&#8221;2\/3&#8243;][vc_column_text]La Iglesia Centro B\u00edblico La Verdad y la Vida, tiene la visi\u00f3n de ser una comunidad de creyentes maduros en Jesucristo el Se\u00f1or, que proclaman la palabra de Dios, impactando as\u00ed a nuestra sociedad por el poder del Esp\u00edritu Santo. Adem\u00e1s, de hacer disc\u00edpulos de nuestro Se\u00f1or Jesucristo, ense\u00f1\u00e1ndoles que vivan de acuerdo con todo lo que \u00e9l mand\u00f3.[\/vc_column_text][\/vc_column][\/vc_row][vc_row][vc_column][vc_separator color=&#8221;custom&#8221; accent_color=&#8221;#edb910&#8243;][\/vc_column][\/vc_row][vc_row][vc_column width=&#8221;1\/3&#8243;][vc_single_image image=&#8221;4745&#8243; img_size=&#8221;full&#8221; alignment=&#8221;center&#8221;][\/vc_column][vc_column width=&#8221;2\/3&#8243;][vc_column_text]<\/p>\n<p style=\"text-align: justify;\">Estamos comprometidos con la promoci\u00f3n, el desarrollo y la defensa del evangelio mediante la unidad, la ense\u00f1anza b\u00edblica, el crecimiento espiritual, la evangelizaci\u00f3n, el servicio, la conexi\u00f3n, mediaci\u00f3n e interrelaci\u00f3n entre iglesias y organizaciones que procuren el bien social; utilizando los canales efectivos de comunicaci\u00f3n.<\/p>\n<p>[\/vc_column_text][\/vc_column][\/vc_row][vc_row][vc_column][vc_separator color=&#8221;custom&#8221; accent_color=&#8221;#edb910&#8243;][\/vc_column][\/vc_row][vc_row][vc_column width=&#8221;1\/3&#8243;][vc_single_image image=&#8221;4747&#8243; img_size=&#8221;full&#8221; alignment=&#8221;center&#8221;][\/vc_column][vc_column width=&#8221;2\/3&#8243;][vc_column_text]<\/p>\n<p style=\"text-align: justify;\">Es un ministerio de restauraci\u00f3n para la mujer. Su prop\u00f3sito es que, el Reino de Dios se extienda y que la mujer descubra su valor a trav\u00e9s de: La obra redentora de Cristo, estudio de la palabra de Dios y de la gu\u00eda del Esp\u00edritu Santo.<\/p>\n<p>[\/vc_column_text][\/vc_column][\/vc_row][vc_row][vc_column][vc_separator color=&#8221;custom&#8221; accent_color=&#8221;#edb910&#8243;][\/vc_column][\/vc_row][vc_row][vc_column width=&#8221;1\/3&#8243;][vc_single_image image=&#8221;4748&#8243; img_size=&#8221;full&#8221; alignment=&#8221;center&#8221;][\/vc_column][vc_column width=&#8221;2\/3&#8243;][vc_column_text]<\/p>\n<p style=\"text-align: justify;\">Manifestar como iglesia la autoridad del Se\u00f1or Jes\u00fas en la tierra, haciendo disc\u00edpulos que sean a\u00f1adidos a la iglesia, confrontando tinieblas con la verdad y el poder del Se\u00f1or, reuni\u00e9ndonos en medio de hostilidad a adorar y alabar al Se\u00f1or, en oraci\u00f3n predicando el Evangelio del Reino.<\/p>\n<p>[\/vc_column_text][\/vc_column][\/vc_row][vc_row][vc_column][vc_separator color=&#8221;custom&#8221; accent_color=&#8221;#edb910&#8243;][\/vc_column][\/vc_row][vc_row][vc_column width=&#8221;1\/3&#8243;][vc_single_image image=&#8221;4751&#8243; img_size=&#8221;full&#8221; alignment=&#8221;center&#8221;][\/vc_column][vc_column width=&#8221;2\/3&#8243;][vc_column_text]<\/p>\n<p style=\"text-align: justify;\">El Ministerio Clamor de Vida, es un ministerio interdenominacional que est\u00e1 conformado por diferentes hermanas que asisten cada una a su congregaci\u00f3n, el anhelo de nuestro coraz\u00f3n es llevar las buenas noticias a los hogares seg\u00fan las estrategias que Dios nos revela seg\u00fan su Esp\u00edritu Santo, lo principal es que cada ni\u00f1a, ni\u00f1o, joven, mujer y hombre tengan una transformaci\u00f3n en cuerpo, alma y espiritualmente, se desarrollen cada uno y la vez su familia, iglesia y comunidad.<\/p>\n<p>[\/vc_column_text][\/vc_column][\/vc_row][vc_row][vc_column][vc_separator color=&#8221;custom&#8221; accent_color=&#8221;#edb910&#8243;][\/vc_column][\/vc_row][vc_row][vc_column width=&#8221;1\/3&#8243;][vc_single_image image=&#8221;4752&#8243; img_size=&#8221;full&#8221; alignment=&#8221;center&#8221;][\/vc_column][vc_column width=&#8221;2\/3&#8243;][vc_empty_space height=&#8221;40px&#8221;][vc_column_text]Amar a Dios, amar a las personas, servir a Dios y servir a las personas.[\/vc_column_text][\/vc_column][\/vc_row][vc_row][vc_column][vc_separator][vc_custom_heading text=&#8221;\u00a1Conoce m\u00e1s de nuestras historias edificantes y c\u00f3mo hacer brillar la esperanza en Guatemala y alrededor del mundo!&#8221; font_container=&#8221;tag:h4|text_align:center&#8221; use_theme_fonts=&#8221;yes&#8221;][vc_empty_space height=&#8221;30px&#8221;][vc_row_inner css=&#8221;.vc_custom_1691644005185{padding-top: 5% !important;padding-right: 5% !important;padding-bottom: 5% !important;padding-left: 5% !important;background-color: #f1f7ff !important;}&#8221;][vc_column_inner][vc_column_text]<\/p>\n<p style=\"text-align: center;\">Estamos muy contentos de compartir contigo las maneras en que se puede hacer brillar la esperanza en ni\u00f1os y familias en Guatemala y alrededor del mundo. Te invitamos a que te mantengas en contacto con nosotros, para que crezcamos juntos en la fe.<\/p>\n<p style=\"text-align: center;\">Haz clic a continuaci\u00f3n, para obtener las \u00faltimas noticias, historias, actualizaciones e invitaciones a eventos exclusivos de Buckner.<\/p>\n<p>[\/vc_column_text][vc_custom_heading text=&#8221;\u00a1No encontrar\u00e1s estas historias y recursos en ning\u00fan otro lugar!&#8221; font_container=&#8221;tag:h5|text_align:center&#8221; use_theme_fonts=&#8221;yes&#8221;][vc_empty_space][vc_btn title=&#8221;Obtener actualizaciones aqu\u00ed&#8221; color=&#8221;warning&#8221; align=&#8221;center&#8221;][\/vc_column_inner][\/vc_row_inner][\/vc_column][\/vc_row]<\/p>\n<\/div>","protected":false},"excerpt":{"rendered":"<p>[vc_row full_width=&#8221;stretch_row&#8221; css=&#8221;.vc_custom_1691699444105{padding-top: 5% !important;padding-bottom: 5% !important;background-color: #eef3fa !important;}&#8221;][vc_column][vc_custom_heading text=&#8221;Alianzas&#8221; font_container=&#8221;tag:h2|text_align:center&#8221; use_theme_fonts=&#8221;yes&#8221;][\/vc_column][\/vc_row][vc_row][vc_column width=&#8221;1\/3&#8243;][vc_single_image image=&#8221;4689&#8243; img_size=&#8221;full&#8221;][\/vc_column][vc_column&#8230;<\/p>\n","protected":false},"author":1,"featured_media":0,"parent":483,"menu_order":0,"comment_status":"closed","ping_status":"closed","template":"","meta":{"footnotes":""},"class_list":["post-845","page","type-page","status-publish","hentry"],"_links":{"self":[{"href":"https:\/\/bucknergt.org\/index.php\/wp-json\/wp\/v2\/pages\/845","targetHints":{"allow":["GET"]}}],"collection":[{"href":"https:\/\/bucknergt.org\/index.php\/wp-json\/wp\/v2\/pages"}],"about":[{"href":"https:\/\/bucknergt.org\/index.php\/wp-json\/wp\/v2\/types\/page"}],"author":[{"embeddable":true,"href":"https:\/\/bucknergt.org\/index.php\/wp-json\/wp\/v2\/users\/1"}],"replies":[{"embeddable":true,"href":"https:\/\/bucknergt.org\/index.php\/wp-json\/wp\/v2\/comments?post=845"}],"version-history":[{"count":102,"href":"https:\/\/bucknergt.org\/index.php\/wp-json\/wp\/v2\/pages\/845\/revisions"}],"predecessor-version":[{"id":4731,"href":"https:\/\/bucknergt.org\/index.php\/wp-json\/wp\/v2\/pages\/845\/revisions\/4731"}],"up":[{"embeddable":true,"href":"https:\/\/bucknergt.org\/index.php\/wp-json\/wp\/v2\/pages\/483"}],"wp:attachment":[{"href":"https:\/\/bucknergt.org\/index.php\/wp-json\/wp\/v2\/media?parent=845"}],"curies":[{"name":"wp","href":"https:\/\/api.w.org\/{rel}","templated":true}]}}