{"id":695,"date":"2018-03-12T18:39:31","date_gmt":"2018-03-12T18:39:31","guid":{"rendered":"https:\/\/bucknergt.org\/?page_id=695"},"modified":"2019-10-23T21:50:50","modified_gmt":"2019-10-23T21:50:50","slug":"nuestro-legado","status":"publish","type":"page","link":"https:\/\/bucknergt.org\/index.php\/nosotros\/nuestro-legado\/","title":{"rendered":"Nuestro legado"},"content":{"rendered":"<section class=\"fw-main-row  auto  fw-section-position-back\">\n<div class=\"fw-container\">\n<div class=\"fw-row\">\n<div id=\"column-5db0cb3a27c8f\" class=\"fw-col-sm-12 tf-sh-2de2603a160c6cab2988d0cec34279d2\">\n<div class=\"fw-wrap-col-inner clearfix  \">\n<div class=\"fw-col-inner\">\n<div class=\"fw-text-box tf-sh-99ab8ad71e3aeb21e59366f247427fca \">\n<div class=\"fw-text-inner\">\n<\/p><\/div>\n<\/div>\n<div class=\"fw-video tf-sh-da7a9d7dd72c23059ebea1cbecbc8828 \">\n<div class=\"fw-wrap-boxed-media fw-wp-embed-shortcode\"><\/div><\/div><\/div><\/div>\n<\/div>\n<\/div>\n<div class=\"fw-row\">\n<div id=\"column-5db0cb3a29b11\" class=\"fw-col-sm-12 tf-sh-fc2c0834561334e1cc91e71688f4f77e\">\n<div class=\"fw-wrap-col-inner clearfix  \">\n<div class=\"fw-col-inner\">\n<div id=\"rev_slider_9_1_wrapper\" class=\"rev_slider_wrapper fullwidthbanner-container\" data-alias=\"slide-nuestro-legado\" data-source=\"gallery\" style=\"margin:0px auto;background:transparent;padding:0px;margin-top:0px;margin-bottom:0px\">\n<!-- START REVOLUTION SLIDER 5.4.6.6 fullwidth mode --><\/p>\n<div id=\"rev_slider_9_1\" class=\"rev_slider fullwidthabanner\" data-version=\"5.4.6.6\">\n<ul>\t<!-- SLIDE  --><\/p>\n<li data-index=\"rs-12\" data-transition=\"fade\" data-slotamount=\"default\" data-hideafterloop=\"0\" data-hideslideonmobile=\"off\" data-easein=\"default\" data-easeout=\"default\" data-masterspeed=\"300\" data-rotate=\"0\" data-saveperformance=\"off\" data-mediafilter=\"earlybird\" data-title=\"Slide\" data-description=\"\">\n\t\t<!-- MAIN IMAGE --><br \/>\n\t\t<img loading=\"lazy\" decoding=\"async\" src=\"https:\/\/bucknergt.org\/wp-content\/uploads\/2018\/03\/inaugura_cef_6.jpg\" alt=\"\" title=\"inaugura_cef_6\" width=\"800\" height=\"533\" data-bgposition=\"center center\" data-bgfit=\"cover\" data-bgrepeat=\"no-repeat\" class=\"rev-slidebg\" data-no-retina><br \/>\n\t\t<!-- LAYERS --><\/p>\n<p>\t\t<!-- LAYER NR. 1 --><\/p>\n<div class=\"tp-caption   tp-resizeme\" id=\"slide-12-layer-3\" data-x=\"592\" data-y=\"404\" data-width=\"['auto']\" data-height=\"['auto']\" data-type=\"text\" data-frames='[{\"delay\":0,\"speed\":300,\"frame\":\"0\",\"from\":\"opacity:0;\",\"to\":\"o:1;\",\"ease\":\"Power3.easeInOut\"},{\"delay\":\"wait\",\"speed\":300,\"frame\":\"999\",\"to\":\"opacity:0;\",\"ease\":\"Power3.easeInOut\"}]' data-textAlign=\"['inherit','inherit','inherit','inherit']\" data-paddingtop=\"[0,0,0,0]\" data-paddingright=\"[0,0,0,0]\" data-paddingbottom=\"[0,0,0,0]\" data-paddingleft=\"[0,0,0,0]\" style=\"font-size: 100px;line-height: 22px;font-weight: 700;color: #ffffff;letter-spacing: 0px;font-family:Oswald\">Nuestro Legado <\/div>\n<\/li>\n<\/ul>\n<div class=\"tp-bannertimer tp-bottom\"><\/div><\/div><\/div>\n<p><!-- END REVOLUTION SLIDER -->\t\t<\/div><\/div>\n<\/div>\n<\/div><\/div>\n<\/section>\n<section class=\"fw-main-row-custom  auto  fw-section-position-back tf-sh-37d434089dc1bbece38b45579a180fd0\">\n<div class=\"fw-container\">\n<div class=\"fw-row\">\n<div id=\"column-5db0cb3a35fa4\" class=\"fw-col-sm-4 tf-sh-b78781e6c45c6805e44f4fa43042c691\">\n<div class=\"fw-wrap-col-inner clearfix  \">\n<div class=\"fw-col-inner\">\n<div class=\"fw-icon-title fw-icon-title-left clearfix tf-sh-999921e202a43562b52e6ceb14c8d9ce  fw-content-align-left\">\n<div class=\"fw-icon-title-name\">\n<div class=\"fw-icon-title-name-inner\">\n\t\t\t\t\t\t\t\t\t<span class=\"fw-icon-title-icon fw-custom-icon-image\"><br \/>\n\t\t\t\t\t\t\t\t\t\t\t\t\t<img decoding=\"async\" src=\"\/\/bucknergt.org\/wp-content\/uploads\/2019\/10\/RobertCBuckner-1.png\" alt=\"\" \/>\t\t\t\t\t\t\t\t\t\t\t<\/span><\/p><\/div><\/div><\/div><\/div><\/div>\n<\/div>\n<div id=\"column-5db0cb3a36aa5\" class=\"fw-col-sm-8 tf-sh-857f960f61ca05a7d35f1cd026e7b0c1\">\n<div class=\"fw-wrap-col-inner clearfix  \">\n<div class=\"fw-col-inner\">\n<div class=\"fw-text-box tf-sh-124cda7b353b65929b9c3ce7c839eea1 \">\n<div class=\"fw-text-inner\">\n<p class=\"p1\">Hace 140 a\u00f1os, se fund\u00f3 <em><strong>Buckner Internacional,<\/strong><\/em> en el a\u00f1o 1879.<\/p>\n<p class=\"p1\">Ante la problem\u00e1tica de orfandad y desintegraci\u00f3n familiar, producto de la guerra civil en el sur de los Estados Unidos, el Pastor <em><strong>Robert C. Buckner<\/strong><\/em> se levant\u00f3 con una visi\u00f3n muy clara y con un prop\u00f3sito definido, <em>\u201cEquipar a familias y a ni\u00f1os para la vida\u201d.<\/em> Cumpliendo el llamado enmarcado en Santiago 1:27 \u2013 <i>\u201cLa religi\u00f3n pura y sin mancha delante de nuestro Dios, y Padre, es \u00e9sta: visitar a los hu\u00e9rfanos y a las viudas en sus aflicciones, y guardarse sin mancha del mundo\u201d.<\/i><\/p>\n<p class=\"p1\">El Pastor Buckner, siempre busc\u00f3 formas innovadoras de llevar el ministerio a los m\u00e1s vulnerables, combinando sus creencias teol\u00f3gicas con una conciencia social progresiva. Fue su profunda compasi\u00f3n por el desanimado y el indefenso, la que sirvi\u00f3 de fuerza motriz detr\u00e1s de su ministerio.<\/p>\n<p class=\"p1\">\u00c9ste llamado se extendi\u00f3 a nuestro pa\u00eds Guatemala, y desde el a\u00f1o 2002, atendemos y cumplimos la misma visi\u00f3n de nuestro fundador. <span class=\"s1\">Y continuamos creciendo alrededor del mundo.<\/span><\/p>\n<\/p><\/div>\n<\/div><\/div><\/div>\n<\/div>\n<\/div>\n<div class=\"fw-row\">\n<div id=\"column-5db0cb3a37741\" class=\"fw-col-sm-12 tf-sh-fc2c0834561334e1cc91e71688f4f77e\">\n<div class=\"fw-wrap-col-inner clearfix  \">\n<div class=\"fw-col-inner\">\n<div class=\"fw-divider-space space-md  clearfix\"><\/div><\/div><\/div>\n<\/div>\n<\/div><\/div>\n<\/section>\n<section class=\"fw-main-row  auto  fw-section-position-back\">\n<div class=\"fw-container\">\n<div class=\"fw-row\">\n<div id=\"column-5db0cb3a38b12\" class=\"fw-col-sm-4 tf-sh-4ecf3a28cca9533b807e6dd078ae5045\">\n<div class=\"fw-wrap-col-inner clearfix  \">\n<div class=\"fw-col-inner\">\n\t\t\t\t\t<\/div><\/div>\n<\/div>\n<div id=\"column-5db0cb3a39054\" class=\"fw-col-sm-4 tf-sh-8b51e569b24fd2107b5a568a0188b51f\">\n<div class=\"fw-wrap-col-inner clearfix  \">\n<div class=\"fw-col-inner\">\n<div class=\"fw-text-box tf-sh-926e1c1473281a04f0d197fb5350d78f \">\n<div class=\"fw-text-inner\">\n<p><strong>Nuestras Sedes Buckner:<\/strong><\/p>\n<\/p><\/div>\n<\/div>\n<div class=\"fw-text-box tf-sh-e7a756f5a04523cf487e73e3a3c5efb9 \">\n<div class=\"fw-text-inner\">\n<p><em>(Click para m\u00e1s informaci\u00f3n)<\/em><\/p>\n<\/p><\/div>\n<\/div>\n<div class=\"fw-text-box tf-sh-7999f92bdc0558bd4c8254321e748084 \">\n<div class=\"fw-text-inner\">\n<p>&nbsp;<\/p>\n<ul>\n<li><em><a href=\"https:\/\/www.buckner.org\/\"><strong>Buckner Internacional,<\/strong><\/a><\/em><br \/>Dallas, Texas.<\/li>\n<li><em><a href=\"https:\/\/bucknermexico.org\/\"><strong>Buckner M\u00e9xico,<\/strong><\/a><\/em><br \/>Ciudad de M\u00e9xico.<\/li>\n<li><em><a href=\"https:\/\/www.facebook.com\/BucknerHonduras\/\"><strong>Buckner Honduras,<\/strong><\/a><\/em><br \/>San Pedro Sula, Honduras.<\/li>\n<li><em><strong><a href=\"https:\/\/bucknerdominicana.org\/\">Buckner Rep\u00fablica Dominicana,<\/a><\/strong><\/em><br \/>Ciudad de Santo Domingo.<\/li>\n<li><em><a href=\"http:\/\/www.bucknerperu.org\/\"><strong>Buckner Per\u00fa,<\/strong><\/a><\/em><br \/>Ciudad de Lima.<\/li>\n<li><em><a href=\"https:\/\/www.bucknerkenya.org\/\"><strong>Buckner Kenya,<\/strong><\/a><\/em><br \/>Ciudad de Nairobi.<\/li>\n<\/ul><\/div>\n<\/div><\/div><\/div>\n<\/div>\n<div id=\"column-5db0cb3a3a100\" class=\"fw-col-sm-4 tf-sh-65ce0308687709568c51f9d57e01b353\">\n<div class=\"fw-wrap-col-inner clearfix  \">\n<div class=\"fw-col-inner\">\n<div class=\"fw-imagebox clearfix fw-imagebox-1 tf-sh-a2b37b2dbbfc8c010cc0304ade7c7a5e text-left   \">\n<div class=\"fw-block-image-parent fw-block-image-center \" style=\"width: 450px\">\n<div class=\"fw-block-image-child fw-ratio-1 fw-ratio-container\">\n\t\t\t\t\t\t<img decoding=\"async\" src=\"https:\/\/bucknergt.org\/wp-content\/uploads\/2019\/08\/SedesBuckner.png\" alt=\"SedesBuckner\" data-maxdpr=\"1.7\" width=\"450\" class=\"lazyload\" \/>\t\t\t\t\t<\/div><\/div>\n<div class=\"fw-imagebox-aside\"><\/div><\/div><\/div><\/div>\n<\/div>\n<\/div><\/div>\n<\/section>\n<p><!-- adb6cf6f5414399c238377e3a2b447ad --><\/p>\n","protected":false},"excerpt":{"rendered":"<p>Nuestro Legado Hace 140 a\u00f1os, se fund\u00f3 Buckner Internacional, en el a\u00f1o 1879. Ante la&#8230;<\/p>\n","protected":false},"author":1,"featured_media":0,"parent":483,"menu_order":0,"comment_status":"closed","ping_status":"closed","template":"visual-builder-template.php","meta":{"footnotes":""},"class_list":["post-695","page","type-page","status-publish","hentry"],"_links":{"self":[{"href":"https:\/\/bucknergt.org\/index.php\/wp-json\/wp\/v2\/pages\/695","targetHints":{"allow":["GET"]}}],"collection":[{"href":"https:\/\/bucknergt.org\/index.php\/wp-json\/wp\/v2\/pages"}],"about":[{"href":"https:\/\/bucknergt.org\/index.php\/wp-json\/wp\/v2\/types\/page"}],"author":[{"embeddable":true,"href":"https:\/\/bucknergt.org\/index.php\/wp-json\/wp\/v2\/users\/1"}],"replies":[{"embeddable":true,"href":"https:\/\/bucknergt.org\/index.php\/wp-json\/wp\/v2\/comments?post=695"}],"version-history":[{"count":81,"href":"https:\/\/bucknergt.org\/index.php\/wp-json\/wp\/v2\/pages\/695\/revisions"}],"predecessor-version":[{"id":2150,"href":"https:\/\/bucknergt.org\/index.php\/wp-json\/wp\/v2\/pages\/695\/revisions\/2150"}],"up":[{"embeddable":true,"href":"https:\/\/bucknergt.org\/index.php\/wp-json\/wp\/v2\/pages\/483"}],"wp:attachment":[{"href":"https:\/\/bucknergt.org\/index.php\/wp-json\/wp\/v2\/media?parent=695"}],"curies":[{"name":"wp","href":"https:\/\/api.w.org\/{rel}","templated":true}]}}