{"id":672,"date":"2018-03-12T17:39:58","date_gmt":"2018-03-12T17:39:58","guid":{"rendered":"https:\/\/bucknergt.org\/?page_id=672"},"modified":"2024-06-18T20:18:06","modified_gmt":"2024-06-18T20:18:06","slug":"quienes-somos","status":"publish","type":"page","link":"https:\/\/bucknergt.org\/index.php\/nosotros\/quienes-somos\/","title":{"rendered":"Qui\u00e9nes somos"},"content":{"rendered":"<div class=\"wpb-content-wrapper\"><p>[vc_row full_width=&#8221;stretch_row&#8221; parallax=&#8221;content-moving&#8221; css_animation=&#8221;fadeInLeft&#8221; css=&#8221;.vc_custom_1717530833294{background-image: url(https:\/\/bucknergt.org\/wp-content\/uploads\/2024\/06\/Slider-2024-Final.png?id=4603) !important;background-position: center;background-repeat: no-repeat !important;background-size: cover !important;}&#8221;][vc_column][vc_empty_space height=&#8221;30px&#8221;][vc_custom_heading text=&#8221;Qui\u00e9nes Somos&#8221; font_container=&#8221;tag:h1|text_align:center|color:%23ffffff&#8221; google_fonts=&#8221;font_family:Montserrat%3Aregular%2C700|font_style:700%20bold%20regular%3A700%3Anormal&#8221; css_animation=&#8221;fadeInLeftBig&#8221;][vc_empty_space height=&#8221;102px&#8221;][\/vc_column][\/vc_row][vc_row][vc_column width=&#8221;2\/3&#8243;][vc_empty_space][vc_column_text css_animation=&#8221;bounceInLeft&#8221;]Somos el brazo operativo de Buckner Internacional en Guatemala. Una organizaci\u00f3n no lucrativa; que comparte un ministerio redentor; sirviendo y apoyando a la transformaci\u00f3n y restauraci\u00f3n de vida en la ni\u00f1ez y las familias guatemaltecas. Fortaleci\u00e9ndolas con valores Cristo-c\u00e9ntricos para que permanezcan unidas; empoder\u00e1ndolas a trav\u00e9s de nuestros programas, para que desarrollen su m\u00e1ximo potencial y juntos, superen y venzan la adversidad.[\/vc_column_text][\/vc_column][vc_column width=&#8221;1\/3&#8243;][vc_column_text]<\/p>\n<div class=\"fw-text-inner\">\n<nav class=\"page-nav\">\n<ul>\n<li class=\"who-we-are current active\" data-page-name=\"who-we-are\"><a href=\"https:\/\/bucknergt.org\/index.php\/nosotros\/quienes-somos\/\">Qui\u00e9nes somos<\/a><\/li>\n<li class=\"financial-accountability\" data-page-name=\"financial-accountability\"><a href=\"https:\/\/bucknergt.org\/index.php\/nosotros\/rendicion-de-cuentas\/\">Rendici\u00f3n de cuentas<\/a><\/li>\n<li class=\"leadership\" data-page-name=\"leadership\"><a href=\"https:\/\/bucknergt.org\/index.php\/nosotros\/liderazgo\/\">Liderazgo<\/a><\/li>\n<li class=\"careers\" data-page-name=\"careers\"><a href=\"https:\/\/bucknergt.org\/index.php\/carreras\/\">Oportunidades de empleo<\/a><\/li>\n<li class=\"contact-mirror\" data-page-name=\"contact-mirror\"><a href=\"https:\/\/bucknergt.org\/index.php\/contacto-direcciones\/\">Cont\u00e1ctanos<\/a><\/li>\n<li class=\"media-resource-center\" data-page-name=\"media-resource-center\"><a href=\"https:\/\/bucknergt.org\/index.php\/centro-de-recursos\/\">Centro de recursos<\/a><\/li>\n<li data-page-name=\"media-resource-center\"><a href=\"https:\/\/bucknergt.org\/index.php\/nosotros\/alianzas-estrategicas\/\">Alianzas estrat\u00e9gicas<\/a><\/li>\n<\/ul>\n<\/nav>\n<\/div>\n<p>[\/vc_column_text][\/vc_column][\/vc_row][vc_row full_width=&#8221;stretch_row&#8221; css=&#8221;.vc_custom_1717164970025{background-color: #023380 !important;background-position: center !important;background-repeat: no-repeat !important;background-size: cover !important;}&#8221;][vc_column width=&#8221;1\/2&#8243; css=&#8221;.vc_custom_1717169225758{background-color: #1e73be !important;}&#8221;][vc_empty_space height=&#8221;72px&#8221;][vc_custom_heading text=&#8221;Nuestra Misi\u00f3n&#8221; font_container=&#8221;tag:h2|text_align:center|color:%23ffffff&#8221; google_fonts=&#8221;font_family:Montserrat%3Aregular%2C700|font_style:700%20bold%20regular%3A700%3Anormal&#8221; css_animation=&#8221;fadeInLeftBig&#8221;][vc_separator color=&#8221;custom&#8221; border_width=&#8221;2&#8243; el_width=&#8221;30&#8243; css_animation=&#8221;fadeInLeftBig&#8221; accent_color=&#8221;#e5b634&#8243;][vc_custom_heading text=&#8221;Seguir el ejemplo de Jes\u00fas, sirviendo a ni\u00f1os vulnerables y familias.&#8221; font_container=&#8221;tag:h4|font_size:24|text_align:center|color:%23ffffff&#8221; use_theme_fonts=&#8221;yes&#8221; css_animation=&#8221;fadeInLeftBig&#8221;][vc_empty_space height=&#8221;92px&#8221;][\/vc_column][vc_column width=&#8221;1\/2&#8243;][vc_empty_space height=&#8221;72px&#8221;][vc_custom_heading text=&#8221;Nuestra Visi\u00f3n&#8221; font_container=&#8221;tag:h2|text_align:center|color:%23ffffff&#8221; google_fonts=&#8221;font_family:Montserrat%3Aregular%2C700|font_style:700%20bold%20regular%3A700%3Anormal&#8221; css_animation=&#8221;fadeInRight&#8221;][vc_separator color=&#8221;custom&#8221; border_width=&#8221;2&#8243; el_width=&#8221;30&#8243; css_animation=&#8221;fadeInLeftBig&#8221; accent_color=&#8221;#e5b634&#8243;][vc_custom_heading text=&#8221;Establecer el est\u00e1ndar de excelencia en el servicio a ni\u00f1os vulnerables y familias.&#8221; font_container=&#8221;tag:h4|font_size:24|text_align:center|color:%23ffffff&#8221; use_theme_fonts=&#8221;yes&#8221; css_animation=&#8221;fadeInRight&#8221;][vc_empty_space height=&#8221;92px&#8221;][\/vc_column][\/vc_row][vc_row full_width=&#8221;stretch_row&#8221; css=&#8221;.vc_custom_1717176803945{background-position: center !important;background-repeat: no-repeat !important;background-size: cover !important;}&#8221;][vc_column][tm_carousel_father slide_visible=&#8221;2&#8243; arrowclr=&#8221;#1e73be&#8221; dot=&#8221;false&#8221;][tm_carousel_son image_id=&#8221;4515&#8243; img_width=&#8221;800&#215;650&#8243;][\/tm_carousel_son][tm_carousel_son image_id=&#8221;4509&#8243; img_width=&#8221;800&#215;650&#8243;][\/tm_carousel_son][tm_carousel_son image_id=&#8221;4508&#8243; img_width=&#8221;800&#215;650&#8243;][\/tm_carousel_son][tm_carousel_son image_id=&#8221;4507&#8243; img_width=&#8221;800&#215;650&#8243;][\/tm_carousel_son][tm_carousel_son image_id=&#8221;4510&#8243; img_width=&#8221;800&#215;650&#8243;][\/tm_carousel_son][tm_carousel_son image_id=&#8221;4514&#8243; img_width=&#8221;800&#215;650&#8243;][\/tm_carousel_son][tm_carousel_son image_id=&#8221;4513&#8243; img_width=&#8221;800&#215;650&#8243;][\/tm_carousel_son][tm_carousel_son image_id=&#8221;4512&#8243; img_width=&#8221;800&#215;650&#8243;][\/tm_carousel_son][\/tm_carousel_father][\/vc_column][\/vc_row][vc_row][vc_column width=&#8221;1\/2&#8243;][vc_custom_heading text=&#8221;Nuestros Valores&#8221; font_container=&#8221;tag:h2|text_align:center|color:%231e73be&#8221; google_fonts=&#8221;font_family:Montserrat%3Aregular%2C700|font_style:700%20bold%20regular%3A700%3Anormal&#8221; css_animation=&#8221;fadeInLeftBig&#8221;][vc_separator color=&#8221;custom&#8221; border_width=&#8221;2&#8243; el_width=&#8221;30&#8243; css_animation=&#8221;fadeInLeftBig&#8221; accent_color=&#8221;#e5b634&#8243;][vc_column_text css_animation=&#8221;fadeInLeft&#8221;]<\/p>\n<p style=\"text-align: center;\">Los valores organizacionales son esenciales, ya que definen nuestra personalidad y proveen claridad sobre c\u00f3mo nos comprometemos con el pr\u00f3jimo.<\/p>\n<p>[\/vc_column_text][\/vc_column][vc_column width=&#8221;1\/2&#8243;][vc_single_image image=&#8221;4477&#8243; img_size=&#8221;300&#215;360&#8243; css_animation=&#8221;fadeInRight&#8221;][\/vc_column][\/vc_row][vc_row full_width=&#8221;stretch_row&#8221; css=&#8221;.vc_custom_1717184609991{background-color: #e6eeef !important;background-position: center !important;background-repeat: no-repeat !important;background-size: cover !important;}&#8221;][vc_column][vc_video link=&#8221;https:\/\/www.youtube.com\/watch?v=xRXmPyxsEx8&#8243;][vc_column_text css_animation=&#8221;fadeInDown&#8221; css=&#8221;.vc_custom_1717184950132{background-color: #e6eeef !important;}&#8221;]<\/p>\n<h1>Declaraci\u00f3n de fe<\/h1>\n<p>Resoluci\u00f3n, esta declaraci\u00f3n de fe es adoptada por el liderazgo de Buckner Guatemala, est\u00e1 destinada \u00fanicamente como gu\u00eda y de ninguna manera debe interpretarse como una doctrina. Adem\u00e1s, esta declaraci\u00f3n de fe nunca debe utilizarse como imposici\u00f3n, sino para proporcionar una comprensi\u00f3n clara de las directrices b\u00edblicas bajo las cuales Buckner Guatemala opera.[\/vc_column_text][\/vc_column][\/vc_row][vc_row full_width=&#8221;stretch_row&#8221; css=&#8221;.vc_custom_1717130746165{background-color: #013380 !important;background-position: center !important;background-repeat: no-repeat !important;background-size: cover !important;}&#8221;][vc_column][tm_carousel_father speed=&#8221;2000&#8243; slide_visible=&#8221;3&#8243; arrowclr=&#8221;#ffffff&#8221; arrowsize=&#8221;20&#8243; dot=&#8221;false&#8221; arrowbg=&#8221;rgba(30,115,190,0.01)&#8221;][tm_carousel_son image_id=&#8221;4488&#8243;][\/tm_carousel_son][tm_carousel_son image_id=&#8221;4489&#8243;][\/tm_carousel_son][tm_carousel_son image_id=&#8221;4490&#8243;][\/tm_carousel_son][tm_carousel_son image_id=&#8221;4491&#8243;][\/tm_carousel_son][tm_carousel_son image_id=&#8221;4492&#8243;][\/tm_carousel_son][tm_carousel_son image_id=&#8221;4493&#8243;][\/tm_carousel_son][tm_carousel_son image_id=&#8221;4494&#8243;][\/tm_carousel_son][tm_carousel_son image_id=&#8221;4495&#8243;][\/tm_carousel_son][tm_carousel_son image_id=&#8221;4496&#8243;][\/tm_carousel_son][tm_carousel_son image_id=&#8221;4497&#8243;][\/tm_carousel_son][\/tm_carousel_father][\/vc_column][\/vc_row]<\/p>\n<\/div>","protected":false},"excerpt":{"rendered":"<p>[vc_row full_width=&#8221;stretch_row&#8221; parallax=&#8221;content-moving&#8221; css_animation=&#8221;fadeInLeft&#8221; css=&#8221;.vc_custom_1717530833294{background-image: url(https:\/\/bucknergt.org\/wp-content\/uploads\/2024\/06\/Slider-2024-Final.png?id=4603) !important;background-position: center;background-repeat: no-repeat !important;background-size: cover !important;}&#8221;][vc_column][vc_empty_space height=&#8221;30px&#8221;][vc_custom_heading text=&#8221;Qui\u00e9nes Somos&#8221;&#8230;<\/p>\n","protected":false},"author":1,"featured_media":0,"parent":483,"menu_order":0,"comment_status":"closed","ping_status":"closed","template":"","meta":{"footnotes":""},"class_list":["post-672","page","type-page","status-publish","hentry"],"_links":{"self":[{"href":"https:\/\/bucknergt.org\/index.php\/wp-json\/wp\/v2\/pages\/672","targetHints":{"allow":["GET"]}}],"collection":[{"href":"https:\/\/bucknergt.org\/index.php\/wp-json\/wp\/v2\/pages"}],"about":[{"href":"https:\/\/bucknergt.org\/index.php\/wp-json\/wp\/v2\/types\/page"}],"author":[{"embeddable":true,"href":"https:\/\/bucknergt.org\/index.php\/wp-json\/wp\/v2\/users\/1"}],"replies":[{"embeddable":true,"href":"https:\/\/bucknergt.org\/index.php\/wp-json\/wp\/v2\/comments?post=672"}],"version-history":[{"count":145,"href":"https:\/\/bucknergt.org\/index.php\/wp-json\/wp\/v2\/pages\/672\/revisions"}],"predecessor-version":[{"id":4608,"href":"https:\/\/bucknergt.org\/index.php\/wp-json\/wp\/v2\/pages\/672\/revisions\/4608"}],"up":[{"embeddable":true,"href":"https:\/\/bucknergt.org\/index.php\/wp-json\/wp\/v2\/pages\/483"}],"wp:attachment":[{"href":"https:\/\/bucknergt.org\/index.php\/wp-json\/wp\/v2\/media?parent=672"}],"curies":[{"name":"wp","href":"https:\/\/api.w.org\/{rel}","templated":true}]}}