{"id":4782,"date":"2025-07-19T00:32:08","date_gmt":"2025-07-19T00:32:08","guid":{"rendered":"https:\/\/bucknergt.org\/?page_id=4782"},"modified":"2025-07-19T00:32:10","modified_gmt":"2025-07-19T00:32:10","slug":"etiopia","status":"publish","type":"page","link":"https:\/\/bucknergt.org\/index.php\/etiopia\/","title":{"rendered":"Etiop\u00eda"},"content":{"rendered":"<div class=\"wpb-content-wrapper\"><p>[vc_row][vc_column][vc_column_text]<\/p>\n<p data-start=\"51\" data-end=\"155\">La cultura et\u00edope es rica en hospitalidad, comida y tradiciones que honran a sus ancianos y su historia.<\/p>\n<p data-start=\"157\" data-end=\"461\"><strong data-start=\"157\" data-end=\"176\">Buckner Etiop\u00eda<\/strong> brinda servicios de preservaci\u00f3n familiar para ayudar a fortalecer a los ni\u00f1os y las familias a trav\u00e9s del <strong data-start=\"284\" data-end=\"325\">Centro Buckner de Esperanza Familiar\u00ae<\/strong>. En Etiop\u00eda, servimos a ni\u00f1os y familias en comunidades ubicadas en: <strong data-start=\"395\" data-end=\"460\">Addis Abeba, Familia Hosanna, Familia Hawassa y Familia Adama<\/strong>.<\/p>\n<p data-start=\"463\" data-end=\"713\" data-is-last-node=\"\" data-is-only-node=\"\">Algunos de los desaf\u00edos que enfrentan los ni\u00f1os y las familias en Etiop\u00eda incluyen la pobreza econ\u00f3mica, el acceso limitado a la educaci\u00f3n, o la separaci\u00f3n de sus familias biol\u00f3gicas debido a la hambruna, la sequ\u00eda, enfermedades o conflictos armados.<\/p>\n<p>[\/vc_column_text][vc_single_image image=&#8221;4780&#8243; img_size=&#8221;medium&#8221;][\/vc_column][\/vc_row]<\/p>\n<\/div>","protected":false},"excerpt":{"rendered":"<p>[vc_row][vc_column][vc_column_text] La cultura et\u00edope es rica en hospitalidad, comida y tradiciones que honran a sus&#8230;<\/p>\n","protected":false},"author":1,"featured_media":0,"parent":0,"menu_order":0,"comment_status":"closed","ping_status":"closed","template":"","meta":{"footnotes":""},"class_list":["post-4782","page","type-page","status-publish","hentry"],"_links":{"self":[{"href":"https:\/\/bucknergt.org\/index.php\/wp-json\/wp\/v2\/pages\/4782","targetHints":{"allow":["GET"]}}],"collection":[{"href":"https:\/\/bucknergt.org\/index.php\/wp-json\/wp\/v2\/pages"}],"about":[{"href":"https:\/\/bucknergt.org\/index.php\/wp-json\/wp\/v2\/types\/page"}],"author":[{"embeddable":true,"href":"https:\/\/bucknergt.org\/index.php\/wp-json\/wp\/v2\/users\/1"}],"replies":[{"embeddable":true,"href":"https:\/\/bucknergt.org\/index.php\/wp-json\/wp\/v2\/comments?post=4782"}],"version-history":[{"count":1,"href":"https:\/\/bucknergt.org\/index.php\/wp-json\/wp\/v2\/pages\/4782\/revisions"}],"predecessor-version":[{"id":4783,"href":"https:\/\/bucknergt.org\/index.php\/wp-json\/wp\/v2\/pages\/4782\/revisions\/4783"}],"wp:attachment":[{"href":"https:\/\/bucknergt.org\/index.php\/wp-json\/wp\/v2\/media?parent=4782"}],"curies":[{"name":"wp","href":"https:\/\/api.w.org\/{rel}","templated":true}]}}