{"id":456,"date":"2018-02-22T09:48:36","date_gmt":"2018-02-22T09:48:36","guid":{"rendered":"https:\/\/bucknergt.org\/?page_id=456"},"modified":"2024-06-04T15:16:14","modified_gmt":"2024-06-04T15:16:14","slug":"donacionhecha","status":"publish","type":"page","link":"https:\/\/bucknergt.org\/index.php\/donacionhecha\/","title":{"rendered":"donacionhecha"},"content":{"rendered":"<p><img decoding=\"async\" class=\"rev-slidebg\" title=\"quienes-somos-buckner\" src=\"https:\/\/bucknergt.org\/wp-content\/uploads\/2018\/03\/quienes-somos-buckner.jpg\" alt=\"\" data-bgposition=\"right center\" data-bgfit=\"cover\" data-bgrepeat=\"no-repeat\" data-no-retina=\"\" \/><br \/>\nDonar<\/p>\n<h2 class=\"fw-special-title\">MUCHAS GRACIAS POR TU DONACI\u00d3N<\/h2>\n<p>Tu donaci\u00f3n le dar\u00e1 esperanza a quienes m\u00e1s lo necesitan.MUCHAS GRACIAS!<\/p>\n<p><!-- 85ae4b8a44c233b2e2e4691fc5f41cc5 --><\/p>\n","protected":false},"excerpt":{"rendered":"<p>Donar MUCHAS GRACIAS POR TU DONACI\u00d3N Tu donaci\u00f3n le dar\u00e1 esperanza a quienes m\u00e1s lo&#8230;<\/p>\n","protected":false},"author":1,"featured_media":0,"parent":0,"menu_order":0,"comment_status":"closed","ping_status":"closed","template":"visual-builder-template.php","meta":{"footnotes":""},"class_list":["post-456","page","type-page","status-publish","hentry"],"_links":{"self":[{"href":"https:\/\/bucknergt.org\/index.php\/wp-json\/wp\/v2\/pages\/456","targetHints":{"allow":["GET"]}}],"collection":[{"href":"https:\/\/bucknergt.org\/index.php\/wp-json\/wp\/v2\/pages"}],"about":[{"href":"https:\/\/bucknergt.org\/index.php\/wp-json\/wp\/v2\/types\/page"}],"author":[{"embeddable":true,"href":"https:\/\/bucknergt.org\/index.php\/wp-json\/wp\/v2\/users\/1"}],"replies":[{"embeddable":true,"href":"https:\/\/bucknergt.org\/index.php\/wp-json\/wp\/v2\/comments?post=456"}],"version-history":[{"count":6,"href":"https:\/\/bucknergt.org\/index.php\/wp-json\/wp\/v2\/pages\/456\/revisions"}],"predecessor-version":[{"id":4579,"href":"https:\/\/bucknergt.org\/index.php\/wp-json\/wp\/v2\/pages\/456\/revisions\/4579"}],"wp:attachment":[{"href":"https:\/\/bucknergt.org\/index.php\/wp-json\/wp\/v2\/media?parent=456"}],"curies":[{"name":"wp","href":"https:\/\/api.w.org\/{rel}","templated":true}]}}