{"id":374,"date":"2018-02-14T22:43:00","date_gmt":"2018-02-14T22:43:00","guid":{"rendered":"https:\/\/bucknergt.org\/?page_id=374"},"modified":"2021-10-11T20:43:28","modified_gmt":"2021-10-11T20:43:28","slug":"donar","status":"publish","type":"page","link":"https:\/\/bucknergt.org\/index.php\/donar\/","title":{"rendered":"donacion"},"content":{"rendered":"<section class=\"fw-main-row  auto  fw-section-position-back\">\n<div class=\"fw-container\">\n<div class=\"fw-row\">\n<div id=\"column-6164a1f0b6733\" class=\"fw-col-sm-12 tf-sh-e970c91d9e9d09d3cc3161694f258074\">\n<div class=\"fw-wrap-col-inner clearfix  \">\n<div class=\"fw-col-inner\">\n<div id=\"rev_slider_15_1_wrapper\" class=\"rev_slider_wrapper fullwidthbanner-container\" data-alias=\"slide-donar\" data-source=\"gallery\" style=\"margin:0px auto;background:transparent;padding:0px;margin-top:0px;margin-bottom:0px\">\n<!-- START REVOLUTION SLIDER 5.4.6.6 fullwidth mode --><\/p>\n<div id=\"rev_slider_15_1\" class=\"rev_slider fullwidthabanner\" data-version=\"5.4.6.6\">\n<ul>\t<!-- SLIDE  --><\/p>\n<li data-index=\"rs-18\" data-transition=\"fade\" data-slotamount=\"default\" data-hideafterloop=\"0\" data-hideslideonmobile=\"off\" data-easein=\"default\" data-easeout=\"default\" data-masterspeed=\"300\" data-rotate=\"0\" data-saveperformance=\"off\" data-mediafilter=\"hudson\" data-title=\"Slide\" data-description=\"\">\n\t\t<!-- MAIN IMAGE --><br \/>\n\t\t<img loading=\"lazy\" decoding=\"async\" src=\"https:\/\/bucknergt.org\/wp-content\/uploads\/2021\/08\/foto_donar1.jpg\" alt=\"\" title=\"foto_donar1\" width=\"1900\" height=\"1082\" data-bgposition=\"right center\" data-bgfit=\"cover\" data-bgrepeat=\"no-repeat\" class=\"rev-slidebg\" data-no-retina><br \/>\n\t\t<!-- LAYERS --><\/p>\n<p>\t\t<!-- LAYER NR. 1 --><\/p>\n<div class=\"tp-caption   tp-resizeme\" id=\"slide-18-layer-3\" data-x=\"41\" data-y=\"83\" data-width=\"['auto']\" data-height=\"['auto']\" data-type=\"text\" data-frames='[{\"delay\":0,\"speed\":300,\"frame\":\"0\",\"from\":\"x:-50px;opacity:0;\",\"to\":\"o:1;\",\"ease\":\"Power3.easeInOut\"},{\"delay\":\"wait\",\"speed\":300,\"frame\":\"999\",\"to\":\"opacity:0;\",\"ease\":\"Power3.easeInOut\"}]' data-textAlign=\"['inherit','inherit','inherit','inherit']\" data-paddingtop=\"[0,0,0,0]\" data-paddingright=\"[0,0,0,0]\" data-paddingbottom=\"[0,0,0,0]\" data-paddingleft=\"[0,0,0,0]\" style=\"font-size: 85px;line-height: 22px;font-weight: 700;color: #ffffff;letter-spacing: 0px;font-family:Oswald\">Donar <\/div>\n<\/li>\n<\/ul>\n<div class=\"tp-bannertimer tp-bottom\"><\/div><\/div><\/div>\n<p><!-- END REVOLUTION SLIDER -->\t\t<\/div><\/div>\n<\/div>\n<\/div><\/div>\n<\/section>\n<section class=\"fw-main-row-custom  auto  fw-section-position-back tf-sh-7eebcd84f7c6c15e27d7a56178dd0019\">\n<div class=\"fw-container\">\n<div class=\"fw-row\">\n<div id=\"column-6164a1f0c077c\" class=\"fw-col-sm-12 tf-sh-e970c91d9e9d09d3cc3161694f258074\">\n<div class=\"fw-wrap-col-inner clearfix  \">\n<div class=\"fw-col-inner\">\n<div class=\"fw-heading fw-heading-center  tf-sh-6b7bdc25f009cb948873c328c2de3765\">\n<h2 class=\"fw-special-title\">\u00a1Tu donaci\u00f3n es esperanza!<\/h2>\n<\/p><\/div><\/div><\/div>\n<\/div>\n<\/div>\n<div class=\"fw-row\">\n<div id=\"column-6164a1f0c0feb\" class=\"fw-col-sm-12 tf-sh-e970c91d9e9d09d3cc3161694f258074\">\n<div class=\"fw-wrap-col-inner clearfix  \">\n<div class=\"fw-col-inner\">\n<div class=\"fw-divider-space space-md  clearfix\"><\/div><\/div><\/div>\n<\/div>\n<\/div>\n<div class=\"fw-row\">\n<div id=\"column-6164a1f0c1763\" class=\"fw-col-sm-12 tf-sh-e970c91d9e9d09d3cc3161694f258074\">\n<div class=\"fw-wrap-col-inner clearfix  \">\n<div class=\"fw-col-inner\">\n<div class=\"fw-text-box tf-sh-559bdb366bcc1211749c4e72b4b95176 \">\n<div class=\"fw-text-inner\">\n<p class=\"p1\" style=\"text-align: center\">El 100% de tu donaci\u00f3n ser\u00e1 destinada a crear y desarrollar mejores oportunidades para la ni\u00f1ez y adolescencia guatemalteca; fortalecer y empoderar familias para que, juntos, desarrollen sus capacidades, alcancen su m\u00e1ximo potencial dado por Dios, superen y venzan la adversidad.<\/p>\n<p class=\"p1\" style=\"text-align: center\">Apoya el proceso de restauraci\u00f3n y<br \/>transformaci\u00f3n de sus vidas, \u00a1<em><strong>Una familia a la vez!<\/strong> <\/em><\/p>\n<\/p><\/div>\n<\/div><\/div><\/div>\n<\/div>\n<\/div>\n<div class=\"fw-row\">\n<div id=\"column-6164a1f0c234c\" class=\"fw-col-sm-12 tf-sh-e970c91d9e9d09d3cc3161694f258074\">\n<div class=\"fw-wrap-col-inner clearfix  \">\n<div class=\"fw-col-inner\">\n<div class=\"fw-divider-space space-sm  clearfix\"><\/div><\/div><\/div>\n<\/div>\n<\/div>\n<div class=\"fw-row\">\n<div id=\"column-6164a1f0c2971\" class=\"fw-col-sm-12 tf-sh-e970c91d9e9d09d3cc3161694f258074\">\n<div class=\"fw-wrap-col-inner clearfix  \">\n<div class=\"fw-col-inner\">\n<div class=\"fw-text-box tf-sh-798b9a9596d1ef35e1f958507faadbba \">\n<div class=\"fw-text-inner\">\n<p class=\"p1\" style=\"text-align: center\"><i>\u201cLo que ustedes hicieron para ayudar a uno de \u00e9stos peque\u00f1itos, a m\u00ed me lo hicieron\u201d.<br \/><strong>Mateo 25:40<\/strong><\/i><\/p>\n<\/p><\/div>\n<\/div><\/div><\/div>\n<\/div>\n<\/div>\n<div class=\"fw-row\">\n<div id=\"column-6164a1f0c2ff2\" class=\"fw-col-sm-12 tf-sh-e970c91d9e9d09d3cc3161694f258074\">\n<div class=\"fw-wrap-col-inner clearfix  \">\n<div class=\"fw-col-inner\">\n<div class=\"fw-divider-space space-md  clearfix\"><\/div><\/div><\/div>\n<\/div>\n<\/div>\n<div class=\"fw-row\">\n<div id=\"column-6164a1f0c3639\" class=\"fw-col-sm-12 tf-sh-e970c91d9e9d09d3cc3161694f258074\">\n<div class=\"fw-wrap-col-inner clearfix  \">\n<div class=\"fw-col-inner\">\n<div class=\"fw-heading fw-heading-left  tf-sh-e765937e5fac0663a316c2fd2f79b26f\">\n<h2 class=\"fw-special-title\">   Donaci\u00f3n dep\u00f3sitos monetarios<\/h2>\n<\/p><\/div><\/div><\/div>\n<\/div>\n<\/div>\n<div class=\"fw-row\">\n<div id=\"column-6164a1f0c3b5d\" class=\"fw-col-sm-12 tf-sh-e970c91d9e9d09d3cc3161694f258074\">\n<div class=\"fw-wrap-col-inner clearfix  \">\n<div class=\"fw-col-inner\">\n<div class=\"fw-text-box tf-sh-06149aa6204d3008cf58e844b1cae3e2 \">\n<div class=\"fw-text-inner\">\n<p><span style=\"color: #333333\">Banco Industrial<\/span><br \/><span style=\"color: #333333\"><em><strong>No. Cuenta:<\/strong> <\/em> 0400076337<\/span><br \/><span style=\"color: #333333\"> <em> <strong>Nombre:<\/strong> <\/em> Buckner Donaciones.<\/span><\/p>\n<\/p><\/div>\n<\/div><\/div><\/div>\n<\/div>\n<\/div>\n<div class=\"fw-row\">\n<div id=\"column-6164a1f0c401c\" class=\"fw-col-sm-12 tf-sh-e970c91d9e9d09d3cc3161694f258074\">\n<div class=\"fw-wrap-col-inner clearfix  \">\n<div class=\"fw-col-inner\">\n<div class=\"fw-divider-space space-md  clearfix\"><\/div><\/div><\/div>\n<\/div>\n<\/div>\n<div class=\"fw-row\">\n<div id=\"column-6164a1f0c446a\" class=\"fw-col-sm-12 tf-sh-e970c91d9e9d09d3cc3161694f258074\">\n<div class=\"fw-wrap-col-inner clearfix  \">\n<div class=\"fw-col-inner\">\n<div class=\"fw-heading fw-heading-left  tf-sh-7ad4181522211c6e9f2e1e92c3fc0548\">\n<h2 class=\"fw-special-title\">Donaci\u00f3n con tarjeta<\/h2>\n<\/p><\/div><\/div><\/div>\n<\/div>\n<\/div><\/div>\n<\/section>\n<section class=\"fw-main-row-custom  auto  fw-section-position-back tf-sh-5eb69d8234917b255ebdddc466591179\">\n<div class=\"fw-container\">\n<div class=\"fw-row\">\n<div id=\"column-6164a1f0c5190\" class=\"fw-col-sm-8 tf-sh-9f58c8ca998688eff326cce98e54bdd2\">\n<div class=\"fw-wrap-col-inner clearfix  \">\n<div class=\"fw-col-inner\">\n<div class=\"fw-heading fw-heading-left  tf-sh-0004b6d44f2739c8400226b823ab2868\">\n<h2 class=\"fw-special-title\">Informaci\u00f3n de donaci\u00f3n<\/h2>\n<\/p><\/div>\n<div class=\"fw-divider tf-sh-0f9007125a0592b927eba7f2a985549a  fw-divider-align-left fw-divider-full-width fw-line-solid fw-divider-line space-sm  fw_theme_border_only_color_3\" style=\"width: auto\"><\/div>\n<div class=\"fw-text-box tf-sh-f4d387ef53e82ee75cc6735d9de362d8 \">\n<div class=\"fw-text-inner\">\n<p>Seleccione el monto que desea donar:<\/p>\n<p>&nbsp;<\/p>\n<\/p><\/div>\n<\/div>\n<p>\t<a href=\"#\" target=\"_self\" class=\"fw-btn tf-sh-a6007665c4e5b51561654f3017e3fcc4  fw-btn-md  rsbtnDonation rsbtnDonation1 fw-btn-side-by-side fw-btn-1\" rel=\"noopener noreferrer\"><br \/>\n\t\t<span><br \/>\n\t\t\tQ50\t\t<\/span><br \/>\n\t<\/a><br \/>\n\t<a href=\"#\" target=\"_self\" class=\"fw-btn tf-sh-a9099a85534ca53ab9a190244258b414  fw-btn-md  rsbtnDonation rsbtnDonation2 fw-btn-side-by-side fw-btn-1\" rel=\"noopener noreferrer\"><br \/>\n\t\t<span><br \/>\n\t\t\tQ100\t\t<\/span><br \/>\n\t<\/a><br \/>\n\t<a href=\"#\" target=\"_self\" class=\"fw-btn tf-sh-73a41dac53cc8692f763432ad3065a09  fw-btn-md  rsbtnDonation rsbtnDonation3 fw-btn-side-by-side fw-btn-1\" rel=\"noopener noreferrer\"><br \/>\n\t\t<span><br \/>\n\t\t\tQ200\t\t<\/span><br \/>\n\t<\/a><br \/>\n\t<a href=\"#\" target=\"_self\" class=\"fw-btn tf-sh-08a176d758458411fbefe7ee4b70a9f6  fw-btn-md  rsbtnDonation rsbtnDonation4 fw-btn-side-by-side fw-btn-1\" rel=\"noopener noreferrer\"><br \/>\n\t\t<span><br \/>\n\t\t\tQ500\t\t<\/span><br \/>\n\t<\/a><br \/>\n\t<a href=\"#\" target=\"_self\" class=\"fw-btn tf-sh-74ee8b0bd49db8dbe630796c04e3c139  fw-btn-md  rsbtnDonation rsbtnDonation5 fw-btn-side-by-side fw-btn-1\" rel=\"noopener noreferrer\"><br \/>\n\t\t<span><br \/>\n\t\t\tQ1000\t\t<\/span><br \/>\n\t<\/a><\/p>\n<div class=\"fw-divider fw-divider-special tf-sh-0fce65fd911f995c11ed8d3933613c1e rscs-hrTitle fw-divider-align-left fw-line-solid space-sm    \" style=\"width:75%\">\n<div class=\"fw-divider-inner \">\n\t\t\t<span class=\"fw-divider-holder fw-divider-left  fw_theme_border_only_color_4\"><\/span><br \/>\n\t\t\t<span class=\"fw-divider-title \"><br \/>\n\t\t\t\t\t\t\t\t\tO\t\t\t\t\t\t\t<\/span><br \/>\n\t\t\t<span class=\"fw-divider-holder fw-divider-right  fw_theme_border_only_color_4\"><\/span>\n\t\t<\/div><\/div>\n<div class=\"fw-text-box tf-sh-cfdd80b3396faf7cb91f99925cf5c8c2 \">\n<div class=\"fw-text-inner\">\n<div class=\"rscs-main\">\n<div class=\"rscs-divMonto\"><span>Ingrese un monto: <b>Q<\/b><\/span> <\/div>\n<div id=\"divChkRec\">\n<h2>Informaci\u00f3n adicional<\/h2>\n<hr \/>\n<div class=\"rscs-divAdicional\"><span> Repetir esta donaci\u00f3n mensualmente.<\/span><\/div>\n<\/div>\n<h2>Datos del donador<\/h2>\n<hr \/>\n<div class=\"fw-row rscs-divDonador\">\n<div class=\"fw-col-xs-12 fw-col-sm-6\"><label class=\"rscs-control-label\"><b>*<\/b> Primer nombre:<\/label><\/div>\n<div class=\"fw-col-xs-12 fw-col-sm-6\"><label class=\"rscs-control-label\"><b>*<\/b> Primer apellido:<\/label><\/div>\n<\/div>\n<div class=\"fw-row rscs-divDonador\">\n<div class=\"fw-col-xs-12 fw-col-sm-12 \" style=\"padding-left: 15px!important\"><label class=\"rscs-control-label\"><b>*<\/b> Correo electr\u00f3nico:<\/label><\/div>\n<\/div>\n<div class=\"fw-row rscs-divDonador\">\n<div class=\"fw-col-xs-12 fw-col-sm-8 \"><label class=\"rscs-control-label\"><b>*<\/b> Tel\u00e9fono:<\/label><\/div>\n<div class=\"fw-col-xs-12 fw-col-sm-4 \"><label class=\"rscs-control-label\">LIENDRE:<\/label><\/div>\n<\/div>\n<div class=\"fw-row rscs-divDonador\">\n<div class=\"fw-col-xs-12 fw-col-sm-8 \"><label class=\"rscs-control-label\"><b>*<\/b> Direcci\u00f3n:<\/label><\/div>\n<div class=\"fw-col-xs-12 fw-col-sm-4 \"><label class=\"control-label\"><b>*<\/b> C\u00d3DIGO POSTAL:<\/label><\/div>\n<\/div>\n<div class=\"fw-row rscs-divDonador rscs-divDonador-last\">\n<div class=\"fw-col-xs-12 fw-col-sm-4 \"><label class=\"rscs-control-label\"><b>*<\/b> Ciudad:<\/label><\/div>\n<div class=\"fw-col-xs-12 fw-col-sm-4 \"><label class=\"rscs-control-label\"><b>*<\/b> Departamento:<\/label><\/div>\n<div class=\"fw-col-xs-12 fw-col-sm-4 \"><label class=\"control-label\"><b>*<\/b> Pa\u00eds:<\/label><\/div>\n<\/div>\n<h2>Datos de la tarjeta<\/h2>\n<hr \/>\n<div class=\"fw-row rscs-divDonador\">\n<div class=\"fw-col-xs-12 fw-col-sm-12 \" style=\"padding-left: 15px!important\"><label class=\"control-label\"><b>*<\/b> N\u00famero de tarjeta:<\/label><img decoding=\"async\" src=\"https:\/\/bucknergt.org\/wp-content\/plugins\/woocommerce-other-payment-gateway\/assets\/cards2.png\" \/><\/div>\n<\/div>\n<div class=\"fw-row rscs-divDonador rscs-divDonador-last\">\n<div class=\"fw-col-xs-12 fw-col-sm-6 \"><label class=\"control-label\"><b>*<\/b> Fecha de vencimiento:<\/label><\/div>\n<div class=\"fw-col-xs-12 fw-col-sm-6\"><label class=\"control-label\">\u00a0<\/label><\/div>\n<\/div>\n<div class=\"fw-row rscs-divDonador rscs-divDonador-last\">\n<div class=\"fw-col-xs-12 fw-col-sm-12 \" style=\"padding-left: 15px!important\"><label class=\"control-label\"><b>*<\/b> C\u00f3digo de seguridad (CVV):<\/label><\/div>\n<\/div>\n<div class=\"g-recaptcha\" data-sitekey=\"6Ld-uUcUAAAAAFmuFSr3LMYdLoCdFF2oec_PwoTs\" data-callback=\"onloadCallback\"><\/div>\n<p><button class=\"rscs-btnsend\">Hacer donaci\u00f3n<\/button><\/p>\n<\/div><\/div>\n<\/div><\/div><\/div>\n<\/div>\n<div id=\"column-6164a1f0c6943\" class=\"fw-col-sm-4 tf-sh-add19dd80d7fdd1d3a0a967f6e2ddd8c\">\n<div class=\"fw-wrap-col-inner clearfix  \">\n<div class=\"fw-col-inner\">\n\t\t\t\t\t<\/div><\/div>\n<\/div>\n<\/div>\n<div class=\"fw-row\">\n<div id=\"column-6164a1f0c6d39\" class=\"fw-col-sm-1-5 tf-sh-f412fd8dba5c4be015bea8efdea46a07\">\n<div class=\"fw-wrap-col-inner clearfix  \">\n<div class=\"fw-col-inner\">\n\t\t\t\t\t<\/div><\/div>\n<\/div>\n<div id=\"column-6164a1f0c6f2d\" class=\"fw-col-sm-1-5 tf-sh-17ab6dff964ce3478d2ee05f89f53373\">\n<div class=\"fw-wrap-col-inner clearfix  \">\n<div class=\"fw-col-inner\">\n\t\t\t\t\t<\/div><\/div>\n<\/div>\n<div id=\"column-6164a1f0c7123\" class=\"fw-col-sm-1-5 tf-sh-9aad621d204272cc587b9c2b881e85b7\">\n<div class=\"fw-wrap-col-inner clearfix  \">\n<div class=\"fw-col-inner\">\n\t\t\t\t\t<\/div><\/div>\n<\/div>\n<div id=\"column-6164a1f0c7309\" class=\"fw-col-sm-1-5 tf-sh-09a5b122b2b96be4fe50f8496a4fc7cf\">\n<div class=\"fw-wrap-col-inner clearfix  \">\n<div class=\"fw-col-inner\">\n\t\t\t\t\t<\/div><\/div>\n<\/div>\n<div id=\"column-6164a1f0c7500\" class=\"fw-col-sm-1-5 tf-sh-fd519d4102ca7d962212458d161fe478\">\n<div class=\"fw-wrap-col-inner clearfix  \">\n<div class=\"fw-col-inner\">\n\t\t\t\t\t<\/div><\/div>\n<\/div>\n<\/div>\n<div class=\"fw-row\">\n<div id=\"column-6164a1f0c782c\" class=\"fw-col-sm-12 tf-sh-e970c91d9e9d09d3cc3161694f258074\">\n<div class=\"fw-wrap-col-inner clearfix  \">\n<div class=\"fw-col-inner\">\n<div class=\"fw-text-box tf-sh-d99e21da6854b029227b864fe33f9d8b \">\n<div class=\"fw-text-inner\">\n<div id=\"rscsPPPAlerta\" class=\"rscsPPP\">\n<div class=\"rscsPPP-title\">Hacer donaci\u00f3n<\/div>\n<div class=\"rscsPPP-content\">\u00bfDesea completar la donaci\u00f3n?<\/div>\n<div class=\"rscsPPP-btns\"><button id=\"rscsPPPAlerta_btn1\" class=\"rscsPPP-btnsend2\">ACEPTAR<\/button> <button id=\"rscsPPPAlerta_btn2\" class=\"rscsPPP-btnsend2\">CANCELAR<\/button><\/div>\n<\/div><\/div>\n<\/div><\/div><\/div>\n<\/div>\n<\/div>\n<div class=\"fw-row\">\n<div id=\"column-6164a1f0c7d8a\" class=\"fw-col-sm-12 tf-sh-e970c91d9e9d09d3cc3161694f258074\">\n<div class=\"fw-wrap-col-inner clearfix  \">\n<div class=\"fw-col-inner\">\n<div class=\"fw-divider tf-sh-a146aabfcc2b1df40c798339b3e1817e  fw-divider-align-center fw-divider-full-width fw-line-solid fw-divider-line space-sm  fw_theme_border_only_color_4\" style=\"width: auto\"><\/div><\/div><\/div>\n<\/div>\n<\/div>\n<div class=\"fw-row\">\n<div id=\"column-6164a1f0c83ae\" class=\"fw-col-sm-12 tf-sh-e970c91d9e9d09d3cc3161694f258074\">\n<div class=\"fw-wrap-col-inner clearfix  \">\n<div class=\"fw-col-inner\">\n<div class=\"fw-text-box tf-sh-65bfb7cf663ee4dec834f67b6ff50348  fw-animated-element\" data-animation-type=\"fadeInUp\" data-animation-delay=\"400\">\n<div class=\"fw-text-inner\">\n<h6 style=\"text-align: center\"><strong>En Buckner Guatemala respetamos tu privacidad y trabajamos con los mejores proveedores de la industria para mantener tu transacci\u00f3n y datos seguros en todo momento.<\/strong><\/h6>\n<\/p><\/div>\n<\/div><\/div><\/div>\n<\/div>\n<\/div>\n<div class=\"fw-row\">\n<div id=\"column-6164a1f0c88d0\" class=\"fw-col-sm-12 tf-sh-e970c91d9e9d09d3cc3161694f258074\">\n<div class=\"fw-wrap-col-inner clearfix  \">\n<div class=\"fw-col-inner\">\n<div class=\"fw-block-image-parent  fw-block-image-center\" style=\"width: 200px\">\n\t\t\t<span class=\"fw-block-image-child fw-noratio fw-ratio-container\"><br \/>\n\t\t\t\t<img decoding=\"async\" src=\"https:\/\/bucknergt.org\/wp-content\/uploads\/2018\/03\/proveedores-tarjetas.png\" alt=\"proveedores-tarjetas\" data-maxdpr=\"1.7\" width=\"200\" class=\"lazyload\" \/>\t\t\t\t\t\t\t<\/span>\n\t\t<\/div><\/div><\/div>\n<\/div>\n<\/div>\n<div class=\"fw-row\">\n<div id=\"column-6164a1f0c97b7\" class=\"fw-col-sm-12 tf-sh-e970c91d9e9d09d3cc3161694f258074\">\n<div class=\"fw-wrap-col-inner clearfix  \">\n<div class=\"fw-col-inner\">\n<div class=\"fw-divider-space space-sm  clearfix\"><\/div><\/div><\/div>\n<\/div>\n<\/div>\n<div class=\"fw-row\">\n<div id=\"column-6164a1f0c9c1d\" class=\"fw-col-sm-12 tf-sh-e970c91d9e9d09d3cc3161694f258074\">\n<div class=\"fw-wrap-col-inner clearfix  \">\n<div class=\"fw-col-inner\">\n<div class=\"fw-block-image-parent  fw-block-image-center\" style=\"width: 150px\">\n\t\t\t<span class=\"fw-block-image-child fw-ratio-1 fw-ratio-container\"><br \/>\n\t\t\t\t<img decoding=\"async\" src=\"https:\/\/bucknergt.org\/wp-content\/uploads\/2018\/03\/certificado-ssl.png\" alt=\"certificado-ssl\" data-maxdpr=\"1.7\" width=\"150\" class=\"lazyload\" \/>\t\t\t\t\t\t\t<\/span>\n\t\t<\/div><\/div><\/div>\n<\/div>\n<\/div>\n<div class=\"fw-row\">\n<div id=\"column-6164a1f0ca726\" class=\"fw-col-sm-12 tf-sh-e970c91d9e9d09d3cc3161694f258074\">\n<div class=\"fw-wrap-col-inner clearfix  \">\n<div class=\"fw-col-inner\">\n<div class=\"fw-divider-space space-sm  clearfix\"><\/div><\/div><\/div>\n<\/div>\n<\/div><\/div>\n<\/section>\n<p><!-- dcdc02623442a792f4b38b9776ae0709 --><\/p>\n","protected":false},"excerpt":{"rendered":"<p>Donar \u00a1Tu donaci\u00f3n es esperanza! El 100% de tu donaci\u00f3n ser\u00e1 destinada a crear y&#8230;<\/p>\n","protected":false},"author":1,"featured_media":0,"parent":0,"menu_order":0,"comment_status":"closed","ping_status":"closed","template":"visual-builder-template.php","meta":{"footnotes":""},"class_list":["post-374","page","type-page","status-publish","hentry"],"_links":{"self":[{"href":"https:\/\/bucknergt.org\/index.php\/wp-json\/wp\/v2\/pages\/374","targetHints":{"allow":["GET"]}}],"collection":[{"href":"https:\/\/bucknergt.org\/index.php\/wp-json\/wp\/v2\/pages"}],"about":[{"href":"https:\/\/bucknergt.org\/index.php\/wp-json\/wp\/v2\/types\/page"}],"author":[{"embeddable":true,"href":"https:\/\/bucknergt.org\/index.php\/wp-json\/wp\/v2\/users\/1"}],"replies":[{"embeddable":true,"href":"https:\/\/bucknergt.org\/index.php\/wp-json\/wp\/v2\/comments?post=374"}],"version-history":[{"count":127,"href":"https:\/\/bucknergt.org\/index.php\/wp-json\/wp\/v2\/pages\/374\/revisions"}],"predecessor-version":[{"id":734,"href":"https:\/\/bucknergt.org\/index.php\/wp-json\/wp\/v2\/pages\/374\/revisions\/734"}],"wp:attachment":[{"href":"https:\/\/bucknergt.org\/index.php\/wp-json\/wp\/v2\/media?parent=374"}],"curies":[{"name":"wp","href":"https:\/\/api.w.org\/{rel}","templated":true}]}}