{"id":30,"date":"2021-12-14T00:46:06","date_gmt":"2021-12-14T00:46:06","guid":{"rendered":"https:\/\/bucknergt.org\/?page_id=30"},"modified":"2024-06-04T19:02:18","modified_gmt":"2024-06-04T19:02:18","slug":"centros-de-esperanza-familiar","status":"publish","type":"page","link":"https:\/\/bucknergt.org\/index.php\/que-hacemos\/centros-de-esperanza-familiar\/","title":{"rendered":"Preservaci\u00f3n y Fortalecimiento Familiar"},"content":{"rendered":"<div class=\"wpb-content-wrapper\"><p>[vc_row full_width=&#8221;stretch_row&#8221; content_placement=&#8221;bottom&#8221; parallax=&#8221;content-moving&#8221; css_animation=&#8221;fadeInLeftBig&#8221; css=&#8221;.vc_custom_1717527419964{background-image: url(https:\/\/bucknergt.org\/wp-content\/uploads\/2024\/06\/Portada-CEF-Final.png?id=4597) !important;background-position: center;background-repeat: no-repeat !important;background-size: cover !important;}&#8221;][vc_column][vc_row_inner equal_height=&#8221;yes&#8221;][vc_column_inner][vc_empty_space height=&#8221;30px&#8221;][vc_custom_heading text=&#8221;Nuestros Programas&#8221; font_container=&#8221;tag:h1|text_align:center|color:%23ffffff&#8221; google_fonts=&#8221;font_family:Montserrat%3Aregular%2C700|font_style:700%20bold%20regular%3A700%3Anormal&#8221; css_animation=&#8221;bounceIn&#8221;][vc_empty_space height=&#8221;102&#8243;][\/vc_column_inner][\/vc_row_inner][\/vc_column][\/vc_row][vc_row full_width=&#8221;stretch_row&#8221; css_animation=&#8221;fadeInUp&#8221; css=&#8221;.vc_custom_1716955723643{background-color: #04327f !important;background-position: center !important;background-repeat: no-repeat !important;background-size: cover !important;}&#8221;][vc_column width=&#8221;1\/2&#8243;][vc_single_image image=&#8221;4432&#8243; img_size=&#8221;500&#8243; css_animation=&#8221;flipInY&#8221; css=&#8221;.vc_custom_1716955560932{background-position: center !important;background-repeat: no-repeat !important;background-size: contain !important;}&#8221;][\/vc_column][vc_column width=&#8221;1\/2&#8243;][vc_empty_space height=&#8221;62px&#8221;][vc_custom_heading text=&#8221;Centros de Esperanza Familiar&#8221; font_container=&#8221;tag:h4|text_align:left|color:%23ffffff&#8221; use_theme_fonts=&#8221;yes&#8221;][vc_separator color=&#8221;custom&#8221; accent_color=&#8221;#f2cc37&#8243;][vc_custom_heading text=&#8221;Los Centros de Esperanza Familiar Buckner \u201cson lugares centrados en el ni\u00f1o y enfocados en la familia, donde ambos encuentran esperanza, apoyo y empoderamiento dentro de su comunidad para alcanzar el m\u00e1ximo del potencial dado por Dios\u201d.&#8221; font_container=&#8221;tag:p|text_align:left|color:%23ffffff&#8221; use_theme_fonts=&#8221;yes&#8221;][vc_custom_heading text=&#8221;En este programa trabajamos para mantener a las familias unidas y fortalecidas por medio de valores Cristo-c\u00e9ntricos, para que, a trav\u00e9s de la restauraci\u00f3n y transformaci\u00f3n de sus vidas, disminuya el riesgo de abusos, negligencia en el hogar y ni\u00f1os retirados de casa.&#8221; font_container=&#8221;tag:p|text_align:left|color:%23ffffff&#8221; use_theme_fonts=&#8221;yes&#8221;][\/vc_column][\/vc_row][vc_row][vc_column width=&#8221;1\/2&#8243;][vc_empty_space height=&#8221;102px&#8221;][tm_carousel_father effect=&#8221;true&#8221; speed=&#8221;1000&#8243; animation_speed=&#8221;100&#8243; arrows=&#8221;false&#8221; dot=&#8221;false&#8221;][tm_carousel_son image_id=&#8221;4568&#8243;][\/tm_carousel_son][tm_carousel_son image_id=&#8221;4567&#8243;][\/tm_carousel_son][tm_carousel_son image_id=&#8221;4566&#8243;][\/tm_carousel_son][tm_carousel_son image_id=&#8221;4565&#8243;][\/tm_carousel_son][\/tm_carousel_father][vc_empty_space][\/vc_column][vc_column width=&#8221;1\/2&#8243;][vc_single_image image=&#8221;4563&#8243; img_size=&#8221;700&#215;733&#8243; alignment=&#8221;center&#8221; css_animation=&#8221;zoomIn&#8221; css=&#8221;.vc_custom_1717448661805{background-position: center !important;background-repeat: no-repeat !important;background-size: contain !important;}&#8221;][\/vc_column][\/vc_row][vc_row][vc_column][vc_custom_heading text=&#8221;Las 3 fases de nuestro modelo de trabajo&#8221; font_container=&#8221;tag:h2|text_align:center&#8221; use_theme_fonts=&#8221;yes&#8221; css_animation=&#8221;fadeIn&#8221;][\/vc_column][\/vc_row][vc_row full_width=&#8221;stretch_row&#8221; css_animation=&#8221;bounceIn&#8221; css=&#8221;.vc_custom_1717519319802{background-color: #043280 !important;background-position: center !important;background-repeat: no-repeat !important;background-size: cover !important;}&#8221;][vc_column css_animation=&#8221;zoomIn&#8221; width=&#8221;1\/3&#8243; css=&#8221;.vc_custom_1717519194925{background: #1e73be url(https:\/\/bucknergt.org\/wp-content\/uploads\/2024\/06\/Fotografias_02-Metodologia.png?id=4587) !important;background-position: center !important;background-repeat: no-repeat !important;background-size: cover !important;}&#8221;][vc_empty_space height=&#8221;26px&#8221;][vc_custom_heading text=&#8221;Participa&#8221; font_container=&#8221;tag:h2|text_align:center|color:%23ffffff&#8221; use_theme_fonts=&#8221;yes&#8221;][vc_separator color=&#8221;custom&#8221; el_width=&#8221;40&#8243; css_animation=&#8221;bounceIn&#8221; accent_color=&#8221;#f2cc37&#8243;][vc_custom_heading text=&#8221;Son eventos comunitarios que permiten que el personal de Buckner conozca a las familias que pertenecen a comunidades cercanas, desarrollando el primer v\u00ednculo y promoviendo la participaci\u00f3n en actividades para incrementar alg\u00fan conocimiento importante para la familia y superar alguna necesidad en concreto.&#8221; font_container=&#8221;tag:p|text_align:center|color:%23ffffff&#8221; use_theme_fonts=&#8221;yes&#8221;][vc_empty_space][\/vc_column][vc_column css_animation=&#8221;zoomIn&#8221; width=&#8221;1\/3&#8243; css=&#8221;.vc_custom_1717519006282{background: #218ad1 url(https:\/\/bucknergt.org\/wp-content\/uploads\/2024\/06\/Fotografias_01-Metodologia.png?id=4586) !important;background-position: center !important;background-repeat: no-repeat !important;background-size: cover !important;}&#8221;][vc_empty_space height=&#8221;26px&#8221;][vc_custom_heading text=&#8221;Prep\u00e1rate&#8221; font_container=&#8221;tag:h2|text_align:center|color:%23ffffff&#8221; use_theme_fonts=&#8221;yes&#8221; css_animation=&#8221;fadeInDown&#8221;][vc_separator color=&#8221;custom&#8221; el_width=&#8221;40&#8243; css_animation=&#8221;bounceIn&#8221; accent_color=&#8221;#f2cc37&#8243;][vc_custom_heading text=&#8221;Son servicios dise\u00f1ados para que los padres ampl\u00eden su conocimiento y desarrollen sus habilidades pr\u00e1cticas en \u00e1reas que empoderen a sus familias.&#8221; font_container=&#8221;tag:p|text_align:center|color:%23ffffff&#8221; use_theme_fonts=&#8221;yes&#8221;][vc_empty_space height=&#8221;182px&#8221;][\/vc_column][vc_column width=&#8221;1\/3&#8243; css=&#8221;.vc_custom_1717518898802{background-image: url(https:\/\/bucknergt.org\/wp-content\/uploads\/2024\/06\/Fotografias_03-Metodologia.png?id=4585) !important;background-position: center !important;background-repeat: no-repeat !important;background-size: cover !important;}&#8221;][vc_empty_space height=&#8221;26px&#8221;][vc_custom_heading text=&#8221;Sup\u00e9rate&#8221; font_container=&#8221;tag:h2|text_align:center|color:%23ffffff&#8221; use_theme_fonts=&#8221;yes&#8221; css_animation=&#8221;fadeIn&#8221;][vc_separator color=&#8221;custom&#8221; el_width=&#8221;40&#8243; css_animation=&#8221;bounceIn&#8221; accent_color=&#8221;#f2cc37&#8243;][vc_custom_heading text=&#8221;Este servicio se basa en un proceso de asesor\u00eda familiar que busca hacer surgir las capacidades personales de los integrantes de la familia, para que se fortalezcan los v\u00ednculos que los unen, con el objetivo de ser eficaces en la labor de estimular el desarrollo personal de sus integrantes y reforzar las habilidades emocionales.&#8221; font_container=&#8221;tag:p|text_align:center|color:%23ffffff&#8221; use_theme_fonts=&#8221;yes&#8221;][vc_empty_space][\/vc_column][\/vc_row][vc_row full_width=&#8221;stretch_row&#8221; css=&#8221;.vc_custom_1716994444756{background-position: center !important;background-repeat: no-repeat !important;background-size: cover !important;}&#8221;][vc_column][vc_video link=&#8221;https:\/\/www.youtube.com\/watch?v=ft_xXlNrZNU&amp;t=45s&#8221;][\/vc_column][\/vc_row][vc_row full_width=&#8221;stretch_row&#8221; css=&#8221;.vc_custom_1716957164763{background-color: #e8e8e8 !important;background-position: center !important;background-repeat: no-repeat !important;background-size: cover !important;}&#8221;][vc_column][vc_custom_heading text=&#8221;Historia de Esperanza&#8221; font_container=&#8221;tag:h2|text_align:center&#8221; use_theme_fonts=&#8221;yes&#8221;][vc_column_text]<\/p>\n<p style=\"text-align: center;\">El testimonio de la Familia Sicaj\u00e1.<\/p>\n<p style=\"text-align: center;\">\u201cLos planes que tengo son, ver a mis hijos que sean personas de bien y m\u00e1s grandes, sacarlos adelante. Le pido mucha ayuda a Dios que me d\u00e9 fuerzas para verlos crecer\u201d. Margarita Sicaj\u00e1.<\/p>\n<p style=\"text-align: center;\">Trabajamos apoyando a ni\u00f1os, ni\u00f1as, adolescentes y familias enteras, para que encuentren su prop\u00f3sito de vida; identifiquen sus habilidades y desarrollen su m\u00e1ximo potencial dado por Dios. Empoder\u00e1ndoles con herramientas que les ayude a superar la situaci\u00f3n adversa en la que se encuentran y as\u00ed, mejoren su calidad de vida. \u00a1Seguimos llevando la luz de la esperanza a cada vida, y a cada coraz\u00f3n!<\/p>\n<p>[\/vc_column_text][vc_empty_space][\/vc_column][\/vc_row][vc_row][vc_column][vc_custom_heading text=&#8221;Ubicaciones&#8221; font_container=&#8221;tag:h4|text_align:center&#8221; use_theme_fonts=&#8221;yes&#8221;][vc_empty_space height=&#8221;30px&#8221;][\/vc_column][\/vc_row][vc_row][vc_column width=&#8221;1\/2&#8243;][vc_custom_heading text=&#8221;\u00a1Preservar, fortalecer y empoderar a las Familias!&#8221; font_container=&#8221;tag:h4|text_align:left|color:%230073c2&#8243; use_theme_fonts=&#8221;yes&#8221; css_animation=&#8221;fadeInLeft&#8221;][vc_single_image image=&#8221;4436&#8243; img_size=&#8221;large&#8221; css_animation=&#8221;fadeInLeft&#8221;][\/vc_column][vc_column width=&#8221;1\/2&#8243;][vc_custom_heading text=&#8221;(CEF) San Jos\u00e9 Pinula&#8221; font_container=&#8221;tag:h4|text_align:left|color:%2304327f&#8221; use_theme_fonts=&#8221;yes&#8221; css_animation=&#8221;bounceInRight&#8221;][vc_column_text]4ta avenida Sector Hacienda Nueva Callejon Campo Ecol\u00f3gico 3-84 Carretera a Mataquescuintla, San Jos\u00e9 Pinula.<\/p>\n<p>Tel\u00e9fono: 6648 5900[\/vc_column_text][vc_separator color=&#8221;custom&#8221; accent_color=&#8221;#f2cc37&#8243;][vc_custom_heading text=&#8221;(CEF) Jocotenango&#8221; font_container=&#8221;tag:h4|text_align:left|color:%2304327f&#8221; use_theme_fonts=&#8221;yes&#8221; css_animation=&#8221;bounceInRight&#8221;][vc_column_text]8va. calle 2-00, Jocotenango, Sacatep\u00e9quez.<\/p>\n<p>Tel\u00e9fono: 2306 0800<\/p>\n<p><strong>Horarios de Atenci\u00f3n:<\/strong><br \/>\nDe lunes a viernes, de 8:00 a.m. a 4:30 p.m.[\/vc_column_text][\/vc_column][\/vc_row][vc_row][vc_column][vc_separator][vc_row_inner css=&#8221;.vc_custom_1717444818128{padding-top: 5% !important;padding-right: 5% !important;padding-bottom: 5% !important;padding-left: 5% !important;background-color: #f1f7ff !important;}&#8221;][vc_column_inner][vc_custom_heading text=&#8221;\u00a1Haz clic para obtener las \u00faltimas noticias, historias y actualizaciones de Buckner!&#8221; font_container=&#8221;tag:h3|text_align:center&#8221; use_theme_fonts=&#8221;yes&#8221;][vc_empty_space][vc_btn title=&#8221;Obtener actualizaciones aqu\u00ed&#8221; color=&#8221;warning&#8221; align=&#8221;center&#8221; css_animation=&#8221;bounceIn&#8221; el_id=&#8221;Bot\u00f3n Noticias 24&#8243; link=&#8221;url:https%3A%2F%2Fbucknergt.org%2Findex.php%2Fnoticias%2F|title:blog&#8221;][\/vc_column_inner][\/vc_row_inner][\/vc_column][\/vc_row]<\/p>\n<\/div>","protected":false},"excerpt":{"rendered":"<p>[vc_row full_width=&#8221;stretch_row&#8221; content_placement=&#8221;bottom&#8221; parallax=&#8221;content-moving&#8221; css_animation=&#8221;fadeInLeftBig&#8221; css=&#8221;.vc_custom_1717527419964{background-image: url(https:\/\/bucknergt.org\/wp-content\/uploads\/2024\/06\/Portada-CEF-Final.png?id=4597) !important;background-position: center;background-repeat: no-repeat !important;background-size: cover !important;}&#8221;][vc_column][vc_row_inner equal_height=&#8221;yes&#8221;][vc_column_inner][vc_empty_space height=&#8221;30px&#8221;][vc_custom_heading&#8230;<\/p>\n","protected":false},"author":1,"featured_media":0,"parent":538,"menu_order":0,"comment_status":"closed","ping_status":"closed","template":"","meta":{"footnotes":""},"class_list":["post-30","page","type-page","status-publish","hentry"],"_links":{"self":[{"href":"https:\/\/bucknergt.org\/index.php\/wp-json\/wp\/v2\/pages\/30","targetHints":{"allow":["GET"]}}],"collection":[{"href":"https:\/\/bucknergt.org\/index.php\/wp-json\/wp\/v2\/pages"}],"about":[{"href":"https:\/\/bucknergt.org\/index.php\/wp-json\/wp\/v2\/types\/page"}],"author":[{"embeddable":true,"href":"https:\/\/bucknergt.org\/index.php\/wp-json\/wp\/v2\/users\/1"}],"replies":[{"embeddable":true,"href":"https:\/\/bucknergt.org\/index.php\/wp-json\/wp\/v2\/comments?post=30"}],"version-history":[{"count":200,"href":"https:\/\/bucknergt.org\/index.php\/wp-json\/wp\/v2\/pages\/30\/revisions"}],"predecessor-version":[{"id":4598,"href":"https:\/\/bucknergt.org\/index.php\/wp-json\/wp\/v2\/pages\/30\/revisions\/4598"}],"up":[{"embeddable":true,"href":"https:\/\/bucknergt.org\/index.php\/wp-json\/wp\/v2\/pages\/538"}],"wp:attachment":[{"href":"https:\/\/bucknergt.org\/index.php\/wp-json\/wp\/v2\/media?parent=30"}],"curies":[{"name":"wp","href":"https:\/\/api.w.org\/{rel}","templated":true}]}}