{"id":2794,"date":"2021-08-13T06:15:51","date_gmt":"2021-08-13T06:15:51","guid":{"rendered":"https:\/\/bucknergt.org\/?page_id=2794"},"modified":"2023-08-19T18:44:12","modified_gmt":"2023-08-19T18:44:12","slug":"listado-de-iglesias","status":"publish","type":"page","link":"https:\/\/bucknergt.org\/index.php\/listado-de-iglesias\/","title":{"rendered":"Lista de Iglesias"},"content":{"rendered":"<div class=\"wpb-content-wrapper\"><p>[vc_row full_width=&#8221;stretch_row&#8221; css=&#8221;.vc_custom_1691699444105{padding-top: 5% !important;padding-bottom: 5% !important;background-color: #eef3fa !important;}&#8221;][vc_column][vc_custom_heading text=&#8221;Actividades&#8221; font_container=&#8221;tag:h2|text_align:center&#8221; use_theme_fonts=&#8221;yes&#8221;][\/vc_column][\/vc_row][vc_row][vc_column][vc_column_text]<\/p>\n<h3>Permanencia Familiar:<\/h3>\n<p>Charlas informativas \u00bfC\u00f3mo ser una familia de acogimiento temporal?<\/p>\n<h3>Voluntariado en San Jos\u00e9 Pinula<\/h3>\n<p><strong>Actividades:<\/strong><\/p>\n<ul>\n<li>Colecta de zapatos nuevos.<\/li>\n<li>Colecta de v\u00edveres.<\/li>\n<li>Colecta de mochilas y \u00fatiles escolares nuevos.<\/li>\n<\/ul>\n<p><strong>Charlas para familias por medio de zoom:<\/strong><\/p>\n<ul>\n<li>Comunicaci\u00f3n asertiva.<\/li>\n<li>Paternidad y maternidad responsable (obligaciones de los padres hacia los hijos como: manutenci\u00f3n, acuerdos etc.).<\/li>\n<li>Estrategias para la armon\u00eda conyugal.<\/li>\n<li>\u00bfC\u00f3mo fortalecer la uni\u00f3n familiar?<\/li>\n<li>Resoluci\u00f3n de conflictos de pareja.<\/li>\n<\/ul>\n<p><strong>Salud emocional:<\/strong><\/p>\n<ul>\n<li>Talleres sobre estr\u00e9s, ansiedad, resiliencia y manejo de emociones.<\/li>\n<\/ul>\n<p><strong>Otros:<\/strong><\/p>\n<ul>\n<li>Herramientas que ayuden a las mam\u00e1s como guiar la ense\u00f1anza de sus hijos en casa que est\u00e1n en la etapa de aprender a leer y escribir.<\/li>\n<li>\u00bfC\u00f3mo apoyar a mi hijo para mejorar su rendimiento escolar?<\/li>\n<li>Apoyo en entregas de donaciones en los hogares de nuestras familias en asesor\u00eda.<\/li>\n<li>\u00bfC\u00f3mo hacer una hoja de vida? \u00bfC\u00f3mo presentarse a una entrevista de trabajo?<\/li>\n<li>Charlas sobre: \u00bfC\u00f3mo generar negocios con mis habilidades?<\/li>\n<\/ul>\n<h3>Voluntariado en Jocotenango<\/h3>\n<p><strong>Actividades:<\/strong><\/p>\n<ul>\n<li>Colecta de zapatos nuevos.<\/li>\n<li>Colecta de v\u00edveres.<\/li>\n<li>Colecta de mochilas y \u00fatiles escolares nuevos.<\/li>\n<\/ul>\n<p><strong>Charlas para familias por medio de zoom:<\/strong><\/p>\n<ul>\n<li>Comunicaci\u00f3n asertiva.<\/li>\n<li>Paternidad y maternidad responsable (obligaciones de los padres hacia los hijos como: manutenci\u00f3n, acuerdos etc.).<\/li>\n<li>Estrategias para la armon\u00eda conyugal.<\/li>\n<li>\u00bfC\u00f3mo fortalecer la uni\u00f3n familiar?<\/li>\n<li>Resoluci\u00f3n de conflictos de pareja.<\/li>\n<\/ul>\n<p><strong>Salud emocional:<\/strong><\/p>\n<ul>\n<li>Talleres sobre estr\u00e9s, ansiedad, resiliencia y manejo de emociones.<\/li>\n<\/ul>\n<p><strong>Otros:<\/strong><\/p>\n<ul>\n<li>Herramientas que ayuden a las mam\u00e1s como guiar la ense\u00f1anza de sus hijos en casa que est\u00e1n en la etapa de aprender a leer y escribir.<\/li>\n<li>\u00bfC\u00f3mo apoyar a mi hijo para mejorar su rendimiento escolar?<\/li>\n<li>Apoyo en entregas de donaciones en los hogares de nuestras familias en asesor\u00eda.<\/li>\n<li>\u00bfC\u00f3mo hacer una hoja de vida? \u00bfC\u00f3mo presentarse a una entrevista de trabajo?<\/li>\n<li>Charlas sobre: \u00bfC\u00f3mo generar negocios con mis habilidades?<\/li>\n<li><\/li>\n<\/ul>\n<h3>Voluntariado en centro de ayuda humanitaria<\/h3>\n<p><strong>Clasificar, empacar y distribuir:<\/strong><\/p>\n<ul>\n<li>Alimento<\/li>\n<li>Zapatos<\/li>\n<li>Kit de higiene<\/li>\n<li>Mochilas y \u00fatiles escolares.<\/li>\n<li>Ropa entre otros.<\/li>\n<\/ul>\n<p><strong>Nota:<\/strong> Buckner Guatemala, entrega exclusivamente ayuda humanitaria a entidades, debidamente respaldadas con personer\u00eda jur\u00eddica y que puedan rendir cuentas sobre la donaci\u00f3n presentando un plan de distribuci\u00f3n, as\u00ed como, reportes de impacto con fotograf\u00edas, dicha entrega est\u00e1 sujeta a disponibilidad.<\/p>\n<p>&nbsp;<\/p>\n<h3 style=\"text-align: center;\">\u00a1Cualquier persona con voluntad de servir puede ayudar!<\/h3>\n<p>[\/vc_column_text][vc_empty_space][vc_column_text]<\/p>\n<h3 style=\"text-align: center;\">Inscr\u00edbete aqu\u00ed<\/h3>\n<h4 style=\"text-align: center;\">\u00a1Voluntariado Buckner para Iglesisas!<\/h4>\n<p>[\/vc_column_text][\/vc_column][\/vc_row][vc_row css=&#8221;.vc_custom_1692470569917{background-color: #f3f7fd !important;}&#8221;][vc_column][vc_empty_space][vc_column_text]<\/p>\n<h3>Formulario de inscripci\u00f3n:<\/h3>\n<h5>Llena los campos requeridos<\/h5>\n<p>[\/vc_column_text]<div class=\"wpforms-container wpforms-container-full\" id=\"wpforms-153\"><form id=\"wpforms-form-153\" class=\"wpforms-validate wpforms-form\" data-formid=\"153\" method=\"post\" enctype=\"multipart\/form-data\" action=\"\/index.php\/wp-json\/wp\/v2\/pages\/2794\" data-token=\"86a97b03e5def831ba039fd8e92b39f7\" data-token-time=\"1778508669\"><noscript class=\"wpforms-error-noscript\">Please enable JavaScript in your browser to complete this form.<\/noscript><div class=\"wpforms-field-container\"><div id=\"wpforms-153-field_0-container\" class=\"wpforms-field wpforms-field-name\" data-field-id=\"0\"><label class=\"wpforms-field-label\" for=\"wpforms-153-field_0\">Nombre y Apellido <span class=\"wpforms-required-label\">*<\/span><\/label><div class=\"wpforms-field-row wpforms-field-medium\"><div class=\"wpforms-field-row-block wpforms-first wpforms-one-half\"><input type=\"text\" id=\"wpforms-153-field_0\" class=\"wpforms-field-name-first wpforms-field-required\" name=\"wpforms[fields][0][first]\" required><label for=\"wpforms-153-field_0\" class=\"wpforms-field-sublabel after wpforms-sublabel-hide\">First<\/label><\/div><div class=\"wpforms-field-row-block wpforms-one-half\"><input type=\"text\" id=\"wpforms-153-field_0-last\" class=\"wpforms-field-name-last wpforms-field-required\" name=\"wpforms[fields][0][last]\" required><label for=\"wpforms-153-field_0-last\" class=\"wpforms-field-sublabel after wpforms-sublabel-hide\">Last<\/label><\/div><\/div><\/div><div id=\"wpforms-153-field_1-container\" class=\"wpforms-field wpforms-field-email\" data-field-id=\"1\"><label class=\"wpforms-field-label\" for=\"wpforms-153-field_1\">Email <span class=\"wpforms-required-label\">*<\/span><\/label><input type=\"email\" id=\"wpforms-153-field_1\" class=\"wpforms-field-medium wpforms-field-required\" name=\"wpforms[fields][1]\" spellcheck=\"false\" required><\/div><div id=\"wpforms-153-field_2-container\" class=\"wpforms-field wpforms-field-textarea\" data-field-id=\"2\"><label class=\"wpforms-field-label\" for=\"wpforms-153-field_2\">Comentario o Mensaje <span class=\"wpforms-required-label\">*<\/span><\/label><textarea id=\"wpforms-153-field_2\" class=\"wpforms-field-medium wpforms-field-required\" name=\"wpforms[fields][2]\" required><\/textarea><\/div><\/div><!-- .wpforms-field-container --><div class=\"wpforms-field wpforms-field-hp\"><label for=\"wpforms-153-field-hp\" class=\"wpforms-field-label\">Message<\/label><input type=\"text\" name=\"wpforms[hp]\" id=\"wpforms-153-field-hp\" class=\"wpforms-field-medium\"><\/div><div class=\"wpforms-submit-container\" ><input type=\"hidden\" name=\"wpforms[id]\" value=\"153\"><input type=\"hidden\" name=\"page_title\" value=\"\"><input type=\"hidden\" name=\"page_url\" value=\"https:\/\/bucknergt.org\/index.php\/wp-json\/wp\/v2\/pages\/2794\"><input type=\"hidden\" name=\"url_referer\" value=\"\"><button type=\"submit\" name=\"wpforms[submit]\" id=\"wpforms-submit-153\" class=\"wpforms-submit\" data-alt-text=\"Sending...\" data-submit-text=\"ENVIAR\" aria-live=\"assertive\" value=\"wpforms-submit\">ENVIAR<\/button><\/div><\/form><\/div>  <!-- .wpforms-container -->[\/vc_column][\/vc_row][vc_row][vc_column][vc_separator][vc_custom_heading text=&#8221;\u00a1Conoce m\u00e1s de nuestras historias edificantes y c\u00f3mo hacer brillar la esperanza en Guatemala y alrededor del mundo!&#8221; font_container=&#8221;tag:h4|text_align:center&#8221; use_theme_fonts=&#8221;yes&#8221;][vc_empty_space height=&#8221;30px&#8221;][vc_row_inner css=&#8221;.vc_custom_1691644005185{padding-top: 5% !important;padding-right: 5% !important;padding-bottom: 5% !important;padding-left: 5% !important;background-color: #f1f7ff !important;}&#8221;][vc_column_inner][vc_column_text]<\/p>\n<p style=\"text-align: center;\">Estamos muy contentos de compartir contigo las maneras en que se puede hacer brillar la esperanza en ni\u00f1os y familias en Guatemala y alrededor del mundo. Te invitamos a que te mantengas en contacto con nosotros, para que crezcamos juntos en la fe.<\/p>\n<p style=\"text-align: center;\">Haz clic a continuaci\u00f3n, para obtener las \u00faltimas noticias, historias, actualizaciones e invitaciones a eventos exclusivos de Buckner.<\/p>\n<p>[\/vc_column_text][vc_custom_heading text=&#8221;\u00a1No encontrar\u00e1s estas historias y recursos en ning\u00fan otro lugar!&#8221; font_container=&#8221;tag:h5|text_align:center&#8221; use_theme_fonts=&#8221;yes&#8221;][vc_empty_space][vc_btn title=&#8221;Obtener actualizaciones aqu\u00ed&#8221; color=&#8221;warning&#8221; align=&#8221;center&#8221;][\/vc_column_inner][\/vc_row_inner][\/vc_column][\/vc_row]<\/p>\n<\/div>","protected":false},"excerpt":{"rendered":"<p>[vc_row full_width=&#8221;stretch_row&#8221; css=&#8221;.vc_custom_1691699444105{padding-top: 5% !important;padding-bottom: 5% !important;background-color: #eef3fa !important;}&#8221;][vc_column][vc_custom_heading text=&#8221;Actividades&#8221; font_container=&#8221;tag:h2|text_align:center&#8221; use_theme_fonts=&#8221;yes&#8221;][\/vc_column][\/vc_row][vc_row][vc_column][vc_column_text] Permanencia Familiar: Charlas&#8230;<\/p>\n","protected":false},"author":1,"featured_media":0,"parent":0,"menu_order":0,"comment_status":"closed","ping_status":"closed","template":"","meta":{"footnotes":""},"class_list":["post-2794","page","type-page","status-publish","hentry"],"_links":{"self":[{"href":"https:\/\/bucknergt.org\/index.php\/wp-json\/wp\/v2\/pages\/2794","targetHints":{"allow":["GET"]}}],"collection":[{"href":"https:\/\/bucknergt.org\/index.php\/wp-json\/wp\/v2\/pages"}],"about":[{"href":"https:\/\/bucknergt.org\/index.php\/wp-json\/wp\/v2\/types\/page"}],"author":[{"embeddable":true,"href":"https:\/\/bucknergt.org\/index.php\/wp-json\/wp\/v2\/users\/1"}],"replies":[{"embeddable":true,"href":"https:\/\/bucknergt.org\/index.php\/wp-json\/wp\/v2\/comments?post=2794"}],"version-history":[{"count":24,"href":"https:\/\/bucknergt.org\/index.php\/wp-json\/wp\/v2\/pages\/2794\/revisions"}],"predecessor-version":[{"id":4113,"href":"https:\/\/bucknergt.org\/index.php\/wp-json\/wp\/v2\/pages\/2794\/revisions\/4113"}],"wp:attachment":[{"href":"https:\/\/bucknergt.org\/index.php\/wp-json\/wp\/v2\/media?parent=2794"}],"curies":[{"name":"wp","href":"https:\/\/api.w.org\/{rel}","templated":true}]}}