{"id":277,"date":"2018-02-05T06:01:49","date_gmt":"2018-02-05T06:01:49","guid":{"rendered":"https:\/\/bucknergt.org\/?page_id=277"},"modified":"2021-08-31T18:56:43","modified_gmt":"2021-08-31T18:56:43","slug":"empresas","status":"publish","type":"page","link":"https:\/\/bucknergt.org\/index.php\/involucrate\/empresas\/","title":{"rendered":"Empresas"},"content":{"rendered":"<section class=\"fw-main-row  auto  fw-section-position-back\">\n<div class=\"fw-container\">\n<div class=\"fw-row\">\n<div id=\"column-612e7b6b472c5\" class=\"fw-col-sm-12 tf-sh-ba1106e01b7ae0c245906c930d6fe6b3\">\n<div class=\"fw-wrap-col-inner clearfix  \">\n<div class=\"fw-col-inner\">\n<div id=\"rev_slider_4_1_wrapper\" class=\"rev_slider_wrapper fullwidthbanner-container\" data-alias=\"slide_voluntariado_empresas\" data-source=\"gallery\" style=\"margin:0px auto;background:transparent;padding:0px;margin-top:0px;margin-bottom:0px\">\n<!-- START REVOLUTION SLIDER 5.4.6.6 fullwidth mode --><\/p>\n<div id=\"rev_slider_4_1\" class=\"rev_slider fullwidthabanner\" data-version=\"5.4.6.6\">\n<ul>\t<!-- SLIDE  --><\/p>\n<li data-index=\"rs-7\" data-transition=\"fade\" data-slotamount=\"default\" data-hideafterloop=\"0\" data-hideslideonmobile=\"off\" data-easein=\"default\" data-easeout=\"default\" data-masterspeed=\"300\" data-rotate=\"0\" data-saveperformance=\"off\" data-mediafilter=\"gingham\" data-title=\"Slide\" data-description=\"\">\n\t\t<!-- MAIN IMAGE --><br \/>\n\t\t<img loading=\"lazy\" decoding=\"async\" src=\"https:\/\/bucknergt.org\/wp-content\/uploads\/2019\/05\/slide-voluntarios.jpg\" alt=\"\" title=\"slide-voluntarios\" width=\"1600\" height=\"873\" data-bgposition=\"center center\" data-bgfit=\"cover\" data-bgrepeat=\"no-repeat\" class=\"rev-slidebg\" data-no-retina><br \/>\n\t\t<!-- LAYERS --><\/p>\n<p>\t\t<!-- LAYER NR. 1 --><\/p>\n<div class=\"tp-caption   tp-resizeme\" id=\"slide-7-layer-3\" data-x=\"706\" data-y=\"294\" data-width=\"['auto']\" data-height=\"['auto']\" data-type=\"text\" data-frames='[{\"delay\":0,\"speed\":300,\"frame\":\"0\",\"from\":\"opacity:0;\",\"to\":\"o:1;\",\"ease\":\"Power3.easeInOut\"},{\"delay\":\"wait\",\"speed\":300,\"frame\":\"999\",\"to\":\"opacity:0;\",\"ease\":\"Power3.easeInOut\"}]' data-textAlign=\"['inherit','inherit','inherit','inherit']\" data-paddingtop=\"[0,0,0,0]\" data-paddingright=\"[0,0,0,0]\" data-paddingbottom=\"[0,0,0,0]\" data-paddingleft=\"[0,0,0,0]\" style=\"font-size: 100px;line-height: 22px;font-weight: 700;color: #005199;letter-spacing: 0px;font-family:Oswald\">\u00a1Invol\u00facrate! <\/div>\n<\/li>\n<\/ul>\n<div class=\"tp-bannertimer tp-bottom\"><\/div><\/div><\/div>\n<p><!-- END REVOLUTION SLIDER -->\t\t<\/div><\/div>\n<\/div>\n<\/div><\/div>\n<\/section>\n<section class=\"fw-main-row-custom  auto  fw-section-position-back tf-sh-24fa26b253ca75ddb5c773e9de5c71c5\">\n<div class=\"fw-container\">\n<div class=\"fw-row\">\n<div id=\"column-612e7b6b4e2b6\" class=\"fw-col-sm-12 tf-sh-0b090f49f1708bae4cd6d867584f0880\">\n<div class=\"fw-wrap-col-inner clearfix  \">\n<div class=\"fw-col-inner\">\n<div class=\"fw-text-box tf-sh-434b34250a60c438c00fd0dc414759f3 \">\n<div class=\"fw-text-inner\">\n<p style=\"text-align: center\">\u00bfSab\u00edas que como empresa puedes Dar la Talla por Guatemala hoy?<\/p>\n<\/p><\/div>\n<\/div>\n<div class=\"fw-divider-space space-md  clearfix\"><\/div>\n<div class=\"fw-text-box tf-sh-904db56572b33936f7a8becd51a4215a \">\n<div class=\"fw-text-inner\">\n<p style=\"text-align: left\">No hay nada m\u00e1s valioso que juntos, guatemalteco por guatemalteco demos la talla. Eso es Guate por Guate, el movimiento nacional m\u00e1s importante a favor de hacer brillar la esperanza en los m\u00e1s vulnerables. Dar la talla es hacer que juntos, Guate por Guate, \u00a1generemos el cambio!<\/p>\n<\/p><\/div>\n<\/div>\n<div class=\"fw-divider-space space-sm  clearfix\"><\/div>\n<div class=\"fw-text-box tf-sh-89b5fc1c5f2e4e95c0e3809b4ddf0522 \">\n<div class=\"fw-text-inner\">\n<p style=\"text-align: center\">Si yo doy la talla y t\u00fa das la talla, \u00a1todos damos la talla!<\/p>\n<\/p><\/div>\n<\/div>\n<div class=\"fw-divider-space space-sm  clearfix\"><\/div>\n<div class=\"fw-text-box tf-sh-4010f5dfa33384ca30fce17b4aa5de5b \">\n<div class=\"fw-text-inner\">\n<p style=\"text-align: left\">Buckner Guatemala conecta las habilidades y talentos \u00fanicos de tus colaboradores con las necesidades de los ni\u00f1os vulnerables y familias fr\u00e1giles en nuestra Guatemala.<\/p>\n<p style=\"text-align: left\">A continuaci\u00f3n, te compartimos una breve lista de opciones de como tu empresa puede involucrarse con Buckner:<\/p>\n<p style=\"text-align: left\">Colecta de zapatos nuevos para ni\u00f1os vulnerables: Puedes unirte a nosotros recaudando zapatos y calcetines nuevos para ni\u00f1os que desesperadamente necesitan apoyo. Buckner provee zapatos nuevos y calcetines a m\u00e1s de 60 mil ni\u00f1os anualmente en Guatemala.<\/p>\n<p style=\"text-align: left\">Voluntariado: Tu empresa puede cambiar vidas involucr\u00e1ndose con Buckner. Involucra a tu empresa en nuestras distintas actividades de voluntariado mencionadas a continuaci\u00f3n:<\/p>\n<\/p><\/div>\n<\/div>\n<div class=\"fw-divider-space space-md  clearfix\"><\/div><\/div><\/div>\n<\/div>\n<\/div>\n<div class=\"fw-row\">\n<div id=\"column-612e7b6b50163\" class=\"fw-col-sm-1-5 tf-sh-05507a2740cec8da2bdd7cffd35eb764\">\n<div class=\"fw-wrap-col-inner clearfix fw_theme_border_only_color_2  fw-column-height-custom\" style=\"border-width: 1px;border-style: solid;height: 150px\">\n<div class=\"fw-col-inner\">\n<div class=\"fw-text-box tf-sh-7f0b189af6f85163dd9143fdd9d4067e \">\n<div class=\"fw-text-inner\">\n<p style=\"text-align: left\">Jornadas de entrega de zapatos nuevos a ni\u00f1os vulnerables<\/p>\n<\/p><\/div>\n<\/div><\/div><\/div>\n<\/div>\n<div id=\"column-612e7b6b507ee\" class=\"fw-col-sm-1-5 tf-sh-48a412c3ff9c7f2bbf5f0aa64dbca2e9\">\n<div class=\"fw-wrap-col-inner clearfix fw_theme_border_only_color_2  fw-column-height-custom\" style=\"border-width: 1px;border-style: solid;height: 150px\">\n<div class=\"fw-col-inner\">\n<div class=\"fw-text-box tf-sh-64083321129c2561edc21830be023b6d \">\n<div class=\"fw-text-inner\">\n<p style=\"text-align: left\">Proyectos de construcci\u00f3n y mejora de vivienda<\/p>\n<\/p><\/div>\n<\/div><\/div><\/div>\n<\/div>\n<div id=\"column-612e7b6b50d98\" class=\"fw-col-sm-1-5 tf-sh-97266a6ff1e9a040c133334cffa7dd20\">\n<div class=\"fw-wrap-col-inner clearfix fw_theme_border_only_color_2  fw-column-height-custom\" style=\"border-width: 1px;border-style: solid;height: 150px\">\n<div class=\"fw-col-inner\">\n<div class=\"fw-text-box tf-sh-0d5e9746c9d5893e8e5ab2eb5334b088 \">\n<div class=\"fw-text-inner\">\n<p style=\"text-align: left\">Jornadas m\u00e9dicas<\/p>\n<\/p><\/div>\n<\/div><\/div><\/div>\n<\/div>\n<div id=\"column-612e7b6b51321\" class=\"fw-col-sm-1-5 tf-sh-7eef0637ac8818be1cef46c674fa8392\">\n<div class=\"fw-wrap-col-inner clearfix fw_theme_border_only_color_2  fw-column-height-custom\" style=\"border-width: 1px;border-style: solid;height: 150px\">\n<div class=\"fw-col-inner\">\n<div class=\"fw-text-box tf-sh-c81204f1ba6d42b423edd682f7378945 \">\n<div class=\"fw-text-inner\">\n<p style=\"text-align: left\">Actividades variadas de empoderamiento comunitario<\/p>\n<\/p><\/div>\n<\/div><\/div><\/div>\n<\/div>\n<div id=\"column-612e7b6b518c6\" class=\"fw-col-sm-1-5 tf-sh-5f888a9611a75c333a64922062ae19e7\">\n<div class=\"fw-wrap-col-inner clearfix fw_theme_border_only_color_2  fw-column-height-custom\" style=\"border-width: 1px;border-style: solid;height: 150px\">\n<div class=\"fw-col-inner\">\n<div class=\"fw-text-box tf-sh-d1a630ae8723cf408d1cc403445dee7a \">\n<div class=\"fw-text-inner\">\n<p style=\"text-align: left\">Proyectos de fortalecimiento nutricional- beneficiando estrat\u00e9gicamente a ni\u00f1os y familias del corredor seco<\/p>\n<\/p><\/div>\n<\/div><\/div><\/div>\n<\/div>\n<\/div>\n<div class=\"fw-row\">\n<div id=\"column-612e7b6b51fdf\" class=\"fw-col-sm-12 tf-sh-9f6902e1abfaedd1e1ced9427607d278\">\n<div class=\"fw-wrap-col-inner clearfix  \">\n<div class=\"fw-col-inner\">\n<div class=\"fw-divider-space space-md  fw-mobile-hide-element clearfix\"><\/div>\n<div class=\"fw-text-box tf-sh-dbf8c083d708f89bec116ee49ee94104 \">\n<div class=\"fw-text-inner\">\n<p style=\"text-align: left\">Nosotros gustosamente nos encargaremos de organizar la actividad de principio a fin y a trav\u00e9s de una cuota de voluntariado, cada uno de tus colaboradores recibir\u00e1 un kit que incluye:<\/p>\n<ul>\n<li>Breve capacitaci\u00f3n sobre nuestra labor<\/li>\n<li>Playera de Buckner Guatemala<\/li>\n<li>Box Lunch<\/li>\n<li>Transporte ida y vuelta de tu empresa al sitio de voluntariado<\/li>\n<li>Y un regalo especial de parte nuestra<\/li>\n<\/ul>\n<p>&nbsp;<\/p>\n<\/p><\/div>\n<\/div>\n<div class=\"fw-divider-space  fw-custom-space  fw-mobile-hide-element clearfix\" style=\"height:60px\"><\/div>\n<div class=\"fw-text-box tf-sh-785ec7c3e0ae6974b4e1c844c9aa50e3 \">\n<div class=\"fw-text-inner\">\n<p style=\"text-align: center\">\u00a1Convi\u00e9rtete en nuestro aliado como empresa hoy, para juntos dar la talla!<\/p>\n<\/p><\/div>\n<\/div>\n<div class=\"fw-divider-space  fw-custom-space  fw-mobile-hide-element clearfix\" style=\"height:60px\"><\/div>\n<div class=\"fw-text-box tf-sh-c8edd7e449ce70372bececbded5f00a9 \">\n<div class=\"fw-text-inner\">\n<p style=\"text-align: center\">Tu involucramiento puede cambiar una vida. Aplica llenando el formulario de inscripci\u00f3n ac\u00e1 abajo y nuestro Gerente de Voluntariado te contactar\u00e1<\/p>\n<\/p><\/div>\n<\/div><\/div><\/div>\n<\/div>\n<\/div><\/div>\n<\/section>\n<section data-parallax-background-speed=\"3\" class=\"fw-main-row-custom  fw_theme_bg_fw-custom fw-section-image auto  parallax-section fw-section-position-back tf-sh-c2e26059db4a9f6cb81cfc16b873f1a7\" style=\"background-image:url(https:\/\/bucknergt.org\/wp-content\/uploads\/2018\/02\/back_itemsParallax5.jpg)\">\n<div class=\"fw-container\">\n<div class=\"fw-row\">\n<div id=\"column-612e7b6b53922\" class=\"fw-col-sm-8 tf-sh-5efd716d3a16b0c415ecca7274dcf9c2\">\n<div class=\"fw-wrap-col-inner clearfix  \">\n<div class=\"fw-col-inner\">\n<div class=\"fw-heading fw-heading-center  fw-animated-element tf-sh-830abb012fce00000c1c3ce8afbb1546\" data-animation-type=\"fadeInUp\" data-animation-delay=\"200\">\n<h4 class=\"fw-special-title\">FORMULARIO DE INSCRIPCI\u00d3N<\/h4>\n<\/p><\/div>\n<div class=\"fw-divider-space space-sm  clearfix\"><\/div>\n<div class=\"fw-contact-form tf-sh-e55da708d3934a6933fc82f0412fdcc0 \" data-redirect-page=\"\">\n<div class=\"fw-row wrap-forms wrap-contact-forms\">\n<div class=\"fw-row\"><\/div>\n<div class=\"fw-row\">\n<div class=\"fw-col-xs-12 fw-col-sm-8 form-builder-item\">\n<div class=\"field-text\"><\/div>\n<\/div>\n<\/div>\n<div class=\"fw-row\">\n<div class=\"fw-col-xs-12 fw-col-sm-8 form-builder-item\">\n<div class=\"field-text\"><\/div>\n<\/div>\n<\/div>\n<div class=\"fw-row\">\n<div class=\"fw-col-xs-12 fw-col-sm-8 form-builder-item\">\n<div class=\"field-text\"><\/div>\n<\/div>\n<\/div>\n<div class=\"fw-row\">\n<div class=\"fw-col-xs-12 fw-col-sm-8 form-builder-item\">\n<div class=\"field-text\"><\/div>\n<\/div>\n<\/div>\n<div class=\"fw-row\">\n<div class=\"fw-col-xs-12 fw-col-sm-8 form-builder-item\">\n<div class=\"field-text\"><\/div>\n<\/div>\n<\/div>\n<div class=\"fw-row\">\n<div class=\"fw-col-xs-12 fw-col-sm-8 form-builder-item\">\n<div class=\"field-text\"><\/div>\n<\/div>\n<\/div>\n<div class=\"fw-row\">\n<div class=\"fw-col-xs-12 fw-col-sm-8 form-builder-item\">\n<div class=\"field-text\"><\/div>\n<\/div>\n<\/div>\n<div class=\"fw-row\">\n<div class=\"fw-col-xs-12 fw-col-sm-8 form-builder-item\">\n<div class=\"field-text\"><\/div>\n<\/div>\n<\/div>\n<div class=\"fw-row\">\n<div class=\"fw-col-xs-12 fw-col-sm-6 form-builder-item\">\n<div class=\"field-recaptcha\">\n\t\t<label><\/label><\/p>\n<div class=\"form-builder-item-recaptcha\"><\/div><\/div>\n<\/div>\n<\/div>\n<div class=\"fw-row\">\n<div class=\"fw-col-sm-12 field-submit text-left\">\n\t\t\t<button type=\"submit\" class=\"fw-btn  fw-btn-lg fw-btn-1\"><br \/>\n\t\t\t\t<span><br \/>\n\t\t\t\t\t\t\t\t\t\t\tENVIAR\t\t\t\t\t\t\t\t\t<\/span><br \/>\n\t\t\t<\/button>\n\t\t<\/div><\/div><\/div>\n<\/div>\n<div class=\"fw-divider-space space-sm  clearfix\"><\/div><\/div><\/div>\n<\/div>\n<\/div><\/div>\n<\/section>\n<p><!-- b03d256bd50d4a174bcbf45b0639c038 --><\/p>\n","protected":false},"excerpt":{"rendered":"<p>\u00a1Invol\u00facrate! \u00bfSab\u00edas que como empresa puedes Dar la Talla por Guatemala hoy? No hay nada&#8230;<\/p>\n","protected":false},"author":1,"featured_media":0,"parent":913,"menu_order":0,"comment_status":"closed","ping_status":"closed","template":"visual-builder-template.php","meta":{"footnotes":""},"class_list":["post-277","page","type-page","status-publish","hentry"],"_links":{"self":[{"href":"https:\/\/bucknergt.org\/index.php\/wp-json\/wp\/v2\/pages\/277","targetHints":{"allow":["GET"]}}],"collection":[{"href":"https:\/\/bucknergt.org\/index.php\/wp-json\/wp\/v2\/pages"}],"about":[{"href":"https:\/\/bucknergt.org\/index.php\/wp-json\/wp\/v2\/types\/page"}],"author":[{"embeddable":true,"href":"https:\/\/bucknergt.org\/index.php\/wp-json\/wp\/v2\/users\/1"}],"replies":[{"embeddable":true,"href":"https:\/\/bucknergt.org\/index.php\/wp-json\/wp\/v2\/comments?post=277"}],"version-history":[{"count":42,"href":"https:\/\/bucknergt.org\/index.php\/wp-json\/wp\/v2\/pages\/277\/revisions"}],"predecessor-version":[{"id":3133,"href":"https:\/\/bucknergt.org\/index.php\/wp-json\/wp\/v2\/pages\/277\/revisions\/3133"}],"up":[{"embeddable":true,"href":"https:\/\/bucknergt.org\/index.php\/wp-json\/wp\/v2\/pages\/913"}],"wp:attachment":[{"href":"https:\/\/bucknergt.org\/index.php\/wp-json\/wp\/v2\/media?parent=277"}],"curies":[{"name":"wp","href":"https:\/\/api.w.org\/{rel}","templated":true}]}}