{"id":2517,"date":"2021-07-31T19:30:18","date_gmt":"2021-07-31T19:30:18","guid":{"rendered":"https:\/\/bucknergt.org\/?page_id=2517"},"modified":"2024-06-03T21:34:44","modified_gmt":"2024-06-03T21:34:44","slug":"centro-san-jose-pinula","status":"publish","type":"page","link":"https:\/\/bucknergt.org\/index.php\/centro-san-jose-pinula\/","title":{"rendered":"Centro San Jose Pinula"},"content":{"rendered":"<div class=\"wpb-content-wrapper\"><p>[vc_row full_width=&#8221;stretch_row&#8221; css_animation=&#8221;slideInDown&#8221; css=&#8221;.vc_custom_1717384147994{padding-top: 5% !important;padding-bottom: 5% !important;background-color: #023380 !important;background-position: center !important;background-repeat: no-repeat !important;background-size: cover !important;}&#8221;][vc_column][vc_custom_heading text=&#8221;Centro de Esperanza Familiar San Jos\u00e9 Pinula&#8221; font_container=&#8221;tag:h2|text_align:center|color:%23ffffff&#8221; use_theme_fonts=&#8221;yes&#8221; css_animation=&#8221;bounceIn&#8221;][\/vc_column][\/vc_row][vc_row][vc_column width=&#8221;1\/2&#8243;][vc_column_text css_animation=&#8221;fadeInLeft&#8221;]\u201cEs un lugar centrado en el ni\u00f1o y enfocado en la familia, en donde ambos encuentran esperanza, apoyo y empoderamiento dentro de su comunidad para alcanzar el m\u00e1ximo del potencial dado por Dios\u201d<\/p>\n<p>Para lograrlo, se implementa un modelo de intervenci\u00f3n que, consiste en la prestaci\u00f3n de servicios en un marco de fortalecimiento familiar, para preparar a las familias a sobrellevar la adversidad y proteger a los ni\u00f1os.<\/p>\n<p>Contamos con tres fases dentro de nuestra metodolog\u00eda, Participa, Prep\u00e1rate y Sup\u00e9rate. Con la fase de Participa se ha atendido a m\u00e1s de 17,400 personas; en la fase de Prep\u00e1rate a m\u00e1s de 2,639 alumnos con los diferentes cursos y en la fase Sup\u00e9rate se ha atendido alrededor de 288 familias, equivalente a m\u00e1s de 1,140 personas beneficiadas.<\/p>\n<p><strong>Direcci\u00f3n:<\/strong><br \/>\nSan Jos\u00e9 Pinula, 4ta avenida, Sector Hacienda Nueva, Callej\u00f3n Campo Ecol\u00f3gico 3-38, Carretera a Mataquescuintla, San Jos\u00e9 Pinula. Tel\u00e9fono: 6648 5900[\/vc_column_text][vc_empty_space][\/vc_column][vc_column width=&#8221;1\/2&#8243;][tm_carousel_father arrows=&#8221;false&#8221; dot=&#8221;false&#8221;][tm_carousel_son image_id=&#8221;4541&#8243;][\/tm_carousel_son][tm_carousel_son image_id=&#8221;4540&#8243;][\/tm_carousel_son][tm_carousel_son image_id=&#8221;4539&#8243;][\/tm_carousel_son][tm_carousel_son image_id=&#8221;4538&#8243;][\/tm_carousel_son][tm_carousel_son image_id=&#8221;4537&#8243;][\/tm_carousel_son][\/tm_carousel_father][\/vc_column][\/vc_row][vc_row full_width=&#8221;stretch_row&#8221; css=&#8221;.vc_custom_1717384040386{background-color: #043280 !important;background-position: center !important;background-repeat: no-repeat !important;background-size: cover !important;}&#8221;][vc_column][vc_custom_heading text=&#8221;A trav\u00e9s de nuestro modelo de trabajo, desde el a\u00f1o 2017 a la fecha, se ha servido en los Centros de Esperanza Familiar a m\u00e1s de 21,000 personas.&#8221; font_container=&#8221;tag:h2|text_align:center|color:%23ffffff&#8221; use_theme_fonts=&#8221;yes&#8221; css_animation=&#8221;zoomIn&#8221;][vc_empty_space][\/vc_column][\/vc_row][vc_row][vc_column][vc_column_text]<\/p>\n<h3>Permanencia Familiar:<\/h3>\n<p>Charlas informativas \u00bfC\u00f3mo ser una familia de acogimiento temporal?<\/p>\n<h3>Voluntariado en San Jos\u00e9 Pinula<\/h3>\n<p><strong>Actividades:<\/strong><\/p>\n<ul>\n<li>Colecta de zapatos nuevos.<\/li>\n<li>Colecta de v\u00edveres.<\/li>\n<li>Colecta de mochilas y \u00fatiles escolares nuevos.<\/li>\n<\/ul>\n<p><strong>Charlas para familias por medio de zoom:<\/strong><\/p>\n<ul>\n<li>Comunicaci\u00f3n asertiva.<\/li>\n<li>Paternidad y maternidad responsable (obligaciones de los padres hacia los hijos como: manutenci\u00f3n, acuerdos etc.).<\/li>\n<li>Estrategias para la armon\u00eda conyugal.<\/li>\n<li>\u00bfC\u00f3mo fortalecer la uni\u00f3n familiar?<\/li>\n<li>Resoluci\u00f3n de conflictos de pareja.<\/li>\n<\/ul>\n<p><strong>Salud emocional:<\/strong><\/p>\n<ul>\n<li>Talleres sobre estr\u00e9s, ansiedad, resiliencia y manejo de emociones.<\/li>\n<\/ul>\n<p><strong>Otros:<\/strong><\/p>\n<ul>\n<li>Herramientas que ayuden a las mam\u00e1s como guiar la ense\u00f1anza de sus hijos en casa que est\u00e1n en la etapa de aprender a leer y escribir.<\/li>\n<li>\u00bfC\u00f3mo apoyar a mi hijo para mejorar su rendimiento escolar?<\/li>\n<li>Apoyo en entregas de donaciones en los hogares de nuestras familias en asesor\u00eda.<\/li>\n<li>\u00bfC\u00f3mo hacer una hoja de vida? \u00bfC\u00f3mo presentarse a una entrevista de trabajo?<\/li>\n<li>Charlas sobre: \u00bfC\u00f3mo generar negocios con mis habilidades?<\/li>\n<\/ul>\n<h3 style=\"text-align: center;\"><\/h3>\n<p>[\/vc_column_text][vc_empty_space][vc_column_text]<\/p>\n<h3 class=\"fw-special-title\" style=\"text-align: center;\">Formulario de inscripci\u00f3n<\/h3>\n<h4 style=\"text-align: center;\">\u00a1Voluntariado Buckner!<\/h4>\n<p>[\/vc_column_text][\/vc_column][\/vc_row][vc_row css=&#8221;.vc_custom_1692470569917{background-color: #f3f7fd !important;}&#8221;][vc_column][vc_empty_space][vc_column_text]<\/p>\n<h3>Formulario de inscripci\u00f3n:<\/h3>\n<h5>Llena los campos requeridos<\/h5>\n<p>[\/vc_column_text]<div class=\"wpforms-container wpforms-container-full\" id=\"wpforms-153\"><form id=\"wpforms-form-153\" class=\"wpforms-validate wpforms-form\" data-formid=\"153\" method=\"post\" enctype=\"multipart\/form-data\" action=\"\/index.php\/wp-json\/wp\/v2\/pages\/2517\" data-token=\"f69ed926cd2dcc6f285f82cce9031a81\" data-token-time=\"1776314117\"><noscript class=\"wpforms-error-noscript\">Please enable JavaScript in your browser to complete this form.<\/noscript><div class=\"wpforms-field-container\"><div id=\"wpforms-153-field_0-container\" class=\"wpforms-field wpforms-field-name\" data-field-id=\"0\"><label class=\"wpforms-field-label\" for=\"wpforms-153-field_0\">Nombre y Apellido <span class=\"wpforms-required-label\">*<\/span><\/label><div class=\"wpforms-field-row wpforms-field-medium\"><div class=\"wpforms-field-row-block wpforms-first wpforms-one-half\"><input type=\"text\" id=\"wpforms-153-field_0\" class=\"wpforms-field-name-first wpforms-field-required\" name=\"wpforms[fields][0][first]\" required><label for=\"wpforms-153-field_0\" class=\"wpforms-field-sublabel after wpforms-sublabel-hide\">First<\/label><\/div><div class=\"wpforms-field-row-block wpforms-one-half\"><input type=\"text\" id=\"wpforms-153-field_0-last\" class=\"wpforms-field-name-last wpforms-field-required\" name=\"wpforms[fields][0][last]\" required><label for=\"wpforms-153-field_0-last\" class=\"wpforms-field-sublabel after wpforms-sublabel-hide\">Last<\/label><\/div><\/div><\/div><div id=\"wpforms-153-field_1-container\" class=\"wpforms-field wpforms-field-email\" data-field-id=\"1\"><label class=\"wpforms-field-label\" for=\"wpforms-153-field_1\">Email <span class=\"wpforms-required-label\">*<\/span><\/label><input type=\"email\" id=\"wpforms-153-field_1\" class=\"wpforms-field-medium wpforms-field-required\" name=\"wpforms[fields][1]\" spellcheck=\"false\" required><\/div><div id=\"wpforms-153-field_2-container\" class=\"wpforms-field wpforms-field-textarea\" data-field-id=\"2\"><label class=\"wpforms-field-label\" for=\"wpforms-153-field_2\">Comentario o Mensaje <span class=\"wpforms-required-label\">*<\/span><\/label><textarea id=\"wpforms-153-field_2\" class=\"wpforms-field-medium wpforms-field-required\" name=\"wpforms[fields][2]\" required><\/textarea><\/div><\/div><!-- .wpforms-field-container --><div class=\"wpforms-field wpforms-field-hp\"><label for=\"wpforms-153-field-hp\" class=\"wpforms-field-label\">Email<\/label><input type=\"text\" name=\"wpforms[hp]\" id=\"wpforms-153-field-hp\" class=\"wpforms-field-medium\"><\/div><div class=\"wpforms-submit-container\" ><input type=\"hidden\" name=\"wpforms[id]\" value=\"153\"><input type=\"hidden\" name=\"page_title\" value=\"\"><input type=\"hidden\" name=\"page_url\" value=\"https:\/\/bucknergt.org\/index.php\/wp-json\/wp\/v2\/pages\/2517\"><input type=\"hidden\" name=\"url_referer\" value=\"\"><button type=\"submit\" name=\"wpforms[submit]\" id=\"wpforms-submit-153\" class=\"wpforms-submit\" data-alt-text=\"Sending...\" data-submit-text=\"ENVIAR\" aria-live=\"assertive\" value=\"wpforms-submit\">ENVIAR<\/button><\/div><\/form><\/div>  <!-- .wpforms-container -->[\/vc_column][\/vc_row][vc_row][vc_column][vc_separator][vc_empty_space height=&#8221;30px&#8221;][vc_row_inner css=&#8221;.vc_custom_1691644005185{padding-top: 5% !important;padding-right: 5% !important;padding-bottom: 5% !important;padding-left: 5% !important;background-color: #f1f7ff !important;}&#8221;][vc_column_inner][vc_custom_heading text=&#8221;\u00a1Haz clic para obtener las \u00faltimas noticias, historias y actualizaciones de Buckner!&#8221; font_container=&#8221;tag:h2|text_align:center|color:%231e73be&#8221; use_theme_fonts=&#8221;yes&#8221;][vc_empty_space][vc_btn title=&#8221;Obtener actualizaciones aqu\u00ed&#8221; color=&#8221;warning&#8221; align=&#8221;center&#8221; link=&#8221;url:https%3A%2F%2Fbucknergt.org%2Findex.php%2Fnoticias%2F|title:Noticias&#8221;][\/vc_column_inner][\/vc_row_inner][\/vc_column][\/vc_row]<\/p>\n<\/div>","protected":false},"excerpt":{"rendered":"<p>[vc_row full_width=&#8221;stretch_row&#8221; css_animation=&#8221;slideInDown&#8221; css=&#8221;.vc_custom_1717384147994{padding-top: 5% !important;padding-bottom: 5% !important;background-color: #023380 !important;background-position: center !important;background-repeat: no-repeat !important;background-size: cover&#8230;<\/p>\n","protected":false},"author":1,"featured_media":0,"parent":0,"menu_order":0,"comment_status":"closed","ping_status":"closed","template":"","meta":{"footnotes":""},"class_list":["post-2517","page","type-page","status-publish","hentry"],"_links":{"self":[{"href":"https:\/\/bucknergt.org\/index.php\/wp-json\/wp\/v2\/pages\/2517","targetHints":{"allow":["GET"]}}],"collection":[{"href":"https:\/\/bucknergt.org\/index.php\/wp-json\/wp\/v2\/pages"}],"about":[{"href":"https:\/\/bucknergt.org\/index.php\/wp-json\/wp\/v2\/types\/page"}],"author":[{"embeddable":true,"href":"https:\/\/bucknergt.org\/index.php\/wp-json\/wp\/v2\/users\/1"}],"replies":[{"embeddable":true,"href":"https:\/\/bucknergt.org\/index.php\/wp-json\/wp\/v2\/comments?post=2517"}],"version-history":[{"count":35,"href":"https:\/\/bucknergt.org\/index.php\/wp-json\/wp\/v2\/pages\/2517\/revisions"}],"predecessor-version":[{"id":4570,"href":"https:\/\/bucknergt.org\/index.php\/wp-json\/wp\/v2\/pages\/2517\/revisions\/4570"}],"wp:attachment":[{"href":"https:\/\/bucknergt.org\/index.php\/wp-json\/wp\/v2\/media?parent=2517"}],"curies":[{"name":"wp","href":"https:\/\/api.w.org\/{rel}","templated":true}]}}