{"id":2360,"date":"2021-07-29T21:41:01","date_gmt":"2021-07-29T21:41:01","guid":{"rendered":"https:\/\/bucknergt.org\/?page_id=2360"},"modified":"2023-08-15T18:37:13","modified_gmt":"2023-08-15T18:37:13","slug":"centro-de-ayuda-humanitaria","status":"publish","type":"page","link":"https:\/\/bucknergt.org\/index.php\/centro-de-ayuda-humanitaria\/","title":{"rendered":"Centro de ayuda humanitaria"},"content":{"rendered":"<div class=\"wpb-content-wrapper\"><p>[vc_row full_width=&#8221;stretch_row&#8221; css=&#8221;.vc_custom_1691699444105{padding-top: 5% !important;padding-bottom: 5% !important;background-color: #eef3fa !important;}&#8221;][vc_column][vc_custom_heading text=&#8221;Centros de ayuda humanitaria&#8221; font_container=&#8221;tag:h2|text_align:center&#8221; use_theme_fonts=&#8221;yes&#8221;][\/vc_column][\/vc_row][vc_row][vc_column][vc_custom_heading text=&#8221;\u00bfSab\u00edas que puedes cambiar la vida de un ni\u00f1o o familia en un d\u00eda, una ma\u00f1ana o una tarde?&#8221; font_container=&#8221;tag:h3|text_align:center&#8221; use_theme_fonts=&#8221;yes&#8221;][vc_column_text]Esto lo puedes hacer, al ordenar y empacar art\u00edculos donados que, ayudar\u00e1n a los ni\u00f1as, ni\u00f1as y familias vulnerables en Guatemala.<\/p>\n<p>Necesitamos voluntarios, todo el a\u00f1o en nuestro centro de de ayuda humanitaria en Guatemala. Los voluntarios ayudan a procesar, clasificar y empacar zapatos, kits de higiene, \u00fatiles escolares, ropa, entre otros.<\/p>\n<p>Durante a\u00f1os en Guatemala, hemos servido a trav\u00e9s de nuestro centro de ayuda humanitaria, en desastres naturales como lo del volc\u00e1n de Pacaya y tormentas.<\/p>\n<p>Lo m\u00e1s reciente, a consecuencia de la pandemia del COVID, donamos toneladas de alimentos, frazadas, kits de higiene, mochilas, entre otros, al Gobierno Central, entidades como SESAN, SBS, SOSEP, municipalidades, organizaciones privadas, iglesias y empresas.<\/p>\n<p>Nota: Buckner Guatemala, entrega exclusivamente ayuda humanitaria a entidades, debidamente respaldadas con personer\u00eda jur\u00eddica y que puedan rendir cuentas sobre la donaci\u00f3n, presentando un plan de distribuci\u00f3n. As\u00ed como, reportes de impacto con fotograf\u00edas, dicha entrega est\u00e1 sujeta a disponibilidad.[\/vc_column_text][vc_column_text]<\/p>\n<h4 style=\"text-align: center;\"><strong>\u00a1Es la actividad perfecta para tu iglesia, empresa o de forma individual!<\/strong><\/h4>\n<p>[\/vc_column_text][vc_empty_space][vc_separator][\/vc_column][\/vc_row][vc_row][vc_column][vc_custom_heading text=&#8221;\u00bfTienes preguntas?&#8221; font_container=&#8221;tag:h3|text_align:center&#8221; use_theme_fonts=&#8221;yes&#8221;][vc_column_text]<\/p>\n<p style=\"text-align: center;\"><strong>Centro de ayuda humanitaria Buckner Guatemala<\/strong><br \/>\nCont\u00e1ctanos a la l\u00ednea de voluntariado:<\/p>\n<p style=\"text-align: center;\">PBX: (502) 2306 0800<br \/>\nWhatsApp: 5203 0586<\/p>\n<p style=\"text-align: center;\">info@bucknergt.org<\/p>\n<p>[\/vc_column_text][vc_column_text]<\/p>\n<p style=\"text-align: center;\">Nota:<\/p>\n<p style=\"text-align: center;\">Por motivo de la pandemia Covid-19 estamos en receso de algunas actividades presenciales de voluntariado, tomando las medidas de distanciamiento social correspondientes.<\/p>\n<p>[\/vc_column_text][vc_empty_space][\/vc_column][\/vc_row][vc_row][vc_column][vc_separator][vc_custom_heading text=&#8221;\u00a1Conoce m\u00e1s de nuestras historias edificantes y c\u00f3mo hacer brillar la esperanza en Guatemala y alrededor del mundo!&#8221; font_container=&#8221;tag:h4|text_align:center&#8221; use_theme_fonts=&#8221;yes&#8221;][vc_empty_space height=&#8221;30px&#8221;][vc_row_inner css=&#8221;.vc_custom_1691644005185{padding-top: 5% !important;padding-right: 5% !important;padding-bottom: 5% !important;padding-left: 5% !important;background-color: #f1f7ff !important;}&#8221;][vc_column_inner][vc_column_text]<\/p>\n<p style=\"text-align: center;\">Estamos muy contentos de compartir contigo las maneras en que se puede hacer brillar la esperanza en ni\u00f1os y familias en Guatemala y alrededor del mundo. Te invitamos a que te mantengas en contacto con nosotros, para que crezcamos juntos en la fe.<\/p>\n<p style=\"text-align: center;\">Haz clic a continuaci\u00f3n, para obtener las \u00faltimas noticias, historias, actualizaciones e invitaciones a eventos exclusivos de Buckner.<\/p>\n<p>[\/vc_column_text][vc_custom_heading text=&#8221;\u00a1No encontrar\u00e1s estas historias y recursos en ning\u00fan otro lugar!&#8221; font_container=&#8221;tag:h5|text_align:center&#8221; use_theme_fonts=&#8221;yes&#8221;][vc_empty_space][vc_btn title=&#8221;Obtener actualizaciones aqu\u00ed&#8221; color=&#8221;warning&#8221; align=&#8221;center&#8221;][\/vc_column_inner][\/vc_row_inner][\/vc_column][\/vc_row]<\/p>\n<\/div>","protected":false},"excerpt":{"rendered":"<p>[vc_row full_width=&#8221;stretch_row&#8221; css=&#8221;.vc_custom_1691699444105{padding-top: 5% !important;padding-bottom: 5% !important;background-color: #eef3fa !important;}&#8221;][vc_column][vc_custom_heading text=&#8221;Centros de ayuda humanitaria&#8221; font_container=&#8221;tag:h2|text_align:center&#8221; use_theme_fonts=&#8221;yes&#8221;][\/vc_column][\/vc_row][vc_row][vc_column][vc_custom_heading&#8230;<\/p>\n","protected":false},"author":1,"featured_media":0,"parent":0,"menu_order":0,"comment_status":"closed","ping_status":"closed","template":"","meta":{"footnotes":""},"class_list":["post-2360","page","type-page","status-publish","hentry"],"_links":{"self":[{"href":"https:\/\/bucknergt.org\/index.php\/wp-json\/wp\/v2\/pages\/2360","targetHints":{"allow":["GET"]}}],"collection":[{"href":"https:\/\/bucknergt.org\/index.php\/wp-json\/wp\/v2\/pages"}],"about":[{"href":"https:\/\/bucknergt.org\/index.php\/wp-json\/wp\/v2\/types\/page"}],"author":[{"embeddable":true,"href":"https:\/\/bucknergt.org\/index.php\/wp-json\/wp\/v2\/users\/1"}],"replies":[{"embeddable":true,"href":"https:\/\/bucknergt.org\/index.php\/wp-json\/wp\/v2\/comments?post=2360"}],"version-history":[{"count":18,"href":"https:\/\/bucknergt.org\/index.php\/wp-json\/wp\/v2\/pages\/2360\/revisions"}],"predecessor-version":[{"id":4089,"href":"https:\/\/bucknergt.org\/index.php\/wp-json\/wp\/v2\/pages\/2360\/revisions\/4089"}],"wp:attachment":[{"href":"https:\/\/bucknergt.org\/index.php\/wp-json\/wp\/v2\/media?parent=2360"}],"curies":[{"name":"wp","href":"https:\/\/api.w.org\/{rel}","templated":true}]}}