{"id":2330,"date":"2021-07-29T20:03:43","date_gmt":"2021-07-29T20:03:43","guid":{"rendered":"https:\/\/bucknergt.org\/?page_id=2330"},"modified":"2024-07-17T00:31:42","modified_gmt":"2024-07-17T00:31:42","slug":"carreras","status":"publish","type":"page","link":"https:\/\/bucknergt.org\/index.php\/carreras\/","title":{"rendered":"Carreras"},"content":{"rendered":"<div class=\"wpb-content-wrapper\"><p>[vc_row full_width=&#8221;stretch_row&#8221; css=&#8221;.vc_custom_1691699444105{padding-top: 5% !important;padding-bottom: 5% !important;background-color: #eef3fa !important;}&#8221;][vc_column][vc_custom_heading text=&#8221;\u00a1S\u00e9 parte de nuestro equipo!&#8221; font_container=&#8221;tag:h2|text_align:center&#8221; use_theme_fonts=&#8221;yes&#8221;][\/vc_column][\/vc_row][vc_row][vc_column width=&#8221;2\/3&#8243;][vc_single_image image=&#8221;4647&#8243; img_size=&#8221;Full&#8221; onclick=&#8221;custom_link&#8221; link=&#8221;https:\/\/bucknergt.org\/wp-content\/uploads\/2024\/07\/Subdirector-Buckner-Guatemala.pdf&#8221;][vc_btn title=&#8221;Perfil de la plaza &#8211; Subdirector\/a&#8221; style=&#8221;flat&#8221; color=&#8221;primary&#8221; align=&#8221;center&#8221; link=&#8221;url:https%3A%2F%2Fbucknergt.org%2Fwp-content%2Fuploads%2F2024%2F07%2FSubdirector-Buckner-Guatemala.pdf&#8221;][vc_column_text]Buckner es un lugar especial para trabajar y muchos colaboradores, ven su trabajo como un llamado al ministerio.<\/p>\n<p>Buscamos colaboradores de una gran diversidad cultural que nos proporcionen ideas poderosas y creativas.<\/p>\n<p>Nuestro eslogan organizacional dice: \u201cAqu\u00ed brilla la esperanza. \u00ae\u201d y creemos que nuestros colaboradores no solo son nuestro mayor activo organizacional, sino que traen esperanza dondequiera que est\u00e9n.<\/p>\n<p>Nuestro valor es proporcionar el m\u00e1s alto nivel de servicio al beneficiario, en un ambiente de trabajo en equipo, que define qui\u00e9nes somos. Somos \u00fanicos, somos familia, resolvemos problemas, somos buenos mayordomos y tenemos un legado en donde la esperanza brilla, que se remonta a nuestra creaci\u00f3n en 1879.<\/p>\n<p>Buckner es una cultura marcada por grandes personas que hacen cosas buenas. Somos una cultura de personas que utilizan medios creativos para servir. Esperamos invitar a los nuevos colaboradores del equipo a ser parte de nuestra cultura de esperanza.<\/p>\n<p>En Buckner valoramos poner a la gente en primer lugar. Nuestros valores organizacionales son:<\/p>\n<ul>\n<li><strong>Fe:<\/strong> Alineaci\u00f3n con las ense\u00f1anzas y la obra de Jesucristo.<\/li>\n<li><strong>Integridad:<\/strong> Pr\u00e1ctica \u00e9tica, honestidad, verdad y transparencia.<\/li>\n<li><strong>Respeto:<\/strong> Respeto por el individuo.<\/li>\n<li><strong>Servicio:<\/strong> M\u00e1xima calidad de excelencia en el servicio.<\/li>\n<li><strong>Trabajo en equipo:<\/strong> Colaboraci\u00f3n y creatividad a trav\u00e9s de equipos.<\/li>\n<\/ul>\n<p>[\/vc_column_text][vc_empty_space][\/vc_column][vc_column width=&#8221;1\/3&#8243;][vc_column_text]<\/p>\n<div class=\"fw-text-inner\">\n<nav class=\"page-nav\">\n<ul>\n<li class=\"who-we-are\" data-page-name=\"who-we-are\"><a href=\"https:\/\/bucknergt.org\/index.php\/nosotros\/quienes-somos\/\">Qui\u00e9nes somos<\/a><\/li>\n<li class=\"financial-accountability \" data-page-name=\"financial-accountability\"><a href=\"https:\/\/bucknergt.org\/index.php\/nosotros\/rendicion-de-cuentas\/\">Rendici\u00f3n de cuentas<\/a><\/li>\n<li class=\"leadership\" data-page-name=\"leadership\"><a href=\"https:\/\/bucknergt.org\/index.php\/nosotros\/liderazgo\/\">Liderazgo<\/a><\/li>\n<li class=\"careers current active\" data-page-name=\"careers\"><a href=\"https:\/\/bucknergt.org\/index.php\/carreras\/\">Oportunidades de empleo<\/a><\/li>\n<li class=\"contact-mirror\" data-page-name=\"contact-mirror\"><a href=\"https:\/\/bucknergt.org\/index.php\/contacto-direcciones\/\">Cont\u00e1ctanos<\/a><\/li>\n<li class=\"media-resource-center\" data-page-name=\"media-resource-center\"><a href=\"https:\/\/bucknergt.org\/index.php\/centro-de-recursos\/\">Centro de recursos<\/a><\/li>\n<li data-page-name=\"media-resource-center\"><a href=\"https:\/\/bucknergt.org\/index.php\/nosotros\/alianzas-estrategicas\/\">Alianzas estrat\u00e9gicas<\/a><\/li>\n<\/ul>\n<\/nav>\n<\/div>\n<p>[\/vc_column_text][\/vc_column][\/vc_row][vc_row disable_element=&#8221;yes&#8221;][vc_column][vc_column_text]<\/p>\n<p style=\"text-align: center;\">Unirse al equipo de Buckner es unirse a un legado de esperanza.<\/p>\n<h4 style=\"text-align: center;\">\u00a1Por favor, considera ser parte de nuestro equipo!Mira las ofertas de empleo para el ministerio de Buckner Guatemala.<\/h4>\n<p>[\/vc_column_text][vc_btn title=&#8221;Oportunidades de empleo aqu\u00ed&#8221; color=&#8221;primary&#8221; size=&#8221;lg&#8221; align=&#8221;center&#8221; link=&#8221;url:https%3A%2F%2Fbucknergt.org%2Findex.php%2Foportunidad-de-empleo%2F|title:Oportunidad%20de%20empleo%201&#8243;][vc_column_text]<\/p>\n<h4>Alerta:<\/h4>\n<p>cuidado con las publicaciones de trabajo falsas.Queremos que tu b\u00fasqueda de empleo en Buckner sea una experiencia positiva, pero recientemente, las publicaciones falsas han aparecido. Por favor, ignora estas publicaciones. Son una estafa y han sido reportadas. Estas estafas piden a los candidatos potenciales que proporcionen informaci\u00f3n bancaria. Buckner nunca te pedir\u00e1 informaci\u00f3n bancaria durante el proceso de reclutamiento. CompuTrabajo es el mejor punto de partida para entrar en nuestro sistema de gesti\u00f3n del empleo y es el \u00fanico sitio seguro para puestos de trabajo relacionados con Buckner Guatemala.[\/vc_column_text][\/vc_column][\/vc_row][vc_row][vc_column][vc_separator][vc_custom_heading text=&#8221;\u00a1Conoce m\u00e1s de nuestras historias edificantes y c\u00f3mo hacer brillar la esperanza en Guatemala y alrededor del mundo!&#8221; font_container=&#8221;tag:h4|text_align:center&#8221; use_theme_fonts=&#8221;yes&#8221;][vc_empty_space height=&#8221;30px&#8221;][vc_row_inner css=&#8221;.vc_custom_1691644005185{padding-top: 5% !important;padding-right: 5% !important;padding-bottom: 5% !important;padding-left: 5% !important;background-color: #f1f7ff !important;}&#8221;][vc_column_inner][vc_column_text]<\/p>\n<p style=\"text-align: center;\">Estamos muy contentos de compartir contigo las maneras en que se puede hacer brillar la esperanza en ni\u00f1os y familias en Guatemala y alrededor del mundo. Te invitamos a que te mantengas en contacto con nosotros, para que crezcamos juntos en la fe.<\/p>\n<p style=\"text-align: center;\">Haz clic a continuaci\u00f3n, para obtener las \u00faltimas noticias, historias, actualizaciones e invitaciones a eventos exclusivos de Buckner.<\/p>\n<p>[\/vc_column_text][vc_custom_heading text=&#8221;\u00a1No encontrar\u00e1s estas historias y recursos en ning\u00fan otro lugar!&#8221; font_container=&#8221;tag:h5|text_align:center&#8221; use_theme_fonts=&#8221;yes&#8221;][vc_empty_space][vc_btn title=&#8221;Obtener actualizaciones aqu\u00ed&#8221; color=&#8221;warning&#8221; align=&#8221;center&#8221; link=&#8221;url:https%3A%2F%2Fbucknergt.org%2Findex.php%2Fnoticias%2F|title:blog&#8221;][\/vc_column_inner][\/vc_row_inner][\/vc_column][\/vc_row]<\/p>\n<\/div>","protected":false},"excerpt":{"rendered":"<p>[vc_row full_width=&#8221;stretch_row&#8221; css=&#8221;.vc_custom_1691699444105{padding-top: 5% !important;padding-bottom: 5% !important;background-color: #eef3fa !important;}&#8221;][vc_column][vc_custom_heading text=&#8221;\u00a1S\u00e9 parte de nuestro equipo!&#8221; font_container=&#8221;tag:h2|text_align:center&#8221;&#8230;<\/p>\n","protected":false},"author":1,"featured_media":0,"parent":0,"menu_order":0,"comment_status":"closed","ping_status":"closed","template":"","meta":{"footnotes":""},"class_list":["post-2330","page","type-page","status-publish","hentry"],"_links":{"self":[{"href":"https:\/\/bucknergt.org\/index.php\/wp-json\/wp\/v2\/pages\/2330","targetHints":{"allow":["GET"]}}],"collection":[{"href":"https:\/\/bucknergt.org\/index.php\/wp-json\/wp\/v2\/pages"}],"about":[{"href":"https:\/\/bucknergt.org\/index.php\/wp-json\/wp\/v2\/types\/page"}],"author":[{"embeddable":true,"href":"https:\/\/bucknergt.org\/index.php\/wp-json\/wp\/v2\/users\/1"}],"replies":[{"embeddable":true,"href":"https:\/\/bucknergt.org\/index.php\/wp-json\/wp\/v2\/comments?post=2330"}],"version-history":[{"count":40,"href":"https:\/\/bucknergt.org\/index.php\/wp-json\/wp\/v2\/pages\/2330\/revisions"}],"predecessor-version":[{"id":4649,"href":"https:\/\/bucknergt.org\/index.php\/wp-json\/wp\/v2\/pages\/2330\/revisions\/4649"}],"wp:attachment":[{"href":"https:\/\/bucknergt.org\/index.php\/wp-json\/wp\/v2\/media?parent=2330"}],"curies":[{"name":"wp","href":"https:\/\/api.w.org\/{rel}","templated":true}]}}