{"id":232,"date":"2018-02-05T00:14:53","date_gmt":"2018-02-05T00:14:53","guid":{"rendered":"https:\/\/bucknergt.org\/?page_id=232"},"modified":"2024-06-03T19:45:25","modified_gmt":"2024-06-03T19:45:25","slug":"acogimiento-familiar","status":"publish","type":"page","link":"https:\/\/bucknergt.org\/index.php\/que-hacemos\/acogimiento-familiar\/","title":{"rendered":"Acogimiento Familiar Temporal"},"content":{"rendered":"<div class=\"wpb-content-wrapper\"><p>[vc_row full_width=&#8221;stretch_row&#8221; parallax=&#8221;content-moving&#8221; css=&#8221;.vc_custom_1717010960002{background-image: url(https:\/\/bucknergt.org\/wp-content\/uploads\/2024\/05\/Portada-Permanencia-2024.png?id=4441) !important;background-position: center;background-repeat: no-repeat !important;background-size: cover !important;}&#8221;][vc_column][vc_empty_space height=&#8221;30px&#8221;][vc_custom_heading text=&#8221;Nuestros programas&#8221; font_container=&#8221;tag:h1|text_align:center|color:%23ffffff&#8221; google_fonts=&#8221;font_family:Montserrat%3Aregular%2C700|font_style:700%20bold%20regular%3A700%3Anormal&#8221; css_animation=&#8221;fadeInUp&#8221;][vc_empty_space height=&#8221;102px&#8221;][\/vc_column][\/vc_row][vc_row][vc_column][\/vc_column][\/vc_row][vc_row][vc_column width=&#8221;1\/2&#8243;][vc_empty_space height=&#8221;100px&#8221;][tm_carousel_father theme=&#8221;content-over-slider&#8221; adaptiveheight=&#8221;true&#8221; arrowclr=&#8221;#1e73be&#8221; dot=&#8221;false&#8221; mbl_height=&#8221;350&#8243;][tm_carousel_son image_id=&#8221;4457&#8243;][\/tm_carousel_son][tm_carousel_son image_id=&#8221;4456&#8243;][\/tm_carousel_son][\/tm_carousel_father][\/vc_column][vc_column width=&#8221;1\/2&#8243;][vc_empty_space height=&#8221;10px&#8221;][vc_custom_heading text=&#8221;Permanencia<br \/>\nFamiliar&#8221; google_fonts=&#8221;font_family:Montserrat%3Aregular%2C700|font_style:700%20bold%20regular%3A700%3Anormal&#8221; css_animation=&#8221;fadeIn&#8221;][vc_separator color=&#8221;custom&#8221; accent_color=&#8221;#f2c037&#8243;][vc_custom_heading text=&#8221;A trav\u00e9s del programa de Permanencia Familiar trabajamos para los ni\u00f1os, ni\u00f1as y adolescentes que ingresan al sistema de protecci\u00f3n nacional, acompa\u00f1ando en todo el proceso, hasta que est\u00e9n de forma segura y permanente con su familia.&#8221; font_container=&#8221;tag:p|text_align:left|color:%231e73be&#8221; use_theme_fonts=&#8221;yes&#8221; css_animation=&#8221;fadeIn&#8221;][vc_column_text]Ante la necesidad de la ni\u00f1ez y adolescencia en situaci\u00f3n vulnerable, enfocamos nuestros esfuerzos para apoyar la restituci\u00f3n del derecho a la familia, esto a trav\u00e9s de cooperar con actores clave dentro del sistema de protecci\u00f3n integral a ni\u00f1ez y adolescencia para que en el menor tiempo posible puedan desarrollarse en el seno de una familia permanente.<\/p>\n<p>El programa de Permanencia Familiar se ejecuta a trav\u00e9s de dos ejes de trabajo: el Acogimiento Familiar Temporal y la Desinstitucionalizaci\u00f3n.[\/vc_column_text][vc_empty_space height=&#8221;10px&#8221;][\/vc_column][\/vc_row][vc_row full_width=&#8221;stretch_row&#8221; parallax=&#8221;content-moving&#8221; parallax_image=&#8221;4449&#8243; css_animation=&#8221;top-to-bottom&#8221; css=&#8221;.vc_custom_1717010551544{background-color: #1e73be !important;background-position: center;background-repeat: no-repeat !important;background-size: cover !important;}&#8221;][vc_column][vc_empty_space height=&#8221;60px&#8221;][vc_custom_heading text=&#8221;De acuerdo con el Informe mundial sobre la violencia contra la ni\u00f1ez:&#8221; font_container=&#8221;tag:p|text_align:center|color:%23ffffff&#8221; use_theme_fonts=&#8221;yes&#8221;][vc_custom_heading text=&#8221;\u201cLa violencia en las instituciones es seis veces m\u00e1s frecuente y los ni\u00f1os institucionalizados tienen una probabilidad casi cuatro veces mayor de sufrir abuso sexual que aquellos que tienen acceso a alternativas de protecci\u00f3n basadas en la familia\u201d.&#8221; font_container=&#8221;tag:h3|text_align:center|color:%23ffffff&#8221; use_theme_fonts=&#8221;yes&#8221;][vc_custom_heading text=&#8221;Pnheiro, 2006&#8243; font_container=&#8221;tag:p|text_align:center|color:%23ffffff&#8221; use_theme_fonts=&#8221;yes&#8221;][vc_empty_space height=&#8221;60px&#8221;][\/vc_column][\/vc_row][vc_row full_width=&#8221;stretch_row&#8221; parallax=&#8221;content-moving&#8221; css=&#8221;.vc_custom_1717010999696{background-color: #013380 !important;background-position: center;background-repeat: no-repeat !important;background-size: cover !important;}&#8221;][vc_column width=&#8221;1\/2&#8243;][vc_empty_space height=&#8221;30px&#8221;][vc_custom_heading text=&#8221;Acogimiento Familiar Temporal (AFT)&#8221; font_container=&#8221;tag:h2|text_align:left|color:%23ffffff&#8221; use_theme_fonts=&#8221;yes&#8221;][vc_separator color=&#8221;custom&#8221; accent_color=&#8221;#f2c037&#8243;][vc_custom_heading text=&#8221;Es una medida de cuidado alternativo que se ejecuta con el objetivo de proveer un entorno familiar seguro y afectuoso de manera temporal a ni\u00f1os, ni\u00f1as y adolescentes que han sido separados de su n\u00facleo familiar por encontrarse en situaciones de riesgo, e ingresan al Sistema de Protecci\u00f3n y Abrigo, o se encuentran bajo la tutela del Estado a trav\u00e9s de hogares p\u00fablicos y privados.&#8221; font_container=&#8221;tag:p|text_align:left|color:%23ffffff&#8221; use_theme_fonts=&#8221;yes&#8221;][vc_custom_heading text=&#8221;La familia de acogimiento temporal provee ese ambiente seguro, durante ese momento adverso en sus vidas. Como organizaci\u00f3n afiliada a Buckner Internacional, contamos con m\u00e1s de 60 a\u00f1os de experiencia en el tema, con el prop\u00f3sito principal de apoyar y acompa\u00f1ar a cada ni\u00f1o, ni\u00f1a o adolescente, durante este proceso y contribuir posteriormente, a su reintegraci\u00f3n a un entorno familiar permanente.&#8221; font_container=&#8221;tag:p|text_align:left|color:%23ffffff&#8221; use_theme_fonts=&#8221;yes&#8221;][vc_empty_space height=&#8221;30px&#8221;][\/vc_column][vc_column width=&#8221;1\/2&#8243;][vc_empty_space height=&#8221;160px&#8221;][tm_carousel_father theme=&#8221;content-over-slider&#8221; adaptiveheight=&#8221;true&#8221; arrowclr=&#8221;#1e73be&#8221; dot=&#8221;false&#8221; mbl_height=&#8221;350&#8243;][tm_carousel_son image_id=&#8221;4444&#8243;][\/tm_carousel_son][tm_carousel_son image_id=&#8221;4443&#8243;][\/tm_carousel_son][tm_carousel_son image_id=&#8221;4442&#8243;][\/tm_carousel_son][\/tm_carousel_father][\/vc_column][\/vc_row][vc_row full_width=&#8221;stretch_row&#8221; css=&#8221;.vc_custom_1717014191914{background-color: #f4f4f4 !important;background-position: center !important;background-repeat: no-repeat !important;background-size: cover !important;}&#8221;][vc_column width=&#8221;1\/2&#8243;][vc_column_text][\/vc_column_text][vc_single_image image=&#8221;4453&#8243; img_size=&#8221;large&#8221; alignment=&#8221;center&#8221; css_animation=&#8221;flipInY&#8221;][\/vc_column][vc_column width=&#8221;1\/2&#8243;][vc_empty_space][vc_column_text css_animation=&#8221;fadeInRight&#8221;]Nuestro equipo profesional multidisciplinario, atiende a familias que deseen formar parte del programa con altos est\u00e1ndares de servicio. Facultados para ejecutar las siguientes fases del proceso:<\/p>\n<p><strong>Promocionar el programa.<\/strong><\/p>\n<ul>\n<li>Captar a familias interesadas, evaluar los perfiles familiares y capacitar a la familia.<\/li>\n<li>La familia es certificada por la Secretar\u00eda de Bienestar Social \u2014SBS\u2014, quedando registrada dentro del Programa de Acogimiento Temporal, de \u2014SBS\u2014.<\/li>\n<li>Seguimiento posterior a la integraci\u00f3n del ni\u00f1o, ni\u00f1a o adolescente en la familia de acogimiento temporal.<\/li>\n<\/ul>\n<p>[\/vc_column_text][vc_column_text]Fortalecemos y ejecutamos el Programa de Acogimiento Familiar Temporal (Familias Sustitutas), con autorizaci\u00f3n y de la mano con Secretar\u00eda de Bienestar Social de la Presidencia de la Rep\u00fablica (SBS).[\/vc_column_text][\/vc_column][\/vc_row][vc_row full_width=&#8221;stretch_row&#8221; css=&#8221;.vc_custom_1717022422609{background-color: #f1f7ff !important;background-position: center !important;background-repeat: no-repeat !important;background-size: cover !important;}&#8221;][vc_column][vc_separator color=&#8221;custom&#8221; accent_color=&#8221;#f2c037&#8243;][vc_custom_heading text=&#8221;En Guatemala, nos hemos posicionado como una organizaci\u00f3n autorizada por la Secretar\u00eda de Bienestar Social de la Presidencia de la Rep\u00fablica (SBS), para aportar al fortalecimiento y ejecuci\u00f3n del programa de Acogimiento Familiar Temporal (Familias Sustitutas), en coordinaci\u00f3n con SBS.&#8221; font_container=&#8221;tag:p|text_align:center|color:%231e73be&#8221; use_theme_fonts=&#8221;yes&#8221;][vc_custom_heading text=&#8221;Considerando que, con base en el Art\u00edculo 18, de la Ley de Protecci\u00f3n Integral de la Ni\u00f1ez y Adolescencia, todo ni\u00f1o, ni\u00f1a y adolescente tiene derecho a ser criado en el seno de su familia y al fallar la familia como Sistema Primario de Protecci\u00f3n es fundamental que, el Estado adopte medidas que garanticen la oportuna restituci\u00f3n de derechos y velen por el inter\u00e9s superior de la ni\u00f1ez y adolescencia vulnerable.&#8221; font_container=&#8221;tag:p|text_align:center|color:%231e73be&#8221; use_theme_fonts=&#8221;yes&#8221;][vc_empty_space height=&#8221;30px&#8221;][\/vc_column][\/vc_row][vc_row][vc_column][vc_empty_space height=&#8221;30px&#8221;][\/vc_column][\/vc_row][vc_row][vc_column][vc_row_inner][vc_column_inner][vc_column_text]Si deseas ser una familia de acogimiento temporal, llena el siguiente formulario y pronto recibir\u00e1s m\u00e1s informaci\u00f3n.[\/vc_column_text]<div class=\"wpforms-container wpforms-container-full\" id=\"wpforms-3519\"><form id=\"wpforms-form-3519\" class=\"wpforms-validate wpforms-form\" data-formid=\"3519\" method=\"post\" enctype=\"multipart\/form-data\" action=\"\/index.php\/wp-json\/wp\/v2\/pages\/232\" data-token=\"eaa0a44acd6d9abcc2b7fcd5e5c8fe4f\" data-token-time=\"1775726916\"><noscript class=\"wpforms-error-noscript\">Please enable JavaScript in your browser to complete this form.<\/noscript><div class=\"wpforms-field-container\"><div id=\"wpforms-3519-field_0-container\" class=\"wpforms-field wpforms-field-name\" data-field-id=\"0\"><label class=\"wpforms-field-label\" for=\"wpforms-3519-field_0\">Nombre completo <span class=\"wpforms-required-label\">*<\/span><\/label><div class=\"wpforms-field-row wpforms-field-large\"><div class=\"wpforms-field-row-block wpforms-first wpforms-one-half\"><input type=\"text\" id=\"wpforms-3519-field_0\" class=\"wpforms-field-name-first wpforms-field-required\" name=\"wpforms[fields][0][first]\" placeholder=\"Nombre\" required><label for=\"wpforms-3519-field_0\" class=\"wpforms-field-sublabel after wpforms-sublabel-hide\">First<\/label><\/div><div class=\"wpforms-field-row-block wpforms-one-half\"><input type=\"text\" id=\"wpforms-3519-field_0-last\" class=\"wpforms-field-name-last wpforms-field-required\" name=\"wpforms[fields][0][last]\" placeholder=\"Apellido\" required><label for=\"wpforms-3519-field_0-last\" class=\"wpforms-field-sublabel after wpforms-sublabel-hide\">Last<\/label><\/div><\/div><\/div><div id=\"wpforms-3519-field_3-container\" class=\"wpforms-field wpforms-field-text\" data-field-id=\"3\"><label class=\"wpforms-field-label\" for=\"wpforms-3519-field_3\">Direcci\u00f3n <span class=\"wpforms-required-label\">*<\/span><\/label><input type=\"text\" id=\"wpforms-3519-field_3\" class=\"wpforms-field-large wpforms-field-required\" name=\"wpforms[fields][3]\" required><\/div><div id=\"wpforms-3519-field_9-container\" class=\"wpforms-field wpforms-field-email\" data-field-id=\"9\"><label class=\"wpforms-field-label\" for=\"wpforms-3519-field_9\">Email <span class=\"wpforms-required-label\">*<\/span><\/label><input type=\"email\" id=\"wpforms-3519-field_9\" class=\"wpforms-field-large wpforms-field-required\" name=\"wpforms[fields][9]\" spellcheck=\"false\" required><\/div><div id=\"wpforms-3519-field_7-container\" class=\"wpforms-field wpforms-field-text\" data-field-id=\"7\"><label class=\"wpforms-field-label\" for=\"wpforms-3519-field_7\">N\u00famero de tel\u00e9fono <span class=\"wpforms-required-label\">*<\/span><\/label><input type=\"text\" id=\"wpforms-3519-field_7\" class=\"wpforms-field-large wpforms-field-required\" name=\"wpforms[fields][7]\" required><\/div><\/div><!-- .wpforms-field-container --><div class=\"wpforms-field wpforms-field-hp\"><label for=\"wpforms-3519-field-hp\" class=\"wpforms-field-label\">Message<\/label><input type=\"text\" name=\"wpforms[hp]\" id=\"wpforms-3519-field-hp\" class=\"wpforms-field-medium\"><\/div><div class=\"wpforms-recaptcha-container wpforms-is-recaptcha wpforms-is-recaptcha-type-v2\" ><div class=\"g-recaptcha\" data-sitekey=\"6LcKTUQUAAAAAPDNYOcWjH2nv2cPDgiFXpB2WLFk\"><\/div><input type=\"text\" name=\"g-recaptcha-hidden\" class=\"wpforms-recaptcha-hidden\" style=\"position:absolute!important;clip:rect(0,0,0,0)!important;height:1px!important;width:1px!important;border:0!important;overflow:hidden!important;padding:0!important;margin:0!important;\" data-rule-recaptcha=\"1\"><\/div><div class=\"wpforms-submit-container\" ><input type=\"hidden\" name=\"wpforms[id]\" value=\"3519\"><input type=\"hidden\" name=\"page_title\" value=\"\"><input type=\"hidden\" name=\"page_url\" value=\"https:\/\/bucknergt.org\/index.php\/wp-json\/wp\/v2\/pages\/232\"><input type=\"hidden\" name=\"url_referer\" value=\"\"><button type=\"submit\" name=\"wpforms[submit]\" id=\"wpforms-submit-3519\" class=\"wpforms-submit\" data-alt-text=\"Enviando...\" data-submit-text=\"ENVIAR\" aria-live=\"assertive\" value=\"wpforms-submit\">ENVIAR<\/button><\/div><\/form><\/div>  <!-- .wpforms-container -->[\/vc_column_inner][\/vc_row_inner][vc_row_inner][vc_column_inner width=&#8221;1\/3&#8243;][vc_single_image image=&#8221;560&#8243; img_size=&#8221;full&#8221;][\/vc_column_inner][vc_column_inner width=&#8221;2\/3&#8243;][vc_column_text]Si deseas m\u00e1s informaci\u00f3n para ser una familia de acogimiento temporal, por favor, ll\u00e1manos o escr\u00edbenos v\u00eda whatsapp a nuestra l\u00ednea directa de AFT. Estaremos atendiendo todas tus inquietudes.<\/p>\n<p>N\u00famero telef\u00f3nico:<\/p>\n<p>4497 4040[\/vc_column_text][\/vc_column_inner][\/vc_row_inner][vc_empty_space][\/vc_column][\/vc_row][vc_row][vc_column width=&#8221;1\/2&#8243;][vc_custom_heading text=&#8221;Desinstitucionalizaci\u00f3n (DI)&#8221; use_theme_fonts=&#8221;yes&#8221;][vc_single_image image=&#8221;4458&#8243; img_size=&#8221;large&#8221; alignment=&#8221;center&#8221; css_animation=&#8221;bounceIn&#8221;][vc_separator][vc_empty_space][\/vc_column][vc_column width=&#8221;1\/2&#8243;][vc_column_text css_animation=&#8221;bounceInRight&#8221;]Apoyamos investigando y evaluando a familias de origen de ni\u00f1os, ni\u00f1as y adolescentes que se encuentran en un hogar de abrigo y protecci\u00f3n o en familia sustituta, para que pronto est\u00e9n de manera permanente con una familia estable.<\/p>\n<p>En Guatemala, el Consejo Nacional de Adopciones, public\u00f3 dentro de su Memoria de Labores, que, durante el a\u00f1o 2020, se contabilizaron 3,684 ni\u00f1os, ni\u00f1as y adolescentes, que encontraron resguardados en hogares de abrigo y protecci\u00f3n p\u00fablicos y privados, indicando que 2,131 son ni\u00f1as o adolescentes mujeres y 1,553 son ni\u00f1os o adolescentes hombres.<\/p>\n<p>Ante la cantidad de ni\u00f1ez y adolescencia que se encuentra desarroll\u00e1ndose fuera de una familia, Buckner Guatemala, se une a la labor investigativa, para que a trav\u00e9s de la ubicaci\u00f3n y evaluaci\u00f3n de familias de origen, pronto sean menos los ni\u00f1os y adolescentes que est\u00e1n siendo atendidos por una instituci\u00f3n, que si bien es especializada y realiza su mejor esfuerzo, su naturaleza es de car\u00e1cter temporal, debido a que, sus funciones no puede sustituir del todo el cuidado que brinda un n\u00facleo familiar estable.[\/vc_column_text][\/vc_column][\/vc_row][vc_row full_width=&#8221;stretch_row&#8221; css=&#8221;.vc_custom_1717021986256{background-color: #f1f7ff !important;background-position: center !important;background-repeat: no-repeat !important;background-size: cover !important;}&#8221;][vc_column][vc_custom_heading text=&#8221;Historia&#8221; font_container=&#8221;tag:h2|text_align:center&#8221; use_theme_fonts=&#8221;yes&#8221;][vc_separator color=&#8221;custom&#8221; accent_color=&#8221;#f2c037&#8243;][\/vc_column][\/vc_row][vc_row full_width=&#8221;stretch_row&#8221; css=&#8221;.vc_custom_1717021986256{background-color: #f1f7ff !important;background-position: center !important;background-repeat: no-repeat !important;background-size: cover !important;}&#8221;][vc_column width=&#8221;1\/2&#8243;][vc_column_text]A partir del a\u00f1o 2013 al mes de junio de 2015, Buckner Guatemala tuvo la oportunidad de realizar investigaciones para la ubicaci\u00f3n de familia para ni\u00f1os de 0 a 3 a\u00f1os. Incluyendo a sus hermanos, que se encontraban en un hogar de abrigo y protecci\u00f3n p\u00fablico, esto a trav\u00e9s del Programa: Semillas de Esperanza.<\/p>\n<p>Buckner Guatemala, continu\u00f3 con la labor de investigaci\u00f3n, extendiendo la edad de cobertura, hasta ni\u00f1os de 17 a\u00f1os.<\/p>\n<p>Gracias al trabajo de investigaci\u00f3n de recurso familiar realizado desde el a\u00f1o 2013 actualmente, se contin\u00faa realizando esta labor investigativa, con el objetivo claro de aportar, para que los ni\u00f1os, ni\u00f1as y adolescentes puedan, en el menor tiempo posible, estar dentro de una familia estable y permanente que brinde la solidez f\u00edsica y emocional para su desarrollo integral.[\/vc_column_text][\/vc_column][vc_column width=&#8221;1\/2&#8243;][vc_column_text]En coordinaci\u00f3n y con autorizaci\u00f3n de los actores clave dentro del sistema de protecci\u00f3n a ni\u00f1ez y adolescencia Buckner Guatemala, designa a un equipo profesionalizado para llevar a cabo la labor investigativa, coadyuvando as\u00ed, al trabajo que realiza Procuradur\u00eda General de la Nacional \u2014PGN\u2014 y los juzgados especializados en ni\u00f1ez y adolescencia a cargo del bienestar de los ni\u00f1os y adolescentes.<\/p>\n<p>Dentro de las labores coordinadas realizadas con la Procuradur\u00eda General de la Naci\u00f3n, a fin de beneficiar directa e indirectamente a ni\u00f1os y adolescentes que desafortunada e involuntariamente llegan al sistema de protecci\u00f3n, se han registrado las lecciones aprendidas que permitieron optimizar el apoyo en la labor investigativa para ubicaci\u00f3n de familia de origen, raz\u00f3n por la que, posteriormente se han tenido espacios de aprendizaje para el fortalecimiento y aporte a los equipos t\u00e9cnicos, responsables de la ubicaci\u00f3n y evaluaci\u00f3n de familia de origen.[\/vc_column_text][\/vc_column][\/vc_row]<\/p>\n<\/div>","protected":false},"excerpt":{"rendered":"<p>[vc_row full_width=&#8221;stretch_row&#8221; parallax=&#8221;content-moving&#8221; css=&#8221;.vc_custom_1717010960002{background-image: url(https:\/\/bucknergt.org\/wp-content\/uploads\/2024\/05\/Portada-Permanencia-2024.png?id=4441) !important;background-position: center;background-repeat: no-repeat !important;background-size: cover !important;}&#8221;][vc_column][vc_empty_space height=&#8221;30px&#8221;][vc_custom_heading text=&#8221;Nuestros programas&#8221; font_container=&#8221;tag:h1|text_align:center|color:%23ffffff&#8221;&#8230;<\/p>\n","protected":false},"author":1,"featured_media":0,"parent":538,"menu_order":0,"comment_status":"closed","ping_status":"closed","template":"","meta":{"footnotes":""},"class_list":["post-232","page","type-page","status-publish","hentry"],"_links":{"self":[{"href":"https:\/\/bucknergt.org\/index.php\/wp-json\/wp\/v2\/pages\/232","targetHints":{"allow":["GET"]}}],"collection":[{"href":"https:\/\/bucknergt.org\/index.php\/wp-json\/wp\/v2\/pages"}],"about":[{"href":"https:\/\/bucknergt.org\/index.php\/wp-json\/wp\/v2\/types\/page"}],"author":[{"embeddable":true,"href":"https:\/\/bucknergt.org\/index.php\/wp-json\/wp\/v2\/users\/1"}],"replies":[{"embeddable":true,"href":"https:\/\/bucknergt.org\/index.php\/wp-json\/wp\/v2\/comments?post=232"}],"version-history":[{"count":229,"href":"https:\/\/bucknergt.org\/index.php\/wp-json\/wp\/v2\/pages\/232\/revisions"}],"predecessor-version":[{"id":4455,"href":"https:\/\/bucknergt.org\/index.php\/wp-json\/wp\/v2\/pages\/232\/revisions\/4455"}],"up":[{"embeddable":true,"href":"https:\/\/bucknergt.org\/index.php\/wp-json\/wp\/v2\/pages\/538"}],"wp:attachment":[{"href":"https:\/\/bucknergt.org\/index.php\/wp-json\/wp\/v2\/media?parent=232"}],"curies":[{"name":"wp","href":"https:\/\/api.w.org\/{rel}","templated":true}]}}