{"id":1003,"date":"2018-03-16T21:05:53","date_gmt":"2018-03-16T21:05:53","guid":{"rendered":"https:\/\/bucknergt.org\/?page_id=1003"},"modified":"2024-10-10T21:56:30","modified_gmt":"2024-10-10T21:56:30","slug":"rendicion-de-cuentas","status":"publish","type":"page","link":"https:\/\/bucknergt.org\/index.php\/nosotros\/rendicion-de-cuentas\/","title":{"rendered":"Rendici\u00f3n de cuentas"},"content":{"rendered":"<div class=\"wpb-content-wrapper\"><p>[vc_row][vc_column][vc_empty_space height=&#8221;30px&#8221;][vc_single_image image=&#8221;1514&#8243; img_size=&#8221;full&#8221;][\/vc_column][\/vc_row][vc_row][vc_column][vc_empty_space height=&#8221;30px&#8221;][vc_custom_heading text=&#8221;Tus donaciones apoyan directamente al ministerio&#8221; use_theme_fonts=&#8221;yes&#8221;][\/vc_column][\/vc_row][vc_row][vc_column width=&#8221;2\/3&#8243;][vc_column_text]Buckner trabaja con personas impulsadas por la fe a llevar el ministerio redentor centrado en Cristo a los m\u00e1s vulnerables, desde el principio hasta el fin de la vida. Si est\u00e1s buscando su visi\u00f3n para una manera significativa de dar, te ofrecemos una variedad de oportunidades.<\/p>\n<p>Cultivamos y gestionamos, nacional e intencionalmente relaciones con donantes actuales y potenciales para asegurar y gestionar donaciones que apoyar\u00e1n nuestros ministerios restauradores, curativos y que mejoran vidas. Si quieres ser parte del trabajo transformador de Buckner apoyando nuestras iniciativas, considera donar hoy.<\/p>\n<p>Acreditaci\u00f3n de Buckner internacional; es una parte importante de la filosof\u00eda de donar. Es una gran validaci\u00f3n de fuentes independientes y muestra que mantenemos buenas pr\u00e1cticas con aquellos que eligen Buckner Internacional como su organizaci\u00f3n ben\u00e9fica de elecci\u00f3n.<\/p>\n<p>Buckner Internacional se convirti\u00f3 en miembro del Consejo Evang\u00e9lico para la Rendici\u00f3n de Cuentas Financiera en 2007. El ECFA es una agencia de acreditaci\u00f3n dedicada a ayudar a los ministerios cristianos a ganarse la confianza del p\u00fablico.[\/vc_column_text][\/vc_column][vc_column width=&#8221;1\/3&#8243;][vc_column_text]<\/p>\n<div class=\"fw-text-inner\">\n<nav class=\"page-nav\">\n<ul>\n<li class=\"who-we-are\" data-page-name=\"who-we-are\"><a href=\"https:\/\/bucknergt.org\/index.php\/nosotros\/quienes-somos\/\">Qui\u00e9nes somos<\/a><\/li>\n<li class=\"financial-accountability current active\" data-page-name=\"financial-accountability\"><a href=\"https:\/\/bucknergt.org\/index.php\/nosotros\/rendicion-de-cuentas\/\">Rendici\u00f3n de cuentas<\/a><\/li>\n<li class=\"leadership\" data-page-name=\"leadership\"><a href=\"https:\/\/bucknergt.org\/index.php\/nosotros\/liderazgo\/\">Liderazgo<\/a><\/li>\n<li class=\"careers\" data-page-name=\"careers\"><a href=\"https:\/\/bucknergt.org\/index.php\/carreras\/\">Oportunidades de empleo<\/a><\/li>\n<li class=\"contact-mirror\" data-page-name=\"contact-mirror\"><a href=\"https:\/\/bucknergt.org\/index.php\/contacto-direcciones\/\">Cont\u00e1ctanos<\/a><\/li>\n<li class=\"media-resource-center\" data-page-name=\"media-resource-center\"><a href=\"https:\/\/bucknergt.org\/index.php\/centro-de-recursos\/\">Centro de recursos<\/a><\/li>\n<li data-page-name=\"media-resource-center\"><a href=\"https:\/\/bucknergt.org\/index.php\/nosotros\/alianzas-estrategicas\/\">Alianzas estrat\u00e9gicas<\/a><\/li>\n<\/ul>\n<\/nav>\n<\/div>\n<p>[\/vc_column_text][\/vc_column][\/vc_row][vc_row][vc_column][vc_empty_space height=&#8221;30px&#8221;][vc_custom_heading text=&#8221;Declaraci\u00f3n de sellos que validan la acreditaci\u00f3n de Buckner Internacional.&#8221; font_container=&#8221;tag:h2|text_align:center&#8221; use_theme_fonts=&#8221;yes&#8221;][vc_row_inner][vc_column_inner width=&#8221;1\/6&#8243;][\/vc_column_inner][vc_column_inner width=&#8221;2\/3&#8243;][vc_single_image image=&#8221;2393&#8243; img_size=&#8221;full&#8221; alignment=&#8221;center&#8221;][\/vc_column_inner][vc_column_inner width=&#8221;1\/6&#8243;][\/vc_column_inner][\/vc_row_inner][\/vc_column][\/vc_row][vc_row][vc_column][vc_custom_heading text=&#8221;Memoria de labores&#8221; font_container=&#8221;tag:h4|text_align:center&#8221; use_theme_fonts=&#8221;yes&#8221;][vc_row_inner][vc_column_inner width=&#8221;1\/2&#8243;][vc_column_text]<\/p>\n<div id=\"column-633b29ace4575\" class=\"fw-col-sm-6 tf-sh-385d9230857bfa0c97bb849f337a0eb3\">\n<div class=\"fw-wrap-col-inner clearfix \">\n<div class=\"fw-col-inner\">\n<div class=\"fw-text-box tf-sh-6feabe646ddc51b6dee3576a3fe210bf \">\n<div class=\"fw-text-inner\">\n<p><a href=\"https:\/\/bucknergt.org\/wp-content\/uploads\/2022\/10\/Memoria-de-labores-2021.pdf\">Memoria de labores 2021<\/a><\/p>\n<p><a href=\"https:\/\/bucknergt.org\/wp-content\/uploads\/2024\/10\/Memoria-de-labores-2020-Buckner-GT-1.pdf\" target=\"_blank\" rel=\"noopener noreferrer\">Memoria de labores 2020<\/a><\/p>\n<p><a href=\"https:\/\/bucknergt.org\/wp-content\/uploads\/2021\/10\/MDL2019-.pdf\">Memoria de labores 2019<\/a><\/p>\n<\/div>\n<\/div>\n<div class=\"fw-text-box tf-sh-b52a288f8c1c7bb8cb58ccee31f198bc \">\n<div class=\"fw-text-inner\"><\/div>\n<\/div>\n<\/div>\n<\/div>\n<\/div>\n<p>[\/vc_column_text][\/vc_column_inner][vc_column_inner width=&#8221;1\/2&#8243;][vc_column_text]<\/p>\n<div id=\"column-633b29ace4575\" class=\"fw-col-sm-6 tf-sh-385d9230857bfa0c97bb849f337a0eb3\">\n<div class=\"fw-wrap-col-inner clearfix \">\n<div class=\"fw-col-inner\">\n<div class=\"fw-text-box tf-sh-6feabe646ddc51b6dee3576a3fe210bf \">\n<div class=\"fw-text-inner\">\n<div class=\"fw-text-box tf-sh-e2bd19bef49f919b66f18318d3d4e068 \">\n<div class=\"fw-text-inner\">\n<p><a href=\"https:\/\/bucknergt.org\/wp-content\/uploads\/2021\/08\/Memoria_de_labores_2018.pdf\" target=\"_blank\" rel=\"noopener noreferrer\">Memoria de labores 2018<\/a><\/p>\n<p><a href=\"https:\/\/bucknergt.org\/wp-content\/uploads\/2021\/08\/Memoria_de_Labores_2017.pdf\" target=\"_blank\" rel=\"noopener noreferrer\">Memoria de labores 2017<\/a><\/p>\n<\/div>\n<\/div>\n<\/div>\n<\/div>\n<div class=\"fw-text-box tf-sh-b52a288f8c1c7bb8cb58ccee31f198bc \">\n<div class=\"fw-text-inner\"><\/div>\n<\/div>\n<\/div>\n<\/div>\n<\/div>\n<p>[\/vc_column_text][\/vc_column_inner][\/vc_row_inner][vc_empty_space height=&#8221;30px&#8221;][\/vc_column][\/vc_row][vc_row][vc_column][vc_separator][vc_custom_heading text=&#8221;\u00a1Conoce m\u00e1s de nuestras historias edificantes y c\u00f3mo hacer brillar la esperanza en Guatemala y alrededor del mundo!&#8221; font_container=&#8221;tag:h4|text_align:center&#8221; use_theme_fonts=&#8221;yes&#8221;][vc_empty_space height=&#8221;30px&#8221;][vc_row_inner css=&#8221;.vc_custom_1691644005185{padding-top: 5% !important;padding-right: 5% !important;padding-bottom: 5% !important;padding-left: 5% !important;background-color: #f1f7ff !important;}&#8221;][vc_column_inner][vc_column_text]<\/p>\n<p style=\"text-align: center;\">Estamos muy contentos de compartir contigo las maneras en que se puede hacer brillar la esperanza en ni\u00f1os y familias en Guatemala y alrededor del mundo. Te invitamos a que te mantengas en contacto con nosotros, para que crezcamos juntos en la fe.<\/p>\n<p style=\"text-align: center;\">Haz clic a continuaci\u00f3n, para obtener las \u00faltimas noticias, historias, actualizaciones e invitaciones a eventos exclusivos de Buckner.<\/p>\n<p>[\/vc_column_text][vc_custom_heading text=&#8221;\u00a1No encontrar\u00e1s estas historias y recursos en ning\u00fan otro lugar!&#8221; font_container=&#8221;tag:h5|text_align:center&#8221; use_theme_fonts=&#8221;yes&#8221;][vc_empty_space][vc_btn title=&#8221;Obtener actualizaciones aqu\u00ed&#8221; color=&#8221;warning&#8221; align=&#8221;center&#8221; link=&#8221;url:https%3A%2F%2Fbucknergt.org%2Findex.php%2Fcontacto-mail-2%2F|title:Contacto%20mail&#8221;][\/vc_column_inner][\/vc_row_inner][\/vc_column][\/vc_row]<\/p>\n<\/div>","protected":false},"excerpt":{"rendered":"<p>[vc_row][vc_column][vc_empty_space height=&#8221;30px&#8221;][vc_single_image image=&#8221;1514&#8243; img_size=&#8221;full&#8221;][\/vc_column][\/vc_row][vc_row][vc_column][vc_empty_space height=&#8221;30px&#8221;][vc_custom_heading text=&#8221;Tus donaciones apoyan directamente al ministerio&#8221; use_theme_fonts=&#8221;yes&#8221;][\/vc_column][\/vc_row][vc_row][vc_column width=&#8221;2\/3&#8243;][vc_column_text]Buckner trabaja con&#8230;<\/p>\n","protected":false},"author":1,"featured_media":0,"parent":483,"menu_order":0,"comment_status":"closed","ping_status":"closed","template":"","meta":{"footnotes":""},"class_list":["post-1003","page","type-page","status-publish","hentry"],"_links":{"self":[{"href":"https:\/\/bucknergt.org\/index.php\/wp-json\/wp\/v2\/pages\/1003","targetHints":{"allow":["GET"]}}],"collection":[{"href":"https:\/\/bucknergt.org\/index.php\/wp-json\/wp\/v2\/pages"}],"about":[{"href":"https:\/\/bucknergt.org\/index.php\/wp-json\/wp\/v2\/types\/page"}],"author":[{"embeddable":true,"href":"https:\/\/bucknergt.org\/index.php\/wp-json\/wp\/v2\/users\/1"}],"replies":[{"embeddable":true,"href":"https:\/\/bucknergt.org\/index.php\/wp-json\/wp\/v2\/comments?post=1003"}],"version-history":[{"count":62,"href":"https:\/\/bucknergt.org\/index.php\/wp-json\/wp\/v2\/pages\/1003\/revisions"}],"predecessor-version":[{"id":4674,"href":"https:\/\/bucknergt.org\/index.php\/wp-json\/wp\/v2\/pages\/1003\/revisions\/4674"}],"up":[{"embeddable":true,"href":"https:\/\/bucknergt.org\/index.php\/wp-json\/wp\/v2\/pages\/483"}],"wp:attachment":[{"href":"https:\/\/bucknergt.org\/index.php\/wp-json\/wp\/v2\/media?parent=1003"}],"curies":[{"name":"wp","href":"https:\/\/api.w.org\/{rel}","templated":true}]}}